{"id":27567,"date":"2022-09-05T16:56:19","date_gmt":"2022-09-05T20:56:19","guid":{"rendered":"https:\/\/www.cancerresearch.org\/maneras-de-colaborar"},"modified":"2023-08-09T19:26:28","modified_gmt":"2023-08-09T23:26:28","slug":"maneras-de-colaborar","status":"publish","type":"page","link":"https:\/\/www.cancerresearch.org\/es\/maneras-de-colaborar","title":{"rendered":"Maneras de colaborar"},"content":{"rendered":"<section id=\"section-block_8f2a552d536c98141da619ce7e8879dd\" class=\"section-block bg-type-solid block-anchor-nav border-bottom-none wp-block-acf-block-section\">\n  \n    \n  <div class=\"is-layout-constrained section-inner\">\n\n<div class=\"wp-block-columns is-layout-flex wp-container-core-columns-is-layout-28f84493 wp-block-columns-is-layout-flex\">\n<div class=\"wp-block-column has-global-padding is-layout-constrained wp-container-core-column-is-layout-aae52aff wp-block-column-is-layout-constrained\">\n<div class=\"wp-block-columns are-vertically-aligned-center is-layout-flex wp-container-core-columns-is-layout-28f84493 wp-block-columns-is-layout-flex\">\n<div class=\"wp-block-column is-vertically-aligned-center is-layout-flow wp-block-column-is-layout-flow\" style=\"flex-basis:80%\">\n<h2 class=\"wp-block-heading\" style=\"margin-bottom:5px\">Haga una donaci\u00f3n ahora<\/h2>\n\n\n\n<p>Ayude a acabar con el miedo al c\u00e1ncer. Pase a la acci\u00f3n, haga hoy su donaci\u00f3n y salve vidas.<\/p>\n<\/div>\n\n\n\n<div class=\"wp-block-column is-vertically-aligned-center is-layout-flow wp-block-column-is-layout-flow\" style=\"flex-basis:20%\"><\/div>\n<\/div>\n<\/div>\n<\/div>\n\n<\/div>\n<\/section>\n\n\n\n<section id=\"section-block_5f7a780e822695e78234f91bac362b92\" class=\"section-block bg-type-solid wp-block-acf-block-section\">\n  \n    \n  <div class=\"is-layout-constrained section-inner\">\n\n<div class=\"wp-block-columns is-layout-flex wp-container-core-columns-is-layout-28f84493 wp-block-columns-is-layout-flex\">\n<div class=\"wp-block-column is-layout-flow wp-block-column-is-layout-flow\">\n<h2 class=\"wp-block-heading has-dark-purple-color has-text-color has-xxx-large-font-size\" style=\"margin-bottom:40px\">Maneras de colaborar<\/h2>\n\n\n\n\n\n\n\n\n\n\n\n\n\n\n\n\n\n\n\n\n\n\n\n\n\n\n\n\n\n<div style=\"height:15px\" aria-hidden=\"true\" class=\"wp-block-spacer\"><\/div>\n\n\n\n\n\n<h2 class=\"wp-block-heading has-medium-large-font-size\">Preguntas frecuentes<\/h2>\n\n\n\n\n<p>Puede donar cualquier persona que tenga inter\u00e9s en colaborar con los avances en la lucha contra el c\u00e1ncer. Las personas f\u00edsicas pueden <a href=\"https:\/\/www.cancerresearch.org\/es\/maneras-de-colaborar\">hacer donaciones en efectivo<\/a> y tambi\u00e9n incluir al CRI en su <a href=\"https:\/\/www.cancerresearch.org\/es\/deje-un-legado\">planificaci\u00f3n testamentaria o en donaciones programadas<\/a>. <a href=\"https:\/\/www.cancerresearch.org\/join-the-cause\/partnerships\">Las empresas<\/a> y fundaciones tambi\u00e9n pueden hacer donaciones.<\/p>\n\n\n\n\n\n<p>El CRI es una organizaci\u00f3n ben\u00e9fica 501(c)(3) por lo que, de conformidad con la ley, las donaciones son deducibles de impuestos federales o estatales. Las <a href=\"https:\/\/www.cancerresearch.org\/es\/deje-un-legado\">donaciones programadas<\/a>, que pueden ser herencias y donaciones anuales, tambi\u00e9n pueden ofrecer otros beneficios fiscales o financieros.<\/p>\n\n\n\n<p>En 2020, los contribuyentes estadounidenses podr\u00e1n beneficiarse de los nuevos incentivos para donaciones ben\u00e9ficas previstos en la ley CARES (Ley de ayuda, alivio y seguridad econ\u00f3mica por coronavirus). Los contribuyentes que no detallen sus declaraciones de impuestos podr\u00e1n recibir una deducci\u00f3n fiscal de hasta 300 d\u00f3lares por donaciones en efectivo a organizaciones sin fines de lucro 501(c)(3). Los contribuyentes que s\u00ed detallen sus declaraciones ahora pueden deducir hasta el 100&nbsp;% de su ingreso bruto ajustado (AGI) por donaciones en efectivo. Las empresas pueden deducir ahora hasta el 25&nbsp;% de sus ingresos imponibles. Consulte a su asesor fiscal para obtener m\u00e1s informaci\u00f3n.<\/p>\n\n\n\n\n\n<p>A trav\u00e9s de sus programas estrat\u00e9gicos, el CRI coordina iniciativas mundiales para que los pacientes de c\u00e1ncer puedan acceder m\u00e1s r\u00e1pidamente a tratamientos basados en la respuesta inmunitaria. Dado que la inmunoterapia se aplica al tratamiento de casi todos los tipos de c\u00e1ncer, el apoyo de los donantes incide significativamente en la vida de m\u00e1s pacientes con c\u00e1ncer. Nos enorgullece tener uno de los \u00edndices de gastos generales m\u00e1s bajos de entre las organizaciones sin fines de lucro. Hist\u00f3ricamente, entre 85 y 90 centavos de cada d\u00f3lar que recibimos de donaciones se destina a nuestros programas de investigaci\u00f3n y educaci\u00f3n m\u00e9dica.<\/p>\n\n\n\n\n\n<p><a href=\"https:\/\/www.cancerresearch.org\/es?page_id=22779\">De manera sistem\u00e1tica obtenemos altas calificaciones de las organizaciones de vigilancia de instituciones de beneficencia<\/a>, incluida una A o superior del Instituto Americano de Filantrop\u00eda. Tambi\u00e9n tenemos el orgullo de ser miembros de &nbsp;<a href=\"https:\/\/give.org\/charity-reviews\/national\/cancer\/cancer-research-institute-in-new-york-ny-3693\">Better Business Bureau Wise Giving Alliance<\/a>, la organizaci\u00f3n evaluadora de actividades ben\u00e9ficas m\u00e1s rigurosa, que se rige por 20 normas de responsabilidad y pr\u00e1ctica \u00e9tica. Obtuvimos <a href=\"https:\/\/www.charitynavigator.org\/index.cfm?bay=search.summary&amp;orgid=3417\">4 de 4 estrellas de Charity Navigator<\/a>, la organizaci\u00f3n evaluadora de actividades ben\u00e9ficas m\u00e1s importante y m\u00e1s utilizada del pa\u00eds; una <a href=\"https:\/\/www.charitywatch.org\/ratings-and-metrics\/cancer-research-institute\/123\">A de Charity Watch<\/a> y un <a href=\"https:\/\/www.guidestar.org\/profile\/13-1837442\">Sello de participante platino de GuideStar<\/a>.<\/p>\n\n<\/div>\n<\/div>\n\n<\/div>\n<\/section>\n\n<section id=\"section-block_afc792e905f8f1fead3a917fa7ecfaa6\" class=\"section-block bg-type-image wp-block-acf-block-section\">\n      <picture class=\"bg-object\">\n            \n      <img loading=\"lazy\" decoding=\"async\" style=\"\" class=\"bg-image\" src=\"https:\/\/www.cancerresearch.org\/wp-content\/uploads\/2022\/09\/bg-donate-ribbon-scaled.jpg\" alt=\"\" width=\"2560\" height=\"391\">\n    <\/picture>\n  \n    \n  <div class=\"is-layout-constrained section-inner\">\n\n<div class=\"wp-block-columns is-layout-flex wp-container-core-columns-is-layout-28f84493 wp-block-columns-is-layout-flex\">\n<div class=\"wp-block-column is-layout-flow wp-block-column-is-layout-flow\" style=\"flex-basis:723px\">\n<h2 class=\"wp-block-heading has-dark-purple-color has-text-color has-x-large-font-size\">Bring to Life More Cures, Together<\/h2>\n\n\n\n<p class=\"has-dark-purple-color has-text-color has-medium-large-font-size\" style=\"font-style:normal;font-weight:500\">Become part of CRI\u2019s mission to create a <br>world immune to cancer<\/p>\n\n\n<\/div>\n<\/div>\n\n<\/div>\n<\/section>","protected":false},"excerpt":{"rendered":"","protected":false},"author":1,"featured_media":23664,"parent":0,"menu_order":56,"comment_status":"closed","ping_status":"closed","template":"","meta":{"_acf_changed":false,"inline_featured_image":false,"_cri_header_bg_color":"","footnotes":""},"resource_cancer_types":[],"resource_patient_age":[],"resource_cancer_stage":[],"resource_treatment_type":[],"resource_treatment_status":[],"class_list":["post-27567","page","type-page","status-publish","has-post-thumbnail","hentry"],"acf":[],"yoast_head":"<!-- This site is optimized with the Yoast SEO plugin v26.8 - https:\/\/yoast.com\/product\/yoast-seo-wordpress\/ -->\n<title>Donaci\u00f3n para la investigaci\u00f3n sobre el c\u00e1ncer - Cancer Research Institute<\/title>\n<meta name=\"description\" content=\"Formas de colaborar con la investigaci\u00f3n para la cura del c\u00e1ncer y los avances en los tratamientos con inmunoterapia.\" \/>\n<meta name=\"robots\" content=\"index, follow, max-snippet:-1, max-image-preview:large, max-video-preview:-1\" \/>\n<link rel=\"canonical\" href=\"https:\/\/www.cancerresearch.org\/es\/maneras-de-colaborar\" \/>\n<meta property=\"og:locale\" content=\"es_ES\" \/>\n<meta property=\"og:type\" content=\"article\" \/>\n<meta property=\"og:title\" content=\"Donaci\u00f3n para la investigaci\u00f3n sobre el c\u00e1ncer - Cancer Research Institute\" \/>\n<meta property=\"og:description\" content=\"Formas de colaborar con la investigaci\u00f3n para la cura del c\u00e1ncer y los avances en los tratamientos con inmunoterapia.\" \/>\n<meta property=\"og:url\" content=\"https:\/\/www.cancerresearch.org\/es\/maneras-de-colaborar\" \/>\n<meta property=\"og:site_name\" content=\"Cancer Research Institute\" \/>\n<meta property=\"article:modified_time\" content=\"2023-08-09T23:26:28+00:00\" \/>\n<meta property=\"og:image\" content=\"https:\/\/www.cancerresearch.org\/wp-content\/uploads\/2022\/09\/GettyImages-1318003022.jpg\" \/>\n\t<meta property=\"og:image:width\" content=\"808\" \/>\n\t<meta property=\"og:image:height\" content=\"590\" \/>\n\t<meta property=\"og:image:type\" content=\"image\/jpeg\" \/>\n<meta name=\"twitter:card\" content=\"summary_large_image\" \/>\n<meta name=\"twitter:label1\" content=\"Tiempo de lectura\" \/>\n\t<meta name=\"twitter:data1\" content=\"2 minutos\" \/>\n<script type=\"application\/ld+json\" class=\"yoast-schema-graph\">{\"@context\":\"https:\/\/schema.org\",\"@graph\":[{\"@type\":\"WebPage\",\"@id\":\"https:\/\/www.cancerresearch.org\/es\/maneras-de-colaborar\",\"url\":\"https:\/\/www.cancerresearch.org\/es\/maneras-de-colaborar\",\"name\":\"Donaci\u00f3n para la investigaci\u00f3n sobre el c\u00e1ncer - Cancer Research Institute\",\"isPartOf\":{\"@id\":\"https:\/\/www.cancerresearch.org\/#website\"},\"primaryImageOfPage\":{\"@id\":\"https:\/\/www.cancerresearch.org\/es\/maneras-de-colaborar#primaryimage\"},\"image\":{\"@id\":\"https:\/\/www.cancerresearch.org\/es\/maneras-de-colaborar#primaryimage\"},\"thumbnailUrl\":\"https:\/\/www.cancerresearch.org\/wp-content\/uploads\/2022\/09\/GettyImages-1318003022.jpg\",\"datePublished\":\"2022-09-05T20:56:19+00:00\",\"dateModified\":\"2023-08-09T23:26:28+00:00\",\"description\":\"Formas de colaborar con la investigaci\u00f3n para la cura del c\u00e1ncer y los avances en los tratamientos con inmunoterapia.\",\"breadcrumb\":{\"@id\":\"https:\/\/www.cancerresearch.org\/es\/maneras-de-colaborar#breadcrumb\"},\"inLanguage\":\"es\",\"potentialAction\":[{\"@type\":\"ReadAction\",\"target\":[\"https:\/\/www.cancerresearch.org\/es\/maneras-de-colaborar\"]}]},{\"@type\":\"ImageObject\",\"inLanguage\":\"es\",\"@id\":\"https:\/\/www.cancerresearch.org\/es\/maneras-de-colaborar#primaryimage\",\"url\":\"https:\/\/www.cancerresearch.org\/wp-content\/uploads\/2022\/09\/GettyImages-1318003022.jpg\",\"contentUrl\":\"https:\/\/www.cancerresearch.org\/wp-content\/uploads\/2022\/09\/GettyImages-1318003022.jpg\",\"width\":808,\"height\":590,\"caption\":\"Person exchanges a car fob with another person through a car window\"},{\"@type\":\"BreadcrumbList\",\"@id\":\"https:\/\/www.cancerresearch.org\/es\/maneras-de-colaborar#breadcrumb\",\"itemListElement\":[{\"@type\":\"ListItem\",\"position\":1,\"name\":\"Home\",\"item\":\"https:\/\/www.cancerresearch.org\/es\"},{\"@type\":\"ListItem\",\"position\":2,\"name\":\"Maneras de colaborar\"}]},{\"@type\":\"WebSite\",\"@id\":\"https:\/\/www.cancerresearch.org\/#website\",\"url\":\"https:\/\/www.cancerresearch.org\/\",\"name\":\"Cancer Research Institute\",\"description\":\"For a World Immune to Cancer\",\"publisher\":{\"@id\":\"https:\/\/www.cancerresearch.org\/#organization\"},\"potentialAction\":[{\"@type\":\"SearchAction\",\"target\":{\"@type\":\"EntryPoint\",\"urlTemplate\":\"https:\/\/www.cancerresearch.org\/?s={search_term_string}\"},\"query-input\":{\"@type\":\"PropertyValueSpecification\",\"valueRequired\":true,\"valueName\":\"search_term_string\"}}],\"inLanguage\":\"es\"},{\"@type\":\"Organization\",\"@id\":\"https:\/\/www.cancerresearch.org\/#organization\",\"name\":\"Cancer Research Institute\",\"url\":\"https:\/\/www.cancerresearch.org\/\",\"logo\":{\"@type\":\"ImageObject\",\"inLanguage\":\"es\",\"@id\":\"https:\/\/www.cancerresearch.org\/#\/schema\/logo\/image\/\",\"url\":\"https:\/\/www.cancerresearch.org\/wp-content\/uploads\/2025\/05\/logo-gradient.svg\",\"contentUrl\":\"https:\/\/www.cancerresearch.org\/wp-content\/uploads\/2025\/05\/logo-gradient.svg\",\"width\":156,\"height\":53,\"caption\":\"Cancer Research Institute\"},\"image\":{\"@id\":\"https:\/\/www.cancerresearch.org\/#\/schema\/logo\/image\/\"}}]}<\/script>\n<!-- \/ Yoast SEO plugin. -->","yoast_head_json":{"title":"Donaci\u00f3n para la investigaci\u00f3n sobre el c\u00e1ncer - Cancer Research Institute","description":"Formas de colaborar con la investigaci\u00f3n para la cura del c\u00e1ncer y los avances en los tratamientos con inmunoterapia.","robots":{"index":"index","follow":"follow","max-snippet":"max-snippet:-1","max-image-preview":"max-image-preview:large","max-video-preview":"max-video-preview:-1"},"canonical":"https:\/\/www.cancerresearch.org\/es\/maneras-de-colaborar","og_locale":"es_ES","og_type":"article","og_title":"Donaci\u00f3n para la investigaci\u00f3n sobre el c\u00e1ncer - Cancer Research Institute","og_description":"Formas de colaborar con la investigaci\u00f3n para la cura del c\u00e1ncer y los avances en los tratamientos con inmunoterapia.","og_url":"https:\/\/www.cancerresearch.org\/es\/maneras-de-colaborar","og_site_name":"Cancer Research Institute","article_modified_time":"2023-08-09T23:26:28+00:00","og_image":[{"width":808,"height":590,"url":"https:\/\/www.cancerresearch.org\/wp-content\/uploads\/2022\/09\/GettyImages-1318003022.jpg","type":"image\/jpeg"}],"twitter_card":"summary_large_image","twitter_misc":{"Tiempo de lectura":"2 minutos"},"schema":{"@context":"https:\/\/schema.org","@graph":[{"@type":"WebPage","@id":"https:\/\/www.cancerresearch.org\/es\/maneras-de-colaborar","url":"https:\/\/www.cancerresearch.org\/es\/maneras-de-colaborar","name":"Donaci\u00f3n para la investigaci\u00f3n sobre el c\u00e1ncer - Cancer Research Institute","isPartOf":{"@id":"https:\/\/www.cancerresearch.org\/#website"},"primaryImageOfPage":{"@id":"https:\/\/www.cancerresearch.org\/es\/maneras-de-colaborar#primaryimage"},"image":{"@id":"https:\/\/www.cancerresearch.org\/es\/maneras-de-colaborar#primaryimage"},"thumbnailUrl":"https:\/\/www.cancerresearch.org\/wp-content\/uploads\/2022\/09\/GettyImages-1318003022.jpg","datePublished":"2022-09-05T20:56:19+00:00","dateModified":"2023-08-09T23:26:28+00:00","description":"Formas de colaborar con la investigaci\u00f3n para la cura del c\u00e1ncer y los avances en los tratamientos con inmunoterapia.","breadcrumb":{"@id":"https:\/\/www.cancerresearch.org\/es\/maneras-de-colaborar#breadcrumb"},"inLanguage":"es","potentialAction":[{"@type":"ReadAction","target":["https:\/\/www.cancerresearch.org\/es\/maneras-de-colaborar"]}]},{"@type":"ImageObject","inLanguage":"es","@id":"https:\/\/www.cancerresearch.org\/es\/maneras-de-colaborar#primaryimage","url":"https:\/\/www.cancerresearch.org\/wp-content\/uploads\/2022\/09\/GettyImages-1318003022.jpg","contentUrl":"https:\/\/www.cancerresearch.org\/wp-content\/uploads\/2022\/09\/GettyImages-1318003022.jpg","width":808,"height":590,"caption":"Person exchanges a car fob with another person through a car window"},{"@type":"BreadcrumbList","@id":"https:\/\/www.cancerresearch.org\/es\/maneras-de-colaborar#breadcrumb","itemListElement":[{"@type":"ListItem","position":1,"name":"Home","item":"https:\/\/www.cancerresearch.org\/es"},{"@type":"ListItem","position":2,"name":"Maneras de colaborar"}]},{"@type":"WebSite","@id":"https:\/\/www.cancerresearch.org\/#website","url":"https:\/\/www.cancerresearch.org\/","name":"Cancer Research Institute","description":"For a World Immune to Cancer","publisher":{"@id":"https:\/\/www.cancerresearch.org\/#organization"},"potentialAction":[{"@type":"SearchAction","target":{"@type":"EntryPoint","urlTemplate":"https:\/\/www.cancerresearch.org\/?s={search_term_string}"},"query-input":{"@type":"PropertyValueSpecification","valueRequired":true,"valueName":"search_term_string"}}],"inLanguage":"es"},{"@type":"Organization","@id":"https:\/\/www.cancerresearch.org\/#organization","name":"Cancer Research Institute","url":"https:\/\/www.cancerresearch.org\/","logo":{"@type":"ImageObject","inLanguage":"es","@id":"https:\/\/www.cancerresearch.org\/#\/schema\/logo\/image\/","url":"https:\/\/www.cancerresearch.org\/wp-content\/uploads\/2025\/05\/logo-gradient.svg","contentUrl":"https:\/\/www.cancerresearch.org\/wp-content\/uploads\/2025\/05\/logo-gradient.svg","width":156,"height":53,"caption":"Cancer Research Institute"},"image":{"@id":"https:\/\/www.cancerresearch.org\/#\/schema\/logo\/image\/"}}]}},"_links":{"self":[{"href":"https:\/\/www.cancerresearch.org\/es\/wp-json\/wp\/v2\/pages\/27567","targetHints":{"allow":["GET"]}}],"collection":[{"href":"https:\/\/www.cancerresearch.org\/es\/wp-json\/wp\/v2\/pages"}],"about":[{"href":"https:\/\/www.cancerresearch.org\/es\/wp-json\/wp\/v2\/types\/page"}],"author":[{"embeddable":true,"href":"https:\/\/www.cancerresearch.org\/es\/wp-json\/wp\/v2\/users\/1"}],"replies":[{"embeddable":true,"href":"https:\/\/www.cancerresearch.org\/es\/wp-json\/wp\/v2\/comments?post=27567"}],"version-history":[{"count":0,"href":"https:\/\/www.cancerresearch.org\/es\/wp-json\/wp\/v2\/pages\/27567\/revisions"}],"wp:featuredmedia":[{"embeddable":true,"href":"https:\/\/www.cancerresearch.org\/es\/wp-json\/wp\/v2\/media\/23664"}],"wp:attachment":[{"href":"https:\/\/www.cancerresearch.org\/es\/wp-json\/wp\/v2\/media?parent=27567"}],"wp:term":[{"taxonomy":"resource_cancer_types","embeddable":true,"href":"https:\/\/www.cancerresearch.org\/es\/wp-json\/wp\/v2\/resource_cancer_types?post=27567"},{"taxonomy":"resource_patient_age","embeddable":true,"href":"https:\/\/www.cancerresearch.org\/es\/wp-json\/wp\/v2\/resource_patient_age?post=27567"},{"taxonomy":"resource_cancer_stage","embeddable":true,"href":"https:\/\/www.cancerresearch.org\/es\/wp-json\/wp\/v2\/resource_cancer_stage?post=27567"},{"taxonomy":"resource_treatment_type","embeddable":true,"href":"https:\/\/www.cancerresearch.org\/es\/wp-json\/wp\/v2\/resource_treatment_type?post=27567"},{"taxonomy":"resource_treatment_status","embeddable":true,"href":"https:\/\/www.cancerresearch.org\/es\/wp-json\/wp\/v2\/resource_treatment_status?post=27567"}],"curies":[{"name":"wp","href":"https:\/\/api.w.org\/{rel}","templated":true}]}}