{"id":27563,"date":"2022-09-05T18:39:59","date_gmt":"2022-09-05T22:39:59","guid":{"rendered":"https:\/\/www.cancerresearch.org\/nuestra-mision"},"modified":"2023-08-09T19:05:36","modified_gmt":"2023-08-09T23:05:36","slug":"nuestra-mision","status":"publish","type":"page","link":"https:\/\/www.cancerresearch.org\/es\/nuestra-mision","title":{"rendered":"Nuestra misi\u00f3n"},"content":{"rendered":"<section id=\"section-block_83a641df24191e5b3414668c85100667\" class=\"section-block bg-type-image pattern-section-hero wp-block-acf-block-section\">\n      <picture class=\"bg-object\">\n            \n      <img loading=\"lazy\" decoding=\"async\" style=\"\" class=\"bg-image\" src=\"https:\/\/www.cancerresearch.org\/wp-content\/uploads\/2022\/09\/hero-our-mission-1-scaled.jpg\" alt=\"\" width=\"2560\" height=\"1301\">\n    <\/picture>\n  \n    \n  <div class=\"is-layout-constrained section-inner\">\n\n<div class=\"wp-block-columns is-layout-flex wp-container-core-columns-is-layout-28f84493 wp-block-columns-is-layout-flex\">\n<div class=\"wp-block-column is-layout-flow wp-block-column-is-layout-flow\" style=\"flex-basis:515px\">\n\n\n<h1 class=\"wp-block-heading has-white-color has-text-color has-top-level-hero-font-size\">Por un mundo inmune al c\u00e1ncer<\/h1>\n\n\n\n<p class=\"has-white-color has-text-color has-x-large-font-size\"><strong>Nuestra misi\u00f3n: impulsar el descubrimiento y el desarrollo de inmunoterapias eficaces para todos los tipos de c\u00e1ncer y salvar m\u00e1s vidas.<\/strong><\/p>\n\n\n\n<div style=\"height:15px\" aria-hidden=\"true\" class=\"wp-block-spacer\"><\/div>\n<\/div>\n<\/div>\n\n<\/div>\n<\/section>\n\n<section id=\"section-block_42d01a71032134a34f8196a00f635cdc\" class=\"section-block bg-type-image wp-block-acf-block-section\">\n      <picture class=\"bg-object\">\n            \n      <img loading=\"lazy\" decoding=\"async\" style=\"\" class=\"bg-image\" src=\"https:\/\/www.cancerresearch.org\/wp-content\/uploads\/2022\/09\/bg-dots-1.png\" alt=\"\" width=\"2880\" height=\"1618\">\n    <\/picture>\n  \n    \n  <div class=\"is-layout-constrained section-inner\">\n\n<\/div>\n<\/section>\n\n<section id=\"section-block_6c56e34fb5442936a3d021fa65e34155\" class=\"section-block bg-type-solid wp-block-acf-block-section\">\n  \n    \n  <div class=\"is-layout-constrained section-inner\">\n\n<div class=\"wp-block-columns are-vertically-aligned-center padding-horz-sm-0 is-layout-flex wp-container-core-columns-is-layout-585d7a25 wp-block-columns-is-layout-flex\" style=\"padding-right:20%;padding-left:20%\">\n<div class=\"wp-block-column is-vertically-aligned-center is-layout-flow wp-block-column-is-layout-flow\" style=\"flex-basis:71%\">\n<p class=\"has-white-color has-text-color has-medium-large-font-size\">Apoye nuestro trabajo para curar definitivamente todos los tipos de c\u00e1ncer.<\/p>\n<\/div>\n\n\n\n<div class=\"wp-block-column is-vertically-aligned-center is-layout-flow wp-block-column-is-layout-flow\" style=\"flex-basis:29%\"><\/div>\n<\/div>\n\n<\/div>\n<\/section>\n\n<section id=\"section-block_e29c378466dfae71f59789342d4c6f49\" class=\"section-block bg-type-solid wp-block-acf-block-section\">\n  \n    \n  <div class=\"is-layout-constrained section-inner\">\n\n<div class=\"wp-block-columns is-layout-flex wp-container-core-columns-is-layout-28f84493 wp-block-columns-is-layout-flex\">\n<div class=\"wp-block-column is-layout-flow wp-block-column-is-layout-flow\">\n\n\n<h2 class=\"wp-block-heading has-xxx-large-font-size\"><strong>Vea nuestra historia y \u00fanase a nuestra misi\u00f3n<\/strong><\/h2>\n\n\n\n<figure class=\"wp-block-video\"><video height=\"1080\" style=\"aspect-ratio: 1920 \/ 1080;\" width=\"1920\" controls poster=\"https:\/\/www.cancerresearch.org\/wp-content\/uploads\/2022\/10\/CRI-Video-Poster.jpg\" src=\"https:\/\/www.cancerresearch.org\/wp-content\/uploads\/2022\/10\/CRI-Brand-Impact-2022-final-cut-10.11.mp4\"><\/video><\/figure>\n<\/div>\n<\/div>\n\n<\/div>\n<\/section>\n\n<section id=\"section-block_4501be0b619dcc6e6398dc9624c1f223\" class=\"section-block bg-type-parallax wp-block-acf-block-section\">\n  \n    \n  <div class=\"is-layout-constrained section-inner\">\n\n<div class=\"wp-block-columns is-layout-flex wp-container-core-columns-is-layout-28f84493 wp-block-columns-is-layout-flex\">\n<div class=\"wp-block-column is-layout-flow wp-block-column-is-layout-flow\">\n<figure class=\"wp-block-image size-large\"><img loading=\"lazy\" decoding=\"async\" width=\"1024\" height=\"936\" src=\"https:\/\/www.cancerresearch.org\/wp-content\/uploads\/2022\/09\/cell-1024x936.png\" alt=\"Stylized image of a cancer cell\" class=\"wp-image-23328\" srcset=\"https:\/\/www.cancerresearch.org\/wp-content\/uploads\/2022\/09\/cell-1024x936.png 1024w, https:\/\/www.cancerresearch.org\/wp-content\/uploads\/2022\/09\/cell-300x274.png 300w, https:\/\/www.cancerresearch.org\/wp-content\/uploads\/2022\/09\/cell-768x702.png 768w, https:\/\/www.cancerresearch.org\/wp-content\/uploads\/2022\/09\/cell.png 1400w\" sizes=\"auto, (max-width: 1024px) 100vw, 1024px\" \/><\/figure>\n<\/div>\n\n\n\n<div class=\"wp-block-column is-layout-flow wp-block-column-is-layout-flow\">\n\n\n<h2 class=\"wp-block-heading has-white-color has-text-color has-xxx-large-font-size\">Avances m\u00e1s que innovadores<\/h2>\n\n\n\n\n\n<p class=\"has-white-color has-text-color has-large-font-size\" style=\"font-style:normal;font-weight:500\">La respuesta al c\u00e1ncer est\u00e1 dentro de cada uno de nosotros, en nuestro sistema inmunitario.<\/p>\n\n\n\n<p class=\"has-white-color has-text-color\">Nuevos avances cient\u00edficos revelan que el sistema inmunitario tiene la capacidad de buscar y destruir c\u00e9lulas cancerosas en cualquier parte del cuerpo. Las inmunoterapias son un nuevo tipo de tratamiento del c\u00e1ncer que movilizan al sistema inmunitario y lo preparan para quebrar las defensas del c\u00e1ncer. Como resultado, millones de pacientes de c\u00e1ncer en el mundo tienen ahora m\u00e1s opciones de tratamiento, m\u00e1s esperanzas y m\u00e1s posibilidades de vivir una vida m\u00e1s larga.<\/p>\n\n\n\n\n\n\n\n<p class=\"has-white-color has-text-color has-large-font-size\"><strong>Inmunoterapia: un tratamiento totalmente diferente<\/strong><\/p>\n\n\n\n<p class=\"has-white-color has-text-color\">Tras d\u00e9cadas de investigaci\u00f3n cient\u00edfica, se encontraron numerosas maneras de tratar e incluso curar algunos de los tipos de c\u00e1ncer m\u00e1s agresivos y de mayor prevalencia.La quimioterapia y la radioterapia act\u00faan directamente en las c\u00e9lulas cancerosas, pero tambi\u00e9n pueden da\u00f1ar las c\u00e9lulas sanas. La actividad terap\u00e9utica de esos tratamientos m\u00e1s antiguos se limita al tiempo del tratamiento. La inmunoterapia, por el contrario, ayuda al sistema inmunitario a atacar espec\u00edficamente c\u00e9lulas cancerosas, sin alterar los tejidos normales.<\/p>\n\n\n\n\n\n\n\n<p class=\"has-white-color has-text-color has-large-font-size\" style=\"font-style:normal;font-weight:500\"><strong>Una respuesta universal al c\u00e1ncer<\/strong><\/p>\n\n\n\n<p class=\"has-white-color has-text-color\">La inmunoterapia puede convertirse en un tratamiento para todos los tipos de c\u00e1ncer. Las respuestas positivas en millones de pacientes tratados con inmunoterapia han establecido su viabilidad. La inmunoterapia puede administrarse sola o en combinaci\u00f3n con tratamientos convencionales, lo que la convierte en una forma eficaz y m\u00e1s inteligente de tratar el c\u00e1ncer. Estamos seguros de que la inmunoterapia demostrar\u00e1 alg\u00fan d\u00eda su eficacia en el tratamiento de pacientes con cualquier tipo de c\u00e1ncer.<\/p>\n\n\n\n<p class=\"has-white-color has-text-color\">Sin nuevos avances en la investigaci\u00f3n oncol\u00f3gica, el c\u00e1ncer est\u00e1 a punto de convertirse en la primera causa de muerte en el mundo. La investigaci\u00f3n en inmunoterapia ofrece la principal esperanza de un mundo inmune al c\u00e1ncer.<\/p>\n\n\n\n\n<\/div>\n<\/div>\n\n<\/div>\n<\/section>\n\n<section id=\"section-block_1129c8ffdbc1b5d0db8d0202581d5762\" class=\"section-block bg-type-solid wp-block-acf-block-section\">\n  \n    \n  <div class=\"is-layout-constrained section-inner\">\n\n<div class=\"wp-block-columns is-layout-flex wp-container-core-columns-is-layout-28f84493 wp-block-columns-is-layout-flex\">\n<div class=\"wp-block-column is-layout-flow wp-block-column-is-layout-flow\" style=\"flex-basis:840px\">\n\n\n<h2 class=\"wp-block-heading has-xxx-large-font-size\">Acciones para salvar m\u00e1s vidas<\/h2>\n\n\n\n<p>Mediante el trabajo en equipo con nuestra alianza mundial de investigadores, colaboradores, pacientes y defensores, el CRI identifica y financia a los cient\u00edficos m\u00e1s brillantes y prometedores dedicados a la inmunoterapia, al tiempo que fomenta la sensibilizaci\u00f3n, comparte informaci\u00f3n actualizada sobre la inmunoterapia y alienta el apoyo permanente de la causa.<\/p>\n<\/div>\n<\/div>\n\n\n\n\n\n\n\n\n\n\n\n<\/div>\n<\/section>\n\n\n\n<section id=\"section-block_c809fd5895eab20cf68a9aface361258\" class=\"section-block bg-type-image wp-block-acf-block-section\">\n      <picture class=\"bg-object\">\n            \n      <img loading=\"lazy\" decoding=\"async\" style=\"\" class=\"bg-image\" src=\"https:\/\/www.cancerresearch.org\/wp-content\/uploads\/2022\/09\/bg-donate-ribbon-scaled.jpg\" alt=\"\" width=\"2560\" height=\"391\">\n    <\/picture>\n  \n    \n  <div class=\"is-layout-constrained section-inner\">\n\n<div class=\"wp-block-columns is-layout-flex wp-container-core-columns-is-layout-28f84493 wp-block-columns-is-layout-flex\">\n<div class=\"wp-block-column is-layout-flow wp-block-column-is-layout-flow\" style=\"flex-basis:723px\">\n<h2 class=\"wp-block-heading has-dark-purple-color has-text-color has-x-large-font-size\">Bring to Life More Cures, Together<\/h2>\n\n\n\n<p class=\"has-dark-purple-color has-text-color has-medium-large-font-size\" style=\"font-style:normal;font-weight:500\">Become part of CRI\u2019s mission to create a <br>world immune to cancer<\/p>\n\n\n<\/div>\n<\/div>\n\n<\/div>\n<\/section>","protected":false},"excerpt":{"rendered":"","protected":false},"author":1,"featured_media":0,"parent":0,"menu_order":55,"comment_status":"closed","ping_status":"closed","template":"","meta":{"_acf_changed":false,"inline_featured_image":false,"_cri_header_bg_color":"","footnotes":""},"resource_cancer_types":[],"resource_patient_age":[],"resource_cancer_stage":[],"resource_treatment_type":[],"resource_treatment_status":[],"class_list":["post-27563","page","type-page","status-publish","hentry"],"acf":[],"yoast_head":"<!-- This site is optimized with the Yoast SEO plugin v26.8 - https:\/\/yoast.com\/product\/yoast-seo-wordpress\/ -->\n<title>Nuestra misi\u00f3n - Cancer Research Institute<\/title>\n<meta name=\"robots\" content=\"index, follow, max-snippet:-1, max-image-preview:large, max-video-preview:-1\" \/>\n<link rel=\"canonical\" href=\"https:\/\/www.cancerresearch.org\/es\/nuestra-mision\" \/>\n<meta property=\"og:locale\" content=\"es_ES\" \/>\n<meta property=\"og:type\" content=\"article\" \/>\n<meta property=\"og:title\" content=\"Nuestra misi\u00f3n - Cancer Research Institute\" \/>\n<meta property=\"og:url\" content=\"https:\/\/www.cancerresearch.org\/es\/nuestra-mision\" \/>\n<meta property=\"og:site_name\" content=\"Cancer Research Institute\" \/>\n<meta property=\"article:modified_time\" content=\"2023-08-09T23:05:36+00:00\" \/>\n<meta property=\"og:image\" content=\"https:\/\/www.cancerresearch.org\/wp-content\/uploads\/2022\/09\/cell-1024x936.png\" \/>\n<meta name=\"twitter:card\" content=\"summary_large_image\" \/>\n<meta name=\"twitter:label1\" content=\"Tiempo de lectura\" \/>\n\t<meta name=\"twitter:data1\" content=\"2 minutos\" \/>\n<script type=\"application\/ld+json\" class=\"yoast-schema-graph\">{\"@context\":\"https:\/\/schema.org\",\"@graph\":[{\"@type\":\"WebPage\",\"@id\":\"https:\/\/www.cancerresearch.org\/es\/nuestra-mision\",\"url\":\"https:\/\/www.cancerresearch.org\/es\/nuestra-mision\",\"name\":\"Nuestra misi\u00f3n - Cancer Research Institute\",\"isPartOf\":{\"@id\":\"https:\/\/www.cancerresearch.org\/#website\"},\"primaryImageOfPage\":{\"@id\":\"https:\/\/www.cancerresearch.org\/es\/nuestra-mision#primaryimage\"},\"image\":{\"@id\":\"https:\/\/www.cancerresearch.org\/es\/nuestra-mision#primaryimage\"},\"thumbnailUrl\":\"https:\/\/www.cancerresearch.org\/wp-content\/uploads\/2022\/09\/cell-1024x936.png\",\"datePublished\":\"2022-09-05T22:39:59+00:00\",\"dateModified\":\"2023-08-09T23:05:36+00:00\",\"breadcrumb\":{\"@id\":\"https:\/\/www.cancerresearch.org\/es\/nuestra-mision#breadcrumb\"},\"inLanguage\":\"es\",\"potentialAction\":[{\"@type\":\"ReadAction\",\"target\":[\"https:\/\/www.cancerresearch.org\/es\/nuestra-mision\"]}]},{\"@type\":\"ImageObject\",\"inLanguage\":\"es\",\"@id\":\"https:\/\/www.cancerresearch.org\/es\/nuestra-mision#primaryimage\",\"url\":\"https:\/\/www.cancerresearch.org\/wp-content\/uploads\/2022\/09\/cell-1024x936.png\",\"contentUrl\":\"https:\/\/www.cancerresearch.org\/wp-content\/uploads\/2022\/09\/cell-1024x936.png\"},{\"@type\":\"BreadcrumbList\",\"@id\":\"https:\/\/www.cancerresearch.org\/es\/nuestra-mision#breadcrumb\",\"itemListElement\":[{\"@type\":\"ListItem\",\"position\":1,\"name\":\"Home\",\"item\":\"https:\/\/www.cancerresearch.org\/es\"},{\"@type\":\"ListItem\",\"position\":2,\"name\":\"Nuestra misi\u00f3n\"}]},{\"@type\":\"WebSite\",\"@id\":\"https:\/\/www.cancerresearch.org\/#website\",\"url\":\"https:\/\/www.cancerresearch.org\/\",\"name\":\"Cancer Research Institute\",\"description\":\"For a World Immune to Cancer\",\"publisher\":{\"@id\":\"https:\/\/www.cancerresearch.org\/#organization\"},\"potentialAction\":[{\"@type\":\"SearchAction\",\"target\":{\"@type\":\"EntryPoint\",\"urlTemplate\":\"https:\/\/www.cancerresearch.org\/?s={search_term_string}\"},\"query-input\":{\"@type\":\"PropertyValueSpecification\",\"valueRequired\":true,\"valueName\":\"search_term_string\"}}],\"inLanguage\":\"es\"},{\"@type\":\"Organization\",\"@id\":\"https:\/\/www.cancerresearch.org\/#organization\",\"name\":\"Cancer Research Institute\",\"url\":\"https:\/\/www.cancerresearch.org\/\",\"logo\":{\"@type\":\"ImageObject\",\"inLanguage\":\"es\",\"@id\":\"https:\/\/www.cancerresearch.org\/#\/schema\/logo\/image\/\",\"url\":\"https:\/\/www.cancerresearch.org\/wp-content\/uploads\/2025\/05\/logo-gradient.svg\",\"contentUrl\":\"https:\/\/www.cancerresearch.org\/wp-content\/uploads\/2025\/05\/logo-gradient.svg\",\"width\":156,\"height\":53,\"caption\":\"Cancer Research Institute\"},\"image\":{\"@id\":\"https:\/\/www.cancerresearch.org\/#\/schema\/logo\/image\/\"}}]}<\/script>\n<!-- \/ Yoast SEO plugin. -->","yoast_head_json":{"title":"Nuestra misi\u00f3n - Cancer Research Institute","robots":{"index":"index","follow":"follow","max-snippet":"max-snippet:-1","max-image-preview":"max-image-preview:large","max-video-preview":"max-video-preview:-1"},"canonical":"https:\/\/www.cancerresearch.org\/es\/nuestra-mision","og_locale":"es_ES","og_type":"article","og_title":"Nuestra misi\u00f3n - Cancer Research Institute","og_url":"https:\/\/www.cancerresearch.org\/es\/nuestra-mision","og_site_name":"Cancer Research Institute","article_modified_time":"2023-08-09T23:05:36+00:00","og_image":[{"url":"https:\/\/www.cancerresearch.org\/wp-content\/uploads\/2022\/09\/cell-1024x936.png","type":"","width":"","height":""}],"twitter_card":"summary_large_image","twitter_misc":{"Tiempo de lectura":"2 minutos"},"schema":{"@context":"https:\/\/schema.org","@graph":[{"@type":"WebPage","@id":"https:\/\/www.cancerresearch.org\/es\/nuestra-mision","url":"https:\/\/www.cancerresearch.org\/es\/nuestra-mision","name":"Nuestra misi\u00f3n - Cancer Research Institute","isPartOf":{"@id":"https:\/\/www.cancerresearch.org\/#website"},"primaryImageOfPage":{"@id":"https:\/\/www.cancerresearch.org\/es\/nuestra-mision#primaryimage"},"image":{"@id":"https:\/\/www.cancerresearch.org\/es\/nuestra-mision#primaryimage"},"thumbnailUrl":"https:\/\/www.cancerresearch.org\/wp-content\/uploads\/2022\/09\/cell-1024x936.png","datePublished":"2022-09-05T22:39:59+00:00","dateModified":"2023-08-09T23:05:36+00:00","breadcrumb":{"@id":"https:\/\/www.cancerresearch.org\/es\/nuestra-mision#breadcrumb"},"inLanguage":"es","potentialAction":[{"@type":"ReadAction","target":["https:\/\/www.cancerresearch.org\/es\/nuestra-mision"]}]},{"@type":"ImageObject","inLanguage":"es","@id":"https:\/\/www.cancerresearch.org\/es\/nuestra-mision#primaryimage","url":"https:\/\/www.cancerresearch.org\/wp-content\/uploads\/2022\/09\/cell-1024x936.png","contentUrl":"https:\/\/www.cancerresearch.org\/wp-content\/uploads\/2022\/09\/cell-1024x936.png"},{"@type":"BreadcrumbList","@id":"https:\/\/www.cancerresearch.org\/es\/nuestra-mision#breadcrumb","itemListElement":[{"@type":"ListItem","position":1,"name":"Home","item":"https:\/\/www.cancerresearch.org\/es"},{"@type":"ListItem","position":2,"name":"Nuestra misi\u00f3n"}]},{"@type":"WebSite","@id":"https:\/\/www.cancerresearch.org\/#website","url":"https:\/\/www.cancerresearch.org\/","name":"Cancer Research Institute","description":"For a World Immune to Cancer","publisher":{"@id":"https:\/\/www.cancerresearch.org\/#organization"},"potentialAction":[{"@type":"SearchAction","target":{"@type":"EntryPoint","urlTemplate":"https:\/\/www.cancerresearch.org\/?s={search_term_string}"},"query-input":{"@type":"PropertyValueSpecification","valueRequired":true,"valueName":"search_term_string"}}],"inLanguage":"es"},{"@type":"Organization","@id":"https:\/\/www.cancerresearch.org\/#organization","name":"Cancer Research Institute","url":"https:\/\/www.cancerresearch.org\/","logo":{"@type":"ImageObject","inLanguage":"es","@id":"https:\/\/www.cancerresearch.org\/#\/schema\/logo\/image\/","url":"https:\/\/www.cancerresearch.org\/wp-content\/uploads\/2025\/05\/logo-gradient.svg","contentUrl":"https:\/\/www.cancerresearch.org\/wp-content\/uploads\/2025\/05\/logo-gradient.svg","width":156,"height":53,"caption":"Cancer Research Institute"},"image":{"@id":"https:\/\/www.cancerresearch.org\/#\/schema\/logo\/image\/"}}]}},"_links":{"self":[{"href":"https:\/\/www.cancerresearch.org\/es\/wp-json\/wp\/v2\/pages\/27563","targetHints":{"allow":["GET"]}}],"collection":[{"href":"https:\/\/www.cancerresearch.org\/es\/wp-json\/wp\/v2\/pages"}],"about":[{"href":"https:\/\/www.cancerresearch.org\/es\/wp-json\/wp\/v2\/types\/page"}],"author":[{"embeddable":true,"href":"https:\/\/www.cancerresearch.org\/es\/wp-json\/wp\/v2\/users\/1"}],"replies":[{"embeddable":true,"href":"https:\/\/www.cancerresearch.org\/es\/wp-json\/wp\/v2\/comments?post=27563"}],"version-history":[{"count":0,"href":"https:\/\/www.cancerresearch.org\/es\/wp-json\/wp\/v2\/pages\/27563\/revisions"}],"wp:attachment":[{"href":"https:\/\/www.cancerresearch.org\/es\/wp-json\/wp\/v2\/media?parent=27563"}],"wp:term":[{"taxonomy":"resource_cancer_types","embeddable":true,"href":"https:\/\/www.cancerresearch.org\/es\/wp-json\/wp\/v2\/resource_cancer_types?post=27563"},{"taxonomy":"resource_patient_age","embeddable":true,"href":"https:\/\/www.cancerresearch.org\/es\/wp-json\/wp\/v2\/resource_patient_age?post=27563"},{"taxonomy":"resource_cancer_stage","embeddable":true,"href":"https:\/\/www.cancerresearch.org\/es\/wp-json\/wp\/v2\/resource_cancer_stage?post=27563"},{"taxonomy":"resource_treatment_type","embeddable":true,"href":"https:\/\/www.cancerresearch.org\/es\/wp-json\/wp\/v2\/resource_treatment_type?post=27563"},{"taxonomy":"resource_treatment_status","embeddable":true,"href":"https:\/\/www.cancerresearch.org\/es\/wp-json\/wp\/v2\/resource_treatment_status?post=27563"}],"curies":[{"name":"wp","href":"https:\/\/api.w.org\/{rel}","templated":true}]}}