{"id":27562,"date":"2022-09-06T00:58:25","date_gmt":"2022-09-06T04:58:25","guid":{"rendered":"https:\/\/www.cancerresearch.org\/impacto-de-nuestro-trabajo"},"modified":"2023-08-10T13:54:37","modified_gmt":"2023-08-10T17:54:37","slug":"impacto-de-nuestro-trabajo","status":"publish","type":"page","link":"https:\/\/www.cancerresearch.org\/es\/impacto-de-nuestro-trabajo","title":{"rendered":"Impacto de nuestro trabajo"},"content":{"rendered":"<section id=\"section-block_f8814dbd8d4eb35503fd07e33ffa949e\" class=\"section-block bg-type-image pattern-section-hero wp-block-acf-block-section\">\n      <picture class=\"bg-object\">\n            \n      <img loading=\"lazy\" decoding=\"async\" style=\"\" class=\"bg-image\" src=\"https:\/\/www.cancerresearch.org\/wp-content\/uploads\/2022\/09\/hero-our-impact-scaled.jpg\" alt=\"Our Impact Hero\" width=\"2560\" height=\"1385\">\n    <\/picture>\n  \n    \n  <div class=\"is-layout-constrained section-inner\">\n\n<div class=\"wp-block-columns is-layout-flex wp-container-core-columns-is-layout-28f84493 wp-block-columns-is-layout-flex\">\n<div class=\"wp-block-column is-layout-flow wp-block-column-is-layout-flow\" style=\"flex-basis:515px\">\n\n\n<h1 class=\"wp-block-heading has-white-color has-text-color has-top-level-hero-font-size\">M\u00e1s tratamientos para m\u00e1s personas<\/h1>\n\n\n\n<p class=\"has-white-color has-text-color has-x-large-font-size\"><strong>Encabezamos el avance de la investigaci\u00f3n en inmunoterapia y transformamos la vida de los pacientes de c\u00e1ncer a escala mundial<\/strong><\/p>\n\n\n\n<div style=\"height:15px\" aria-hidden=\"true\" class=\"wp-block-spacer\"><\/div>\n<\/div>\n<\/div>\n\n<\/div>\n<\/section>\n\n<section id=\"section-block_c1281309d7046902e59e4e4a85bb9811\" class=\"section-block bg-type-image wp-block-acf-block-section\">\n      <picture class=\"bg-object\">\n            \n      <img loading=\"lazy\" decoding=\"async\" style=\"\" class=\"bg-image\" src=\"https:\/\/www.cancerresearch.org\/wp-content\/uploads\/2022\/09\/repeat-dot-bg.png\" alt=\"\" width=\"1502\" height=\"671\">\n    <\/picture>\n  \n    \n  <div class=\"is-layout-constrained section-inner\">\n\n<div class=\"wp-block-columns stack-until-md is-layout-flex wp-container-core-columns-is-layout-28f84493 wp-block-columns-is-layout-flex\">\n<div class=\"wp-block-column is-layout-flow wp-block-column-is-layout-flow\" style=\"flex-basis:475px\">\n\n\n<h2 class=\"wp-block-heading has-white-color has-text-color has-xxx-large-font-size\">Impulsamos la ciencia con el poder de los datos<\/h2>\n\n\n\n<p class=\"has-white-color has-text-color\">La ciencia m\u00e1s avanzada da a los pacientes nuevas esperanzas en su lucha contra el c\u00e1ncer.<\/p>\n\n\n\n<p class=\"has-white-color has-text-color\">El CRI une la ciencia y los datos m\u00e1s avanzados en un esfuerzo continuo por acelerar nuevos hallazgos y aportar soluciones que curen el c\u00e1ncer en todo el mundo.<\/p>\n\n\n\n<p class=\"has-white-color has-text-color\">Aprovechar el sistema inmunitario para combatir el c\u00e1ncer es un enfoque m\u00e1s avanzado para combatir y, alg\u00fan d\u00eda, poner fin a esta crisis sanitaria mundial.<\/p>\n<\/div>\n\n\n\n<div class=\"wp-block-column padding-horz-md-0 is-layout-flow wp-block-column-is-layout-flow\" style=\"padding-left:100px\">\n\n\n\n\n\n<\/div>\n<\/div>\n\n<\/div>\n<\/section>\n\n<section id=\"section-block_c3a2d962e3552a4206ce292d2e4c9372\" class=\"section-block bg-type-solid wp-block-acf-block-section\">\n  \n    \n  <div class=\"is-layout-constrained section-inner\">\n\n<div class=\"wp-block-columns is-layout-flex wp-container-core-columns-is-layout-28f84493 wp-block-columns-is-layout-flex\">\n<div class=\"wp-block-column is-layout-flow wp-block-column-is-layout-flow\" style=\"flex-basis:515px\">\n\n\n<h2 class=\"wp-block-heading has-xxx-large-font-size\"><strong>70 a\u00f1os de confianza<\/strong><\/h2>\n\n\n\n<p><strong>Puede tener la seguridad de que su contribuci\u00f3n ben\u00e9fica se utilizar\u00e1 para lograr el m\u00e1ximo impacto en la investigaci\u00f3n de la inmunoterapia contra el c\u00e1ncer, lo que finalmente salvar\u00e1 vidas y avanzar\u00e1 los descubrimientos m\u00e9dicos.<\/strong><\/p>\n<\/div>\n\n\n\n<div class=\"wp-block-column padding-horz-md-0 is-layout-flow wp-block-column-is-layout-flow\" style=\"padding-left:60px\">\n\n\n\n<\/div>\n<\/div>\n\n<\/div>\n<\/section>\n\n<section id=\"section-block_5f2b18ea4a4a078390ab027f3fadbcf4\" class=\"section-block bg-type-solid wp-block-acf-block-section\">\n  \n    \n  <div class=\"is-layout-constrained section-inner\">\n\n<div class=\"wp-block-columns are-vertically-aligned-center is-layout-flex wp-container-core-columns-is-layout-f27cda73 wp-block-columns-is-layout-flex\" style=\"padding-left:5%\">\n<div class=\"wp-block-column is-vertically-aligned-center is-layout-flow wp-block-column-is-layout-flow\" style=\"flex-basis:642px\">\n<p class=\"has-white-color has-text-color has-medium-large-font-size\">S\u00famese al Team CRI apoyando a nuestros numerosos y comprometidos colaboradores que recaudan fondos.<\/p>\n<\/div>\n\n\n\n<div class=\"wp-block-column is-vertically-aligned-center is-layout-flow wp-block-column-is-layout-flow\"><\/div>\n<\/div>\n\n<\/div>\n<\/section>\n\n<section id=\"section-block_ae349c9887e6dc9355a82a4a2feada68\" class=\"section-block bg-type-solid wp-block-acf-block-section\">\n  \n    \n  <div class=\"is-layout-constrained section-inner\">\n\n<div class=\"wp-block-columns is-layout-flex wp-container-core-columns-is-layout-28f84493 wp-block-columns-is-layout-flex\">\n<div class=\"wp-block-column is-layout-flow wp-block-column-is-layout-flow\">\n\n\n<h2 class=\"wp-block-heading has-xxx-large-font-size\">Ensayos cl\u00ednicos de vanguardia<\/h2>\n\n\n\n<p>Gracias a los ensayos cl\u00ednicos y a las investigaciones avanzadas que financia el CRI, el mundo cient\u00edfico est\u00e1 en la c\u00faspide en cuanto a la cura de una gran variedad de tipos de c\u00e1ncer. Las aplicaciones en la vida real de los potentes tratamientos de inmunoterapia ya cambian y salvan la vida de pacientes con c\u00e1ncer a escala mundial. No obstante, estos tratamientos no ser\u00edan posibles sin la investigaci\u00f3n cient\u00edfica continua y la participaci\u00f3n de pacientes en ensayos cl\u00ednicos de vanguardia.<\/p>\n\n\n\n<p>El CRI coordina y financia ensayos cl\u00ednicos ideados para ofrecer a los pacientes las combinaciones m\u00e1s prometedoras de inmunoterapia, al tiempo que generan valiosos conocimientos cient\u00edficos sobre la respuesta inmunitaria de los pacientes que sirven como fuente de informaci\u00f3n para estudios futuros financiados por el CRI.<\/p>\n\n\n\n<p>Nuestro buscador de ensayos cl\u00ednicos de inmunoterapia es un servicio gratuito que ya ha conectado a miles de pacientes con ensayos cl\u00ednicos, brindando acceso a tratamientos de inmunoterapia de vanguardia, y tambi\u00e9n permite seguir avanzando en estos conocimientos en beneficio de todos.<\/p>\n\n\n\n<p><strong>Los navegadores de ensayos cl\u00ednicos est\u00e1n disponibles para ayudarle a encontrar el ensayo cl\u00ednico adecuado para usted o un ser querido<\/strong>. Conozca los aspectos b\u00e1sicos de los ensayos cl\u00ednicos de c\u00e1ncer y lo que se debe tener en cuenta antes de inscribirse.<\/p>\n\n\n<\/div>\n\n\n\n<div class=\"wp-block-column is-layout-flow wp-block-column-is-layout-flow\"><\/div>\n<\/div>\n\n<\/div>\n<\/section>\n\n<section id=\"section-block_8e0ebe7bbc0b193e4984f950b4222850\" class=\"section-block bg-type-solid wp-block-acf-block-section\">\n  \n    \n  <div class=\"is-layout-constrained section-inner\">\n\n<div class=\"wp-block-columns is-layout-flex wp-container-core-columns-is-layout-28f84493 wp-block-columns-is-layout-flex\">\n<div class=\"wp-block-column is-layout-flow wp-block-column-is-layout-flow\" style=\"flex-basis:840px\">\n\n\n<h2 class=\"wp-block-heading has-xxx-large-font-size\">Aceleramos la investigaci\u00f3n para vencer al c\u00e1ncer<\/h2>\n\n\n\n<p>La investigaci\u00f3n del c\u00e1ncer est\u00e1 evolucionando a un ritmo acelerado. Por muchos a\u00f1os, la medicina se ha apoyado en tratamientos m\u00e1s anticuados y muchas veces menos eficaces para el c\u00e1ncer, <strong>con una p\u00e9rdida innumerable de vidas<\/strong>. Esta ya no tiene que ser nuestra realidad.<\/p>\n\n\n\n<p>La inmunoterapia funciona sola o en combinaci\u00f3n con tratamientos m\u00e1s tradicionales para producir resultados mejores y m\u00e1s duraderos en algunos pacientes. Ayude al CRI a lograr que la inmunoterapia sea un tratamiento eficaz para todos los pacientes. Juntos podemos dejar de centrarnos en luchar contra el c\u00e1ncer para vencerlo de una vez.<\/p>\n<\/div>\n<\/div>\n\n\n\n\n\n\n\n\n\n\n\n\n\n\n\n<\/div>\n<\/section>\n\n\n\n<section id=\"section-block_b13f4c6cfc16f35558dcb93b00d66006\" class=\"section-block bg-type-image wp-block-acf-block-section\">\n      <picture class=\"bg-object\">\n            \n      <img loading=\"lazy\" decoding=\"async\" style=\"\" class=\"bg-image\" src=\"https:\/\/www.cancerresearch.org\/wp-content\/uploads\/2022\/09\/bg-donate-ribbon-scaled.jpg\" alt=\"\" width=\"2560\" height=\"391\">\n    <\/picture>\n  \n    \n  <div class=\"is-layout-constrained section-inner\">\n\n<div class=\"wp-block-columns is-layout-flex wp-container-core-columns-is-layout-28f84493 wp-block-columns-is-layout-flex\">\n<div class=\"wp-block-column is-layout-flow wp-block-column-is-layout-flow\" style=\"flex-basis:723px\">\n<h2 class=\"wp-block-heading has-dark-purple-color has-text-color has-x-large-font-size\">Bring to Life More Cures, Together<\/h2>\n\n\n\n<p class=\"has-dark-purple-color has-text-color has-medium-large-font-size\" style=\"font-style:normal;font-weight:500\">Become part of CRI\u2019s mission to create a <br>world immune to cancer<\/p>\n\n\n<\/div>\n<\/div>\n\n<\/div>\n<\/section>","protected":false},"excerpt":{"rendered":"","protected":false},"author":1,"featured_media":0,"parent":0,"menu_order":53,"comment_status":"closed","ping_status":"closed","template":"","meta":{"_acf_changed":false,"inline_featured_image":false,"_cri_header_bg_color":"","footnotes":""},"resource_cancer_types":[],"resource_patient_age":[],"resource_cancer_stage":[],"resource_treatment_type":[],"resource_treatment_status":[],"class_list":["post-27562","page","type-page","status-publish","hentry"],"acf":[],"yoast_head":"<!-- This site is optimized with the Yoast SEO plugin v26.8 - https:\/\/yoast.com\/product\/yoast-seo-wordpress\/ -->\n<title>Impacto de nuestro trabajo - Cancer Research Institute<\/title>\n<meta name=\"robots\" content=\"index, follow, max-snippet:-1, max-image-preview:large, max-video-preview:-1\" \/>\n<link rel=\"canonical\" href=\"https:\/\/www.cancerresearch.org\/es\/impacto-de-nuestro-trabajo\" \/>\n<meta property=\"og:locale\" content=\"es_ES\" \/>\n<meta property=\"og:type\" content=\"article\" \/>\n<meta property=\"og:title\" content=\"Impacto de nuestro trabajo - Cancer Research Institute\" \/>\n<meta property=\"og:url\" content=\"https:\/\/www.cancerresearch.org\/es\/impacto-de-nuestro-trabajo\" \/>\n<meta property=\"og:site_name\" content=\"Cancer Research Institute\" \/>\n<meta property=\"article:modified_time\" content=\"2023-08-10T17:54:37+00:00\" \/>\n<meta name=\"twitter:card\" content=\"summary_large_image\" \/>\n<meta name=\"twitter:label1\" content=\"Tiempo de lectura\" \/>\n\t<meta name=\"twitter:data1\" content=\"3 minutos\" \/>\n<script type=\"application\/ld+json\" class=\"yoast-schema-graph\">{\"@context\":\"https:\/\/schema.org\",\"@graph\":[{\"@type\":\"WebPage\",\"@id\":\"https:\/\/www.cancerresearch.org\/es\/impacto-de-nuestro-trabajo\",\"url\":\"https:\/\/www.cancerresearch.org\/es\/impacto-de-nuestro-trabajo\",\"name\":\"Impacto de nuestro trabajo - Cancer Research Institute\",\"isPartOf\":{\"@id\":\"https:\/\/www.cancerresearch.org\/#website\"},\"datePublished\":\"2022-09-06T04:58:25+00:00\",\"dateModified\":\"2023-08-10T17:54:37+00:00\",\"breadcrumb\":{\"@id\":\"https:\/\/www.cancerresearch.org\/es\/impacto-de-nuestro-trabajo#breadcrumb\"},\"inLanguage\":\"es\",\"potentialAction\":[{\"@type\":\"ReadAction\",\"target\":[\"https:\/\/www.cancerresearch.org\/es\/impacto-de-nuestro-trabajo\"]}]},{\"@type\":\"BreadcrumbList\",\"@id\":\"https:\/\/www.cancerresearch.org\/es\/impacto-de-nuestro-trabajo#breadcrumb\",\"itemListElement\":[{\"@type\":\"ListItem\",\"position\":1,\"name\":\"Home\",\"item\":\"https:\/\/www.cancerresearch.org\/es\"},{\"@type\":\"ListItem\",\"position\":2,\"name\":\"Impacto de nuestro trabajo\"}]},{\"@type\":\"WebSite\",\"@id\":\"https:\/\/www.cancerresearch.org\/#website\",\"url\":\"https:\/\/www.cancerresearch.org\/\",\"name\":\"Cancer Research Institute\",\"description\":\"For a World Immune to Cancer\",\"publisher\":{\"@id\":\"https:\/\/www.cancerresearch.org\/#organization\"},\"potentialAction\":[{\"@type\":\"SearchAction\",\"target\":{\"@type\":\"EntryPoint\",\"urlTemplate\":\"https:\/\/www.cancerresearch.org\/?s={search_term_string}\"},\"query-input\":{\"@type\":\"PropertyValueSpecification\",\"valueRequired\":true,\"valueName\":\"search_term_string\"}}],\"inLanguage\":\"es\"},{\"@type\":\"Organization\",\"@id\":\"https:\/\/www.cancerresearch.org\/#organization\",\"name\":\"Cancer Research Institute\",\"url\":\"https:\/\/www.cancerresearch.org\/\",\"logo\":{\"@type\":\"ImageObject\",\"inLanguage\":\"es\",\"@id\":\"https:\/\/www.cancerresearch.org\/#\/schema\/logo\/image\/\",\"url\":\"https:\/\/www.cancerresearch.org\/wp-content\/uploads\/2025\/05\/logo-gradient.svg\",\"contentUrl\":\"https:\/\/www.cancerresearch.org\/wp-content\/uploads\/2025\/05\/logo-gradient.svg\",\"width\":156,\"height\":53,\"caption\":\"Cancer Research Institute\"},\"image\":{\"@id\":\"https:\/\/www.cancerresearch.org\/#\/schema\/logo\/image\/\"}}]}<\/script>\n<!-- \/ Yoast SEO plugin. -->","yoast_head_json":{"title":"Impacto de nuestro trabajo - Cancer Research Institute","robots":{"index":"index","follow":"follow","max-snippet":"max-snippet:-1","max-image-preview":"max-image-preview:large","max-video-preview":"max-video-preview:-1"},"canonical":"https:\/\/www.cancerresearch.org\/es\/impacto-de-nuestro-trabajo","og_locale":"es_ES","og_type":"article","og_title":"Impacto de nuestro trabajo - Cancer Research Institute","og_url":"https:\/\/www.cancerresearch.org\/es\/impacto-de-nuestro-trabajo","og_site_name":"Cancer Research Institute","article_modified_time":"2023-08-10T17:54:37+00:00","twitter_card":"summary_large_image","twitter_misc":{"Tiempo de lectura":"3 minutos"},"schema":{"@context":"https:\/\/schema.org","@graph":[{"@type":"WebPage","@id":"https:\/\/www.cancerresearch.org\/es\/impacto-de-nuestro-trabajo","url":"https:\/\/www.cancerresearch.org\/es\/impacto-de-nuestro-trabajo","name":"Impacto de nuestro trabajo - Cancer Research Institute","isPartOf":{"@id":"https:\/\/www.cancerresearch.org\/#website"},"datePublished":"2022-09-06T04:58:25+00:00","dateModified":"2023-08-10T17:54:37+00:00","breadcrumb":{"@id":"https:\/\/www.cancerresearch.org\/es\/impacto-de-nuestro-trabajo#breadcrumb"},"inLanguage":"es","potentialAction":[{"@type":"ReadAction","target":["https:\/\/www.cancerresearch.org\/es\/impacto-de-nuestro-trabajo"]}]},{"@type":"BreadcrumbList","@id":"https:\/\/www.cancerresearch.org\/es\/impacto-de-nuestro-trabajo#breadcrumb","itemListElement":[{"@type":"ListItem","position":1,"name":"Home","item":"https:\/\/www.cancerresearch.org\/es"},{"@type":"ListItem","position":2,"name":"Impacto de nuestro trabajo"}]},{"@type":"WebSite","@id":"https:\/\/www.cancerresearch.org\/#website","url":"https:\/\/www.cancerresearch.org\/","name":"Cancer Research Institute","description":"For a World Immune to Cancer","publisher":{"@id":"https:\/\/www.cancerresearch.org\/#organization"},"potentialAction":[{"@type":"SearchAction","target":{"@type":"EntryPoint","urlTemplate":"https:\/\/www.cancerresearch.org\/?s={search_term_string}"},"query-input":{"@type":"PropertyValueSpecification","valueRequired":true,"valueName":"search_term_string"}}],"inLanguage":"es"},{"@type":"Organization","@id":"https:\/\/www.cancerresearch.org\/#organization","name":"Cancer Research Institute","url":"https:\/\/www.cancerresearch.org\/","logo":{"@type":"ImageObject","inLanguage":"es","@id":"https:\/\/www.cancerresearch.org\/#\/schema\/logo\/image\/","url":"https:\/\/www.cancerresearch.org\/wp-content\/uploads\/2025\/05\/logo-gradient.svg","contentUrl":"https:\/\/www.cancerresearch.org\/wp-content\/uploads\/2025\/05\/logo-gradient.svg","width":156,"height":53,"caption":"Cancer Research Institute"},"image":{"@id":"https:\/\/www.cancerresearch.org\/#\/schema\/logo\/image\/"}}]}},"_links":{"self":[{"href":"https:\/\/www.cancerresearch.org\/es\/wp-json\/wp\/v2\/pages\/27562","targetHints":{"allow":["GET"]}}],"collection":[{"href":"https:\/\/www.cancerresearch.org\/es\/wp-json\/wp\/v2\/pages"}],"about":[{"href":"https:\/\/www.cancerresearch.org\/es\/wp-json\/wp\/v2\/types\/page"}],"author":[{"embeddable":true,"href":"https:\/\/www.cancerresearch.org\/es\/wp-json\/wp\/v2\/users\/1"}],"replies":[{"embeddable":true,"href":"https:\/\/www.cancerresearch.org\/es\/wp-json\/wp\/v2\/comments?post=27562"}],"version-history":[{"count":0,"href":"https:\/\/www.cancerresearch.org\/es\/wp-json\/wp\/v2\/pages\/27562\/revisions"}],"wp:attachment":[{"href":"https:\/\/www.cancerresearch.org\/es\/wp-json\/wp\/v2\/media?parent=27562"}],"wp:term":[{"taxonomy":"resource_cancer_types","embeddable":true,"href":"https:\/\/www.cancerresearch.org\/es\/wp-json\/wp\/v2\/resource_cancer_types?post=27562"},{"taxonomy":"resource_patient_age","embeddable":true,"href":"https:\/\/www.cancerresearch.org\/es\/wp-json\/wp\/v2\/resource_patient_age?post=27562"},{"taxonomy":"resource_cancer_stage","embeddable":true,"href":"https:\/\/www.cancerresearch.org\/es\/wp-json\/wp\/v2\/resource_cancer_stage?post=27562"},{"taxonomy":"resource_treatment_type","embeddable":true,"href":"https:\/\/www.cancerresearch.org\/es\/wp-json\/wp\/v2\/resource_treatment_type?post=27562"},{"taxonomy":"resource_treatment_status","embeddable":true,"href":"https:\/\/www.cancerresearch.org\/es\/wp-json\/wp\/v2\/resource_treatment_status?post=27562"}],"curies":[{"name":"wp","href":"https:\/\/api.w.org\/{rel}","templated":true}]}}