{"id":27561,"date":"2022-09-06T13:58:21","date_gmt":"2022-09-06T17:58:21","guid":{"rendered":"https:\/\/www.cancerresearch.org\/nuestro-enfoque"},"modified":"2023-08-10T15:02:53","modified_gmt":"2023-08-10T19:02:53","slug":"nuestro-enfoque","status":"publish","type":"page","link":"https:\/\/www.cancerresearch.org\/es\/nuestro-enfoque","title":{"rendered":"Nuestro enfoque"},"content":{"rendered":"<section id=\"section-block_2fbd2069d2651a12eba6fab455ff635a\" class=\"section-block bg-type-video pattern-section-hero wp-block-acf-block-section\">\n  \n      <div class=\"bg-object\">\n      <video class=\"bg-video\"    muted=\"\" playsinline=\"\">\n        <source src=\"https:\/\/www.cancerresearch.org\/wp-content\/uploads\/2022\/09\/Venn-Diagam-Full-Flat.mp4\" type=\"video\/mp4\">\n      <\/video>\n    <\/div>\n    \n  <div class=\"is-layout-constrained section-inner\">\n\n<div class=\"wp-block-columns is-layout-flex wp-container-core-columns-is-layout-28f84493 wp-block-columns-is-layout-flex\">\n<div class=\"wp-block-column is-layout-flow wp-block-column-is-layout-flow\" style=\"flex-basis:530px\">\n\n\n<h1 class=\"wp-block-heading has-white-color has-text-color\">Nuestro enfoque<\/h1>\n\n\n\n<p class=\"has-white-color has-text-color has-x-large-font-size\"><strong>La inmunoterapia ya salva vidas y ofrece a los pacientes la esperanza de una cura.<\/strong><\/p>\n<\/div>\n<\/div>\n\n<\/div>\n<\/section>\n\n<section id=\"section-block_d18c1006bf54d9ea32bb77380f07c377\" class=\"section-block bg-type-solid wp-block-acf-block-section\">\n  \n    \n  <div class=\"is-layout-constrained section-inner\">\n\n\n\n<h2 class=\"wp-block-heading has-xxx-large-font-size\" style=\"margin-bottom:35px\">El camino hacia el futuro<\/h2>\n\n\n\n<figure class=\"wp-block-video\"><video controls=\"\" poster=\"https:\/\/www.cancerresearch.org\/wp-content\/uploads\/2022\/11\/screenshot-the-path-forward.jpg\" src=\"https:\/\/www.cancerresearch.org\/wp-content\/themes\/cri\/src\/videos\/Viewstream_CRI_RoundTable_V05.mp4\"><\/video><\/figure>\n\n<\/div>\n<\/section>\n\n<section id=\"section-block_7d09ead25dba9e841c3278854e974480\" class=\"section-block bg-type-solid wp-block-acf-block-section\">\n  \n    \n  <div class=\"is-layout-constrained section-inner\">\n\n<div class=\"wp-block-columns is-layout-flex wp-container-core-columns-is-layout-28f84493 wp-block-columns-is-layout-flex\">\n<div class=\"wp-block-column is-layout-flow wp-block-column-is-layout-flow\" style=\"flex-basis:730px\">\n\n\n<h2 class=\"wp-block-heading has-xxx-large-font-size\">El inicio de la nueva ola<\/h2>\n\n\n\n<p>Nuestro enfoque singular marca el comienzo de la pr\u00f3xima generaci\u00f3n de inmunoterapias que curan el c\u00e1ncer. Proporcionamos a las mentes cient\u00edficas m\u00e1s destacadas del mundo la financiaci\u00f3n necesaria para que estos tratamientos que salvan vidas sean una alternativa eficaz para los pacientes.<\/p>\n<\/div>\n<\/div>\n\n\n\n\n\n\n\n\n\n\n\n<\/div>\n<\/section>\n\n\n\n<section id=\"section-block_c36a05c3f28a277e10e8f1a711da957a\" class=\"section-block bg-type-image wp-block-acf-block-section\">\n      <picture class=\"bg-object\">\n            \n      <img loading=\"lazy\" decoding=\"async\" style=\"\" class=\"bg-image\" src=\"https:\/\/www.cancerresearch.org\/wp-content\/uploads\/2022\/09\/bg-donate-ribbon-scaled.jpg\" alt=\"\" width=\"2560\" height=\"391\">\n    <\/picture>\n  \n    \n  <div class=\"is-layout-constrained section-inner\">\n\n<div class=\"wp-block-columns is-layout-flex wp-container-core-columns-is-layout-28f84493 wp-block-columns-is-layout-flex\">\n<div class=\"wp-block-column is-layout-flow wp-block-column-is-layout-flow\" style=\"flex-basis:723px\">\n<h2 class=\"wp-block-heading has-dark-purple-color has-text-color has-x-large-font-size\">Bring to Life More Cures, Together<\/h2>\n\n\n\n<p class=\"has-dark-purple-color has-text-color has-medium-large-font-size\" style=\"font-style:normal;font-weight:500\">Become part of CRI\u2019s mission to create a <br>world immune to cancer<\/p>\n\n\n<\/div>\n<\/div>\n\n<\/div>\n<\/section>","protected":false},"excerpt":{"rendered":"","protected":false},"author":1,"featured_media":23532,"parent":0,"menu_order":52,"comment_status":"closed","ping_status":"closed","template":"","meta":{"_acf_changed":false,"inline_featured_image":false,"_cri_header_bg_color":"","footnotes":""},"resource_cancer_types":[],"resource_patient_age":[],"resource_cancer_stage":[],"resource_treatment_type":[],"resource_treatment_status":[],"class_list":["post-27561","page","type-page","status-publish","has-post-thumbnail","hentry"],"acf":[],"yoast_head":"<!-- This site is optimized with the Yoast SEO plugin v26.8 - https:\/\/yoast.com\/product\/yoast-seo-wordpress\/ -->\n<title>Nuestro enfoque - Cancer Research Institute<\/title>\n<meta name=\"robots\" content=\"index, follow, max-snippet:-1, max-image-preview:large, max-video-preview:-1\" \/>\n<link rel=\"canonical\" href=\"https:\/\/www.cancerresearch.org\/es\/nuestro-enfoque\" \/>\n<meta property=\"og:locale\" content=\"es_ES\" \/>\n<meta property=\"og:type\" content=\"article\" \/>\n<meta property=\"og:title\" content=\"Nuestro enfoque - Cancer Research Institute\" \/>\n<meta property=\"og:url\" content=\"https:\/\/www.cancerresearch.org\/es\/nuestro-enfoque\" \/>\n<meta property=\"og:site_name\" content=\"Cancer Research Institute\" \/>\n<meta property=\"article:modified_time\" content=\"2023-08-10T19:02:53+00:00\" \/>\n<meta property=\"og:image\" content=\"https:\/\/www.cancerresearch.org\/wp-content\/uploads\/2022\/09\/1000_F_226212386_QeoWT1QwRxyjNKvHCM9TuGlxQR59mjO3.jpg\" \/>\n\t<meta property=\"og:image:width\" content=\"808\" \/>\n\t<meta property=\"og:image:height\" content=\"568\" \/>\n\t<meta property=\"og:image:type\" content=\"image\/jpeg\" \/>\n<meta name=\"twitter:card\" content=\"summary_large_image\" \/>\n<meta name=\"twitter:label1\" content=\"Tiempo de lectura\" \/>\n\t<meta name=\"twitter:data1\" content=\"1 minuto\" \/>\n<script type=\"application\/ld+json\" class=\"yoast-schema-graph\">{\"@context\":\"https:\/\/schema.org\",\"@graph\":[{\"@type\":\"WebPage\",\"@id\":\"https:\/\/www.cancerresearch.org\/es\/nuestro-enfoque\",\"url\":\"https:\/\/www.cancerresearch.org\/es\/nuestro-enfoque\",\"name\":\"Nuestro enfoque - Cancer Research Institute\",\"isPartOf\":{\"@id\":\"https:\/\/www.cancerresearch.org\/#website\"},\"primaryImageOfPage\":{\"@id\":\"https:\/\/www.cancerresearch.org\/es\/nuestro-enfoque#primaryimage\"},\"image\":{\"@id\":\"https:\/\/www.cancerresearch.org\/es\/nuestro-enfoque#primaryimage\"},\"thumbnailUrl\":\"https:\/\/www.cancerresearch.org\/wp-content\/uploads\/2022\/09\/1000_F_226212386_QeoWT1QwRxyjNKvHCM9TuGlxQR59mjO3.jpg\",\"datePublished\":\"2022-09-06T17:58:21+00:00\",\"dateModified\":\"2023-08-10T19:02:53+00:00\",\"breadcrumb\":{\"@id\":\"https:\/\/www.cancerresearch.org\/es\/nuestro-enfoque#breadcrumb\"},\"inLanguage\":\"es\",\"potentialAction\":[{\"@type\":\"ReadAction\",\"target\":[\"https:\/\/www.cancerresearch.org\/es\/nuestro-enfoque\"]}]},{\"@type\":\"ImageObject\",\"inLanguage\":\"es\",\"@id\":\"https:\/\/www.cancerresearch.org\/es\/nuestro-enfoque#primaryimage\",\"url\":\"https:\/\/www.cancerresearch.org\/wp-content\/uploads\/2022\/09\/1000_F_226212386_QeoWT1QwRxyjNKvHCM9TuGlxQR59mjO3.jpg\",\"contentUrl\":\"https:\/\/www.cancerresearch.org\/wp-content\/uploads\/2022\/09\/1000_F_226212386_QeoWT1QwRxyjNKvHCM9TuGlxQR59mjO3.jpg\",\"width\":808,\"height\":568,\"caption\":\"A person sits while studying something through a microscope\"},{\"@type\":\"BreadcrumbList\",\"@id\":\"https:\/\/www.cancerresearch.org\/es\/nuestro-enfoque#breadcrumb\",\"itemListElement\":[{\"@type\":\"ListItem\",\"position\":1,\"name\":\"Home\",\"item\":\"https:\/\/www.cancerresearch.org\/es\"},{\"@type\":\"ListItem\",\"position\":2,\"name\":\"Nuestro enfoque\"}]},{\"@type\":\"WebSite\",\"@id\":\"https:\/\/www.cancerresearch.org\/#website\",\"url\":\"https:\/\/www.cancerresearch.org\/\",\"name\":\"Cancer Research Institute\",\"description\":\"For a World Immune to Cancer\",\"publisher\":{\"@id\":\"https:\/\/www.cancerresearch.org\/#organization\"},\"potentialAction\":[{\"@type\":\"SearchAction\",\"target\":{\"@type\":\"EntryPoint\",\"urlTemplate\":\"https:\/\/www.cancerresearch.org\/?s={search_term_string}\"},\"query-input\":{\"@type\":\"PropertyValueSpecification\",\"valueRequired\":true,\"valueName\":\"search_term_string\"}}],\"inLanguage\":\"es\"},{\"@type\":\"Organization\",\"@id\":\"https:\/\/www.cancerresearch.org\/#organization\",\"name\":\"Cancer Research Institute\",\"url\":\"https:\/\/www.cancerresearch.org\/\",\"logo\":{\"@type\":\"ImageObject\",\"inLanguage\":\"es\",\"@id\":\"https:\/\/www.cancerresearch.org\/#\/schema\/logo\/image\/\",\"url\":\"https:\/\/www.cancerresearch.org\/wp-content\/uploads\/2025\/05\/logo-gradient.svg\",\"contentUrl\":\"https:\/\/www.cancerresearch.org\/wp-content\/uploads\/2025\/05\/logo-gradient.svg\",\"width\":156,\"height\":53,\"caption\":\"Cancer Research Institute\"},\"image\":{\"@id\":\"https:\/\/www.cancerresearch.org\/#\/schema\/logo\/image\/\"}}]}<\/script>\n<!-- \/ Yoast SEO plugin. -->","yoast_head_json":{"title":"Nuestro enfoque - Cancer Research Institute","robots":{"index":"index","follow":"follow","max-snippet":"max-snippet:-1","max-image-preview":"max-image-preview:large","max-video-preview":"max-video-preview:-1"},"canonical":"https:\/\/www.cancerresearch.org\/es\/nuestro-enfoque","og_locale":"es_ES","og_type":"article","og_title":"Nuestro enfoque - Cancer Research Institute","og_url":"https:\/\/www.cancerresearch.org\/es\/nuestro-enfoque","og_site_name":"Cancer Research Institute","article_modified_time":"2023-08-10T19:02:53+00:00","og_image":[{"width":808,"height":568,"url":"https:\/\/www.cancerresearch.org\/wp-content\/uploads\/2022\/09\/1000_F_226212386_QeoWT1QwRxyjNKvHCM9TuGlxQR59mjO3.jpg","type":"image\/jpeg"}],"twitter_card":"summary_large_image","twitter_misc":{"Tiempo de lectura":"1 minuto"},"schema":{"@context":"https:\/\/schema.org","@graph":[{"@type":"WebPage","@id":"https:\/\/www.cancerresearch.org\/es\/nuestro-enfoque","url":"https:\/\/www.cancerresearch.org\/es\/nuestro-enfoque","name":"Nuestro enfoque - Cancer Research Institute","isPartOf":{"@id":"https:\/\/www.cancerresearch.org\/#website"},"primaryImageOfPage":{"@id":"https:\/\/www.cancerresearch.org\/es\/nuestro-enfoque#primaryimage"},"image":{"@id":"https:\/\/www.cancerresearch.org\/es\/nuestro-enfoque#primaryimage"},"thumbnailUrl":"https:\/\/www.cancerresearch.org\/wp-content\/uploads\/2022\/09\/1000_F_226212386_QeoWT1QwRxyjNKvHCM9TuGlxQR59mjO3.jpg","datePublished":"2022-09-06T17:58:21+00:00","dateModified":"2023-08-10T19:02:53+00:00","breadcrumb":{"@id":"https:\/\/www.cancerresearch.org\/es\/nuestro-enfoque#breadcrumb"},"inLanguage":"es","potentialAction":[{"@type":"ReadAction","target":["https:\/\/www.cancerresearch.org\/es\/nuestro-enfoque"]}]},{"@type":"ImageObject","inLanguage":"es","@id":"https:\/\/www.cancerresearch.org\/es\/nuestro-enfoque#primaryimage","url":"https:\/\/www.cancerresearch.org\/wp-content\/uploads\/2022\/09\/1000_F_226212386_QeoWT1QwRxyjNKvHCM9TuGlxQR59mjO3.jpg","contentUrl":"https:\/\/www.cancerresearch.org\/wp-content\/uploads\/2022\/09\/1000_F_226212386_QeoWT1QwRxyjNKvHCM9TuGlxQR59mjO3.jpg","width":808,"height":568,"caption":"A person sits while studying something through a microscope"},{"@type":"BreadcrumbList","@id":"https:\/\/www.cancerresearch.org\/es\/nuestro-enfoque#breadcrumb","itemListElement":[{"@type":"ListItem","position":1,"name":"Home","item":"https:\/\/www.cancerresearch.org\/es"},{"@type":"ListItem","position":2,"name":"Nuestro enfoque"}]},{"@type":"WebSite","@id":"https:\/\/www.cancerresearch.org\/#website","url":"https:\/\/www.cancerresearch.org\/","name":"Cancer Research Institute","description":"For a World Immune to Cancer","publisher":{"@id":"https:\/\/www.cancerresearch.org\/#organization"},"potentialAction":[{"@type":"SearchAction","target":{"@type":"EntryPoint","urlTemplate":"https:\/\/www.cancerresearch.org\/?s={search_term_string}"},"query-input":{"@type":"PropertyValueSpecification","valueRequired":true,"valueName":"search_term_string"}}],"inLanguage":"es"},{"@type":"Organization","@id":"https:\/\/www.cancerresearch.org\/#organization","name":"Cancer Research Institute","url":"https:\/\/www.cancerresearch.org\/","logo":{"@type":"ImageObject","inLanguage":"es","@id":"https:\/\/www.cancerresearch.org\/#\/schema\/logo\/image\/","url":"https:\/\/www.cancerresearch.org\/wp-content\/uploads\/2025\/05\/logo-gradient.svg","contentUrl":"https:\/\/www.cancerresearch.org\/wp-content\/uploads\/2025\/05\/logo-gradient.svg","width":156,"height":53,"caption":"Cancer Research Institute"},"image":{"@id":"https:\/\/www.cancerresearch.org\/#\/schema\/logo\/image\/"}}]}},"_links":{"self":[{"href":"https:\/\/www.cancerresearch.org\/es\/wp-json\/wp\/v2\/pages\/27561","targetHints":{"allow":["GET"]}}],"collection":[{"href":"https:\/\/www.cancerresearch.org\/es\/wp-json\/wp\/v2\/pages"}],"about":[{"href":"https:\/\/www.cancerresearch.org\/es\/wp-json\/wp\/v2\/types\/page"}],"author":[{"embeddable":true,"href":"https:\/\/www.cancerresearch.org\/es\/wp-json\/wp\/v2\/users\/1"}],"replies":[{"embeddable":true,"href":"https:\/\/www.cancerresearch.org\/es\/wp-json\/wp\/v2\/comments?post=27561"}],"version-history":[{"count":0,"href":"https:\/\/www.cancerresearch.org\/es\/wp-json\/wp\/v2\/pages\/27561\/revisions"}],"wp:featuredmedia":[{"embeddable":true,"href":"https:\/\/www.cancerresearch.org\/es\/wp-json\/wp\/v2\/media\/23532"}],"wp:attachment":[{"href":"https:\/\/www.cancerresearch.org\/es\/wp-json\/wp\/v2\/media?parent=27561"}],"wp:term":[{"taxonomy":"resource_cancer_types","embeddable":true,"href":"https:\/\/www.cancerresearch.org\/es\/wp-json\/wp\/v2\/resource_cancer_types?post=27561"},{"taxonomy":"resource_patient_age","embeddable":true,"href":"https:\/\/www.cancerresearch.org\/es\/wp-json\/wp\/v2\/resource_patient_age?post=27561"},{"taxonomy":"resource_cancer_stage","embeddable":true,"href":"https:\/\/www.cancerresearch.org\/es\/wp-json\/wp\/v2\/resource_cancer_stage?post=27561"},{"taxonomy":"resource_treatment_type","embeddable":true,"href":"https:\/\/www.cancerresearch.org\/es\/wp-json\/wp\/v2\/resource_treatment_type?post=27561"},{"taxonomy":"resource_treatment_status","embeddable":true,"href":"https:\/\/www.cancerresearch.org\/es\/wp-json\/wp\/v2\/resource_treatment_status?post=27561"}],"curies":[{"name":"wp","href":"https:\/\/api.w.org\/{rel}","templated":true}]}}