{"id":27560,"date":"2022-09-08T15:45:37","date_gmt":"2022-09-08T19:45:37","guid":{"rendered":"https:\/\/www.cancerresearch.org\/deje-un-legado"},"modified":"2023-01-05T23:23:50","modified_gmt":"2023-01-06T04:23:50","slug":"deje-un-legado","status":"publish","type":"page","link":"https:\/\/www.cancerresearch.org\/es\/maneras-de-colaborar\/deje-un-legado","title":{"rendered":"Deje un legado"},"content":{"rendered":"<section id=\"section-block_710a2249f111a8d6a23bafaaa230dd3c\" class=\"section-block bg-type-lottie pattern-section-hero wp-block-acf-block-section\">\n  \n    \n  <div class=\"is-layout-constrained section-inner\">\n\n<div class=\"wp-block-columns is-layout-flex wp-container-core-columns-is-layout-28f84493 wp-block-columns-is-layout-flex\">\n<div class=\"wp-block-column is-layout-flow wp-block-column-is-layout-flow\" style=\"flex-basis:675px\">\n\n\n<h1 class=\"has-white-color has-text-color wp-block-heading\">Deje un legado<\/h1>\n\n\n\n<p class=\"has-white-color has-text-color has-medium-large-font-size\" style=\"font-style:normal;font-weight:500\">Deje un legado de beneficencia mediante una donaci\u00f3n planificada al Cancer Research Institute, que ser\u00e1 recordado por generaciones y asegurar\u00e1 el futuro de la investigaci\u00f3n del c\u00e1ncer.<\/p>\n<\/div>\n<\/div>\n\n<\/div>\n<\/section><section id=\"section-block_780bc22411d8a0bc381a02acfbeed2dc\" class=\"section-block bg-type-solid wp-block-acf-block-section\">\n  \n    \n  <div class=\"is-layout-constrained section-inner\">\n\n<div class=\"wp-block-columns is-layout-flex wp-container-core-columns-is-layout-28f84493 wp-block-columns-is-layout-flex\">\n<div class=\"wp-block-column is-layout-flow wp-block-column-is-layout-flow\" style=\"flex-basis:67%\">\n<p>Usted puede alcanzar sus metas financieras, fiscales y de planificaci\u00f3n patrimonial al mismo tiempo que deja un legado para ayudar a construir un mundo inmune al c\u00e1ncer. Se puede donar al CRI en forma de legado, transferencia de la cuenta IRA (cuenta de jubilaci\u00f3n individual) o cualquier otra opci\u00f3n de donaci\u00f3n.<\/p>\n\n\n\n<p>Saque el m\u00e1ximo provecho de su planificaci\u00f3n patrimonial. \u00danase a nuestra sociedad de pioneros de las donaciones programadas y ay\u00fadenos a forjar un futuro mejor para todos los enfermos de c\u00e1ncer.<\/p>\n\n\n\n\n\n\n\n<h2 class=\"has-medium-large-font-size wp-block-heading\">Donaciones ben\u00e9ficas en su planificaci\u00f3n patrimonial<\/h2>\n\n\n\n<p>Elabore un plan patrimonial para proteger a su familia y su patrimonio.Una planificaci\u00f3n sucesoria es vital para garantizar que sus bienes y activos se distribuyan como usted desea despu\u00e9s de su muerte, y es tambi\u00e9n una oportunidad para lograr un impacto duradero en el mundo con una donaci\u00f3n para apoyar la investigaci\u00f3n de la inmunoterapia. El testamento es un documento legal que comunica su planificaci\u00f3n patrimonial y puede incluir legados de beneficencia (dejar dinero u otros activos a una organizaci\u00f3n sin fines de lucro para apoyar su misi\u00f3n).<\/p>\n\n\n\n<p>Si desea hacerlo, utilice este<strong> recurso gratuito de planificaci\u00f3n patrimonial<\/strong> para escribir un testamento sin costo e incluir los t\u00e9rminos necesarios para apoyar al Cancer Research Institute con una donaci\u00f3n.<\/p>\n\n\n\n\n\n\n\n<h2 class=\"has-medium-large-font-size wp-block-heading\"><strong>Terminolog\u00eda para legados<\/strong><\/h2>\n\n\n\n<p>Consulte con su abogado y su asesor fiscal sobre la redacci\u00f3n formal del testamento, as\u00ed como las consecuencias fiscales para cada tipo de donaci\u00f3n programada. El siguiente es un ejemplo (para un monto espec\u00edfico):<\/p>\n\n\n\n<p><em>\u00abLego USD_____ al Cancer Research Institute, TAX ID#13-1837442. Es posible contactar al Cancer Research Institute en su Sede Nacional ubicada en 29 Broadway, Floor 4, New York, NY 10006, 212-688-7515.\u00bb<\/em><\/p>\n\n\n\n\n\n\n\n<h2 class=\"has-medium-large-font-size wp-block-heading\"><strong>Donaciones de IRA<\/strong><\/h2>\n\n\n\n<p>Muchas personas de m\u00e1s de 70 a\u00f1os apoyan al Cancer Research Institute en su investigaci\u00f3n sobre la inmunoterapia mediante donaciones directas de sus ahorros de retiro. Esas donaciones tienen un efecto inmediato en nuestra misi\u00f3n y presentan grandes beneficios financieros: no generan impuestos, ayudan a reducir su carga impositiva futura y pueden ayudarlo a cumplir su distribuci\u00f3n m\u00ednima requerida para el a\u00f1o calendario en curso.<\/p>\n\n\n\n\n\n\n\n<h2 class=\"has-medium-large-font-size wp-block-heading\">Contacto<\/h2>\n\n\n\n<p>Fomente las donaciones en homenaje a alguien especial con una p\u00e1gina de recaudaci\u00f3n de fondos espec\u00edfica.Cree una p\u00e1gina especial, comparta historias, fotos y v\u00eddeos, y encuentre formas creativas de fomentar las donaciones.Usted y los donantes pueden dejar mensajes y actualizaciones en la p\u00e1gina.<\/p>\n\n\n\n\n\n\n\n<h2 class=\"wp-block-heading has-medium-large-font-size\">Frequently asked questions<\/h2>\n\n\n\n\n<p>Anyone who has an interest in helping to advance the fight against cancer is encouraged to donate to CRI. Individuals can&nbsp;<a href=\"https:\/\/www.cancerresearch.org\/ways-to-give\">make cash donations<\/a>&nbsp;and also include CRI in their&nbsp;<a href=\"https:\/\/www.cancerresearch.org\/ways-to-give\/leave-a-legacy\">estate planning or planned giving<\/a>.&nbsp;<a href=\"https:\/\/www.cancerresearch.org\/corporate-partnerships\">Corporations<\/a>&nbsp;and foundations also can make donations.<\/p>\n\n\n\n\n\n<p>CRI is a 501(c)(3) charitable organization, so your donations are deductible for federal or state tax purposes as allowed by law. <a href=\"https:\/\/www.cancerresearch.org\/ways-to-give\/leave-a-legacy\">Planned giving<\/a>, which can encompass bequests and gift annuities, may offer other tax or financial planning advantages as well.<\/p>\n\n\n\n<p>Taxpayers who do not itemize their returns may receive a tax deduction of up to $300 for cash donations to 501(c)(3) nonprofit organizations. Taxpayers who itemize returns may now deduct up to 100% of their Adjusted Gross Income on cash donations. Corporations may now deduct up to 25% of taxable income. Please consult your tax advisor for more information.<\/p>\n\n\n\n\n\n<p><a href=\"https:\/\/www.cancerresearch.org\/charity-ratings-reporting\">We consistently earn high marks from charity watchdog organizations<\/a>, including an A or higher from the American Institute of Philanthropy. We are also a proud member of the&nbsp;<a href=\"https:\/\/give.org\/charity-reviews\/national\/cancer\/cancer-research-institute-in-new-york-ny-3693\" target=\"_blank\" rel=\"noreferrer noopener\">Better Business Bureau Wise Giving Alliance<\/a>, the most rigorous evaluator of charity activity with 20 standards of accountability and ethical practice. We have&nbsp;<a href=\"https:\/\/www.charitynavigator.org\/index.cfm?bay=search.summary&amp;orgid=3417\">4 out of 4 stars from Charity Navigator<\/a>, the nation\u2019s largest and most utilized evaluator of charities; an&nbsp;<a href=\"https:\/\/www.charitywatch.org\/ratings-and-metrics\/cancer-research-institute\/123\">A grade from Charity Watch<\/a>; and a&nbsp;<a href=\"https:\/\/www.guidestar.org\/profile\/13-1837442\">Platinum Participant Seal from GuideStar<\/a>.<\/p>\n\n<\/div>\n\n\n\n<div class=\"wp-block-column is-layout-flow wp-block-column-is-layout-flow\" style=\"flex-basis:33%\">\n\n\n\n\n\n\n\n\n\n\n\n\n\n\n\n\n\n\n\n\n\n\n\n\n\n<\/div>\n<\/div>\n\n<\/div>\n<\/section>","protected":false},"excerpt":{"rendered":"","protected":false},"author":1,"featured_media":0,"parent":27567,"menu_order":61,"comment_status":"closed","ping_status":"closed","template":"","meta":{"_acf_changed":false,"inline_featured_image":false,"_cri_header_bg_color":"","footnotes":""},"resource_cancer_types":[],"resource_patient_age":[],"resource_cancer_stage":[],"resource_treatment_type":[],"resource_treatment_status":[],"class_list":["post-27560","page","type-page","status-publish","hentry"],"acf":[],"yoast_head":"<!-- This site is optimized with the Yoast SEO plugin v26.8 - https:\/\/yoast.com\/product\/yoast-seo-wordpress\/ -->\n<title>Deje un legado - Cancer Research Institute<\/title>\n<meta name=\"robots\" content=\"index, follow, max-snippet:-1, max-image-preview:large, max-video-preview:-1\" \/>\n<link rel=\"canonical\" href=\"https:\/\/www.cancerresearch.org\/es\/maneras-de-colaborar\/deje-un-legado\" \/>\n<meta property=\"og:locale\" content=\"es_ES\" \/>\n<meta property=\"og:type\" content=\"article\" \/>\n<meta property=\"og:title\" content=\"Deje un legado - Cancer Research Institute\" \/>\n<meta property=\"og:url\" content=\"https:\/\/www.cancerresearch.org\/es\/maneras-de-colaborar\/deje-un-legado\" \/>\n<meta property=\"og:site_name\" content=\"Cancer Research Institute\" \/>\n<meta property=\"article:modified_time\" content=\"2023-01-06T04:23:50+00:00\" \/>\n<meta name=\"twitter:card\" content=\"summary_large_image\" \/>\n<meta name=\"twitter:label1\" content=\"Tiempo de lectura\" \/>\n\t<meta name=\"twitter:data1\" content=\"2 minutos\" \/>\n<script type=\"application\/ld+json\" class=\"yoast-schema-graph\">{\"@context\":\"https:\/\/schema.org\",\"@graph\":[{\"@type\":\"WebPage\",\"@id\":\"https:\/\/www.cancerresearch.org\/es\/maneras-de-colaborar\/deje-un-legado\",\"url\":\"https:\/\/www.cancerresearch.org\/es\/maneras-de-colaborar\/deje-un-legado\",\"name\":\"Deje un legado - Cancer Research Institute\",\"isPartOf\":{\"@id\":\"https:\/\/www.cancerresearch.org\/#website\"},\"datePublished\":\"2022-09-08T19:45:37+00:00\",\"dateModified\":\"2023-01-06T04:23:50+00:00\",\"breadcrumb\":{\"@id\":\"https:\/\/www.cancerresearch.org\/es\/maneras-de-colaborar\/deje-un-legado#breadcrumb\"},\"inLanguage\":\"es\",\"potentialAction\":[{\"@type\":\"ReadAction\",\"target\":[\"https:\/\/www.cancerresearch.org\/es\/maneras-de-colaborar\/deje-un-legado\"]}]},{\"@type\":\"BreadcrumbList\",\"@id\":\"https:\/\/www.cancerresearch.org\/es\/maneras-de-colaborar\/deje-un-legado#breadcrumb\",\"itemListElement\":[{\"@type\":\"ListItem\",\"position\":1,\"name\":\"Home\",\"item\":\"https:\/\/www.cancerresearch.org\/es\"},{\"@type\":\"ListItem\",\"position\":2,\"name\":\"Maneras de colaborar\",\"item\":\"https:\/\/www.cancerresearch.org\/es\/maneras-de-colaborar\"},{\"@type\":\"ListItem\",\"position\":3,\"name\":\"Deje un legado\"}]},{\"@type\":\"WebSite\",\"@id\":\"https:\/\/www.cancerresearch.org\/#website\",\"url\":\"https:\/\/www.cancerresearch.org\/\",\"name\":\"Cancer Research Institute\",\"description\":\"For a World Immune to Cancer\",\"publisher\":{\"@id\":\"https:\/\/www.cancerresearch.org\/#organization\"},\"potentialAction\":[{\"@type\":\"SearchAction\",\"target\":{\"@type\":\"EntryPoint\",\"urlTemplate\":\"https:\/\/www.cancerresearch.org\/?s={search_term_string}\"},\"query-input\":{\"@type\":\"PropertyValueSpecification\",\"valueRequired\":true,\"valueName\":\"search_term_string\"}}],\"inLanguage\":\"es\"},{\"@type\":\"Organization\",\"@id\":\"https:\/\/www.cancerresearch.org\/#organization\",\"name\":\"Cancer Research Institute\",\"url\":\"https:\/\/www.cancerresearch.org\/\",\"logo\":{\"@type\":\"ImageObject\",\"inLanguage\":\"es\",\"@id\":\"https:\/\/www.cancerresearch.org\/#\/schema\/logo\/image\/\",\"url\":\"https:\/\/www.cancerresearch.org\/wp-content\/uploads\/2025\/05\/logo-gradient.svg\",\"contentUrl\":\"https:\/\/www.cancerresearch.org\/wp-content\/uploads\/2025\/05\/logo-gradient.svg\",\"width\":156,\"height\":53,\"caption\":\"Cancer Research Institute\"},\"image\":{\"@id\":\"https:\/\/www.cancerresearch.org\/#\/schema\/logo\/image\/\"}}]}<\/script>\n<!-- \/ Yoast SEO plugin. -->","yoast_head_json":{"title":"Deje un legado - Cancer Research Institute","robots":{"index":"index","follow":"follow","max-snippet":"max-snippet:-1","max-image-preview":"max-image-preview:large","max-video-preview":"max-video-preview:-1"},"canonical":"https:\/\/www.cancerresearch.org\/es\/maneras-de-colaborar\/deje-un-legado","og_locale":"es_ES","og_type":"article","og_title":"Deje un legado - Cancer Research Institute","og_url":"https:\/\/www.cancerresearch.org\/es\/maneras-de-colaborar\/deje-un-legado","og_site_name":"Cancer Research Institute","article_modified_time":"2023-01-06T04:23:50+00:00","twitter_card":"summary_large_image","twitter_misc":{"Tiempo de lectura":"2 minutos"},"schema":{"@context":"https:\/\/schema.org","@graph":[{"@type":"WebPage","@id":"https:\/\/www.cancerresearch.org\/es\/maneras-de-colaborar\/deje-un-legado","url":"https:\/\/www.cancerresearch.org\/es\/maneras-de-colaborar\/deje-un-legado","name":"Deje un legado - Cancer Research Institute","isPartOf":{"@id":"https:\/\/www.cancerresearch.org\/#website"},"datePublished":"2022-09-08T19:45:37+00:00","dateModified":"2023-01-06T04:23:50+00:00","breadcrumb":{"@id":"https:\/\/www.cancerresearch.org\/es\/maneras-de-colaborar\/deje-un-legado#breadcrumb"},"inLanguage":"es","potentialAction":[{"@type":"ReadAction","target":["https:\/\/www.cancerresearch.org\/es\/maneras-de-colaborar\/deje-un-legado"]}]},{"@type":"BreadcrumbList","@id":"https:\/\/www.cancerresearch.org\/es\/maneras-de-colaborar\/deje-un-legado#breadcrumb","itemListElement":[{"@type":"ListItem","position":1,"name":"Home","item":"https:\/\/www.cancerresearch.org\/es"},{"@type":"ListItem","position":2,"name":"Maneras de colaborar","item":"https:\/\/www.cancerresearch.org\/es\/maneras-de-colaborar"},{"@type":"ListItem","position":3,"name":"Deje un legado"}]},{"@type":"WebSite","@id":"https:\/\/www.cancerresearch.org\/#website","url":"https:\/\/www.cancerresearch.org\/","name":"Cancer Research Institute","description":"For a World Immune to Cancer","publisher":{"@id":"https:\/\/www.cancerresearch.org\/#organization"},"potentialAction":[{"@type":"SearchAction","target":{"@type":"EntryPoint","urlTemplate":"https:\/\/www.cancerresearch.org\/?s={search_term_string}"},"query-input":{"@type":"PropertyValueSpecification","valueRequired":true,"valueName":"search_term_string"}}],"inLanguage":"es"},{"@type":"Organization","@id":"https:\/\/www.cancerresearch.org\/#organization","name":"Cancer Research Institute","url":"https:\/\/www.cancerresearch.org\/","logo":{"@type":"ImageObject","inLanguage":"es","@id":"https:\/\/www.cancerresearch.org\/#\/schema\/logo\/image\/","url":"https:\/\/www.cancerresearch.org\/wp-content\/uploads\/2025\/05\/logo-gradient.svg","contentUrl":"https:\/\/www.cancerresearch.org\/wp-content\/uploads\/2025\/05\/logo-gradient.svg","width":156,"height":53,"caption":"Cancer Research Institute"},"image":{"@id":"https:\/\/www.cancerresearch.org\/#\/schema\/logo\/image\/"}}]}},"_links":{"self":[{"href":"https:\/\/www.cancerresearch.org\/es\/wp-json\/wp\/v2\/pages\/27560","targetHints":{"allow":["GET"]}}],"collection":[{"href":"https:\/\/www.cancerresearch.org\/es\/wp-json\/wp\/v2\/pages"}],"about":[{"href":"https:\/\/www.cancerresearch.org\/es\/wp-json\/wp\/v2\/types\/page"}],"author":[{"embeddable":true,"href":"https:\/\/www.cancerresearch.org\/es\/wp-json\/wp\/v2\/users\/1"}],"replies":[{"embeddable":true,"href":"https:\/\/www.cancerresearch.org\/es\/wp-json\/wp\/v2\/comments?post=27560"}],"version-history":[{"count":0,"href":"https:\/\/www.cancerresearch.org\/es\/wp-json\/wp\/v2\/pages\/27560\/revisions"}],"up":[{"embeddable":true,"href":"https:\/\/www.cancerresearch.org\/es\/wp-json\/wp\/v2\/pages\/27567"}],"wp:attachment":[{"href":"https:\/\/www.cancerresearch.org\/es\/wp-json\/wp\/v2\/media?parent=27560"}],"wp:term":[{"taxonomy":"resource_cancer_types","embeddable":true,"href":"https:\/\/www.cancerresearch.org\/es\/wp-json\/wp\/v2\/resource_cancer_types?post=27560"},{"taxonomy":"resource_patient_age","embeddable":true,"href":"https:\/\/www.cancerresearch.org\/es\/wp-json\/wp\/v2\/resource_patient_age?post=27560"},{"taxonomy":"resource_cancer_stage","embeddable":true,"href":"https:\/\/www.cancerresearch.org\/es\/wp-json\/wp\/v2\/resource_cancer_stage?post=27560"},{"taxonomy":"resource_treatment_type","embeddable":true,"href":"https:\/\/www.cancerresearch.org\/es\/wp-json\/wp\/v2\/resource_treatment_type?post=27560"},{"taxonomy":"resource_treatment_status","embeddable":true,"href":"https:\/\/www.cancerresearch.org\/es\/wp-json\/wp\/v2\/resource_treatment_status?post=27560"}],"curies":[{"name":"wp","href":"https:\/\/api.w.org\/{rel}","templated":true}]}}