{"id":27558,"date":"2022-09-08T15:44:19","date_gmt":"2022-09-08T19:44:19","guid":{"rendered":"https:\/\/www.cancerresearch.org\/haga-un-homenaje-a-alguien-especial"},"modified":"2023-06-06T15:25:04","modified_gmt":"2023-06-06T19:25:04","slug":"haga-un-homenaje-a-alguien-especial","status":"publish","type":"page","link":"https:\/\/www.cancerresearch.org\/es\/maneras-de-colaborar\/haga-un-homenaje-a-alguien-especial","title":{"rendered":"Haga un homenaje a alguien especial"},"content":{"rendered":"<section id=\"section-block_ff7895a2ef1f5add5343855429483796\" class=\"section-block bg-type-lottie pattern-section-hero wp-block-acf-block-section\">\n  \n    \n  <div class=\"is-layout-constrained section-inner\">\n\n<div class=\"wp-block-columns is-layout-flex wp-container-core-columns-is-layout-28f84493 wp-block-columns-is-layout-flex\">\n<div class=\"wp-block-column is-layout-flow wp-block-column-is-layout-flow\" style=\"flex-basis:675px\">\n\n\n<h1 class=\"wp-block-heading has-white-color has-text-color\">Haga una donaci\u00f3n en memoria o en honor de un ser querido<\/h1>\n\n\n\n<p class=\"has-white-color has-text-color has-medium-large-font-size\" style=\"font-style:normal;font-weight:500\">Done o recaude fondos en memoria o como homenaje a un ser querido para apoyar las investigaciones en inmunoterapia.<\/p>\n\n\n<\/div>\n<\/div>\n\n<\/div>\n<\/section>\n\n<section id=\"section-block_b86810b0938bdb24410a3b55272abc71\" class=\"section-block bg-type-solid wp-block-acf-block-section\">\n  \n    \n  <div class=\"is-layout-constrained section-inner\">\n\n<div class=\"wp-block-columns is-layout-flex wp-container-core-columns-is-layout-28f84493 wp-block-columns-is-layout-flex\">\n<div class=\"wp-block-column is-layout-flow wp-block-column-is-layout-flow\" style=\"flex-basis:67%\">\n<p><strong>Se pierden muchas vidas debido al c\u00e1ncer. Por eso el Cancer Research Institute est\u00e1 comprometido a salvar m\u00e1s vidas impulsando el descubrimiento y desarrollo de inmunoterapias eficaces para todos los tipos de c\u00e1ncer.<\/strong><\/p>\n\n\n\n<p>En lugar de flores por una p\u00e9rdida, o regalos para celebrar a un ser querido, solicite donaciones o cree una recaudaci\u00f3n de fondos para apoyar un futuro inmune al c\u00e1ncer. Las donaciones en memoria y en homenaje demuestran respeto por la lucha de cada persona contra el c\u00e1ncer y tienen un efecto en la lucha mundial contra el c\u00e1ncer.<\/p>\n\n\n\n\n\n<h2 class=\"wp-block-heading has-medium-large-font-size\">Haga una donaci\u00f3n en memoria o en homenaje a alguien<\/h2>\n\n\n\n<p>Las donaciones especiales pueden realizarse en l\u00ednea, por tel\u00e9fono o por correo. Env\u00ede una tarjeta electr\u00f3nica o impresa con la informaci\u00f3n de contacto de la persona a la que desea que notifiquemos del homenaje. Le informaremos cuando usted haya hecho una donaci\u00f3n en memoria o en honor de alguien especial.<\/p>\n\n\n\n<ul class=\"wp-block-list\">\n<li><a href=\"https:\/\/www.cancerresearch.org\/spring26\">Done en l\u00ednea<\/a><\/li>\n\n\n\n<li>Done por tel\u00e9fono al (800) 992-2623<\/li>\n\n\n\n<li><a href=\"https:\/\/www.cancerresearch.org\/es\/done-mediante-cheque-o-acciones\">Done por correo:<\/a> descargue el formulario y env\u00edelo al CRI<\/li>\n<\/ul>\n\n\n\n\n\n<h2 class=\"wp-block-heading has-medium-large-font-size\"><strong>Cree una recaudaci\u00f3n de fondos conmemorativa<\/strong><\/h2>\n\n\n\n<p>Honre la memoria de un ser querido con una p\u00e1gina especial de recaudaci\u00f3n de fondos. Puede a\u00f1adir fotos e historias para personalizar la p\u00e1gina web,que tendr\u00e1 un enlace personalizado para utilizar en obituarios y materiales funerarios para fomentar las donaciones. Al hacer una donaci\u00f3n, los donantes pueden dejar mensajes en la p\u00e1gina.<\/p>\n\n\n\n\n\n\n\n<h2 class=\"wp-block-heading has-medium-large-font-size\">Cree una recaudaci\u00f3n de fondos como homenaje<\/h2>\n\n\n\n<p>Fomente las donaciones en honor a alguien especial con una p\u00e1gina de recaudaci\u00f3n de fondos especial. Cree una p\u00e1gina especial, comparta historias, fotos y v\u00eddeos, y encuentre formas creativas de fomentar las donaciones. Tanto usted como los donantes pueden dejar mensajes y actualizaciones en la p\u00e1gina.<\/p>\n\n\n\n\n\n<p>Haga una donaci\u00f3n en memoria o en honor a una persona. Las donaciones cuantiosas y deducibles de impuestos en nombre de un ser querido financiar\u00e1n las investigaciones cl\u00ednicas y de laboratorio m\u00e1s innovadoras en todo el mundo y financiar\u00e1n a la pr\u00f3xima generaci\u00f3n de l\u00edderes de la inmunoncolog\u00eda.<\/p>\n\n\n\n\n\n<h2 class=\"wp-block-heading has-medium-large-font-size\">Frequently asked questions<\/h2>\n\n\n\n\n<p>Anyone who has an interest in helping to advance the fight against cancer is encouraged to donate to CRI. Individuals can&nbsp;<a href=\"https:\/\/www.cancerresearch.org\/ways-to-give\">make cash donations<\/a>&nbsp;and also include CRI in their&nbsp;<a href=\"https:\/\/www.cancerresearch.org\/ways-to-give\/leave-a-legacy\">estate planning or planned giving<\/a>.&nbsp;<a href=\"https:\/\/www.cancerresearch.org\/corporate-partnerships\">Corporations<\/a>&nbsp;and foundations also can make donations.<\/p>\n\n\n\n\n\n<p>CRI is a 501(c)(3) charitable organization, so your donations are deductible for federal or state tax purposes as allowed by law. <a href=\"https:\/\/www.cancerresearch.org\/ways-to-give\/leave-a-legacy\">Planned giving<\/a>, which can encompass bequests and gift annuities, may offer other tax or financial planning advantages as well.<\/p>\n\n\n\n<p>Taxpayers who do not itemize their returns may receive a tax deduction of up to $300 for cash donations to 501(c)(3) nonprofit organizations. Taxpayers who itemize returns may now deduct up to 100% of their Adjusted Gross Income on cash donations. Corporations may now deduct up to 25% of taxable income. Please consult your tax advisor for more information.<\/p>\n\n\n\n\n\n<p><a href=\"https:\/\/www.cancerresearch.org\/charity-ratings-reporting\">We consistently earn high marks from charity watchdog organizations<\/a>, including an A or higher from the American Institute of Philanthropy. We are also a proud member of the&nbsp;<a href=\"https:\/\/give.org\/charity-reviews\/national\/cancer\/cancer-research-institute-in-new-york-ny-3693\" target=\"_blank\" rel=\"noreferrer noopener\">Better Business Bureau Wise Giving Alliance<\/a>, the most rigorous evaluator of charity activity with 20 standards of accountability and ethical practice. We have&nbsp;<a href=\"https:\/\/www.charitynavigator.org\/index.cfm?bay=search.summary&amp;orgid=3417\">4 out of 4 stars from Charity Navigator<\/a>, the nation\u2019s largest and most utilized evaluator of charities; an&nbsp;<a href=\"https:\/\/www.charitywatch.org\/ratings-and-metrics\/cancer-research-institute\/123\">A grade from Charity Watch<\/a>; and a&nbsp;<a href=\"https:\/\/www.guidestar.org\/profile\/13-1837442\">Platinum Participant Seal from GuideStar<\/a>.<\/p>\n\n<\/div>\n\n\n\n<div class=\"wp-block-column is-layout-flow wp-block-column-is-layout-flow\" style=\"flex-basis:33%\">\n\n\n\n\n\n\n\n\n\n\n\n\n\n\n\n\n\n\n\n\n\n\n\n\n\n<\/div>\n<\/div>\n\n<\/div>\n<\/section>","protected":false},"excerpt":{"rendered":"","protected":false},"author":1,"featured_media":0,"parent":27567,"menu_order":63,"comment_status":"closed","ping_status":"closed","template":"","meta":{"_acf_changed":false,"inline_featured_image":false,"_cri_header_bg_color":"","footnotes":""},"resource_cancer_types":[],"resource_patient_age":[],"resource_cancer_stage":[],"resource_treatment_type":[],"resource_treatment_status":[],"class_list":["post-27558","page","type-page","status-publish","hentry"],"acf":[],"yoast_head":"<!-- This site is optimized with the Yoast SEO plugin v26.8 - https:\/\/yoast.com\/product\/yoast-seo-wordpress\/ -->\n<title>Haga una donaci\u00f3n al CRI en memoria de un ser querido<\/title>\n<meta name=\"description\" content=\"Haga una donaci\u00f3n o recaude fondos en memoria o en honor de un ser querido para apoyar las investigaciones de inmunoterapia que lleva a cabo el CRI.\" \/>\n<meta name=\"robots\" content=\"index, follow, max-snippet:-1, max-image-preview:large, max-video-preview:-1\" \/>\n<link rel=\"canonical\" href=\"https:\/\/www.cancerresearch.org\/es\/maneras-de-colaborar\/haga-un-homenaje-a-alguien-especial\" \/>\n<meta property=\"og:locale\" content=\"es_ES\" \/>\n<meta property=\"og:type\" content=\"article\" \/>\n<meta property=\"og:title\" content=\"Haga una donaci\u00f3n al CRI en memoria de un ser querido\" \/>\n<meta property=\"og:description\" content=\"Haga una donaci\u00f3n o recaude fondos en memoria o en honor de un ser querido para apoyar las investigaciones de inmunoterapia que lleva a cabo el CRI.\" \/>\n<meta property=\"og:url\" content=\"https:\/\/www.cancerresearch.org\/es\/maneras-de-colaborar\/haga-un-homenaje-a-alguien-especial\" \/>\n<meta property=\"og:site_name\" content=\"Cancer Research Institute\" \/>\n<meta property=\"article:modified_time\" content=\"2023-06-06T19:25:04+00:00\" \/>\n<meta name=\"twitter:card\" content=\"summary_large_image\" \/>\n<meta name=\"twitter:label1\" content=\"Tiempo de lectura\" \/>\n\t<meta name=\"twitter:data1\" content=\"2 minutos\" \/>\n<script type=\"application\/ld+json\" class=\"yoast-schema-graph\">{\"@context\":\"https:\/\/schema.org\",\"@graph\":[{\"@type\":\"WebPage\",\"@id\":\"https:\/\/www.cancerresearch.org\/es\/maneras-de-colaborar\/haga-un-homenaje-a-alguien-especial\",\"url\":\"https:\/\/www.cancerresearch.org\/es\/maneras-de-colaborar\/haga-un-homenaje-a-alguien-especial\",\"name\":\"Haga una donaci\u00f3n al CRI en memoria de un ser querido\",\"isPartOf\":{\"@id\":\"https:\/\/www.cancerresearch.org\/#website\"},\"datePublished\":\"2022-09-08T19:44:19+00:00\",\"dateModified\":\"2023-06-06T19:25:04+00:00\",\"description\":\"Haga una donaci\u00f3n o recaude fondos en memoria o en honor de un ser querido para apoyar las investigaciones de inmunoterapia que lleva a cabo el CRI.\",\"breadcrumb\":{\"@id\":\"https:\/\/www.cancerresearch.org\/es\/maneras-de-colaborar\/haga-un-homenaje-a-alguien-especial#breadcrumb\"},\"inLanguage\":\"es\",\"potentialAction\":[{\"@type\":\"ReadAction\",\"target\":[\"https:\/\/www.cancerresearch.org\/es\/maneras-de-colaborar\/haga-un-homenaje-a-alguien-especial\"]}]},{\"@type\":\"BreadcrumbList\",\"@id\":\"https:\/\/www.cancerresearch.org\/es\/maneras-de-colaborar\/haga-un-homenaje-a-alguien-especial#breadcrumb\",\"itemListElement\":[{\"@type\":\"ListItem\",\"position\":1,\"name\":\"Home\",\"item\":\"https:\/\/www.cancerresearch.org\/es\"},{\"@type\":\"ListItem\",\"position\":2,\"name\":\"Maneras de colaborar\",\"item\":\"https:\/\/www.cancerresearch.org\/es\/maneras-de-colaborar\"},{\"@type\":\"ListItem\",\"position\":3,\"name\":\"Haga un homenaje a alguien especial\"}]},{\"@type\":\"WebSite\",\"@id\":\"https:\/\/www.cancerresearch.org\/#website\",\"url\":\"https:\/\/www.cancerresearch.org\/\",\"name\":\"Cancer Research Institute\",\"description\":\"For a World Immune to Cancer\",\"publisher\":{\"@id\":\"https:\/\/www.cancerresearch.org\/#organization\"},\"potentialAction\":[{\"@type\":\"SearchAction\",\"target\":{\"@type\":\"EntryPoint\",\"urlTemplate\":\"https:\/\/www.cancerresearch.org\/?s={search_term_string}\"},\"query-input\":{\"@type\":\"PropertyValueSpecification\",\"valueRequired\":true,\"valueName\":\"search_term_string\"}}],\"inLanguage\":\"es\"},{\"@type\":\"Organization\",\"@id\":\"https:\/\/www.cancerresearch.org\/#organization\",\"name\":\"Cancer Research Institute\",\"url\":\"https:\/\/www.cancerresearch.org\/\",\"logo\":{\"@type\":\"ImageObject\",\"inLanguage\":\"es\",\"@id\":\"https:\/\/www.cancerresearch.org\/#\/schema\/logo\/image\/\",\"url\":\"https:\/\/www.cancerresearch.org\/wp-content\/uploads\/2025\/05\/logo-gradient.svg\",\"contentUrl\":\"https:\/\/www.cancerresearch.org\/wp-content\/uploads\/2025\/05\/logo-gradient.svg\",\"width\":156,\"height\":53,\"caption\":\"Cancer Research Institute\"},\"image\":{\"@id\":\"https:\/\/www.cancerresearch.org\/#\/schema\/logo\/image\/\"}}]}<\/script>\n<!-- \/ Yoast SEO plugin. -->","yoast_head_json":{"title":"Haga una donaci\u00f3n al CRI en memoria de un ser querido","description":"Haga una donaci\u00f3n o recaude fondos en memoria o en honor de un ser querido para apoyar las investigaciones de inmunoterapia que lleva a cabo el CRI.","robots":{"index":"index","follow":"follow","max-snippet":"max-snippet:-1","max-image-preview":"max-image-preview:large","max-video-preview":"max-video-preview:-1"},"canonical":"https:\/\/www.cancerresearch.org\/es\/maneras-de-colaborar\/haga-un-homenaje-a-alguien-especial","og_locale":"es_ES","og_type":"article","og_title":"Haga una donaci\u00f3n al CRI en memoria de un ser querido","og_description":"Haga una donaci\u00f3n o recaude fondos en memoria o en honor de un ser querido para apoyar las investigaciones de inmunoterapia que lleva a cabo el CRI.","og_url":"https:\/\/www.cancerresearch.org\/es\/maneras-de-colaborar\/haga-un-homenaje-a-alguien-especial","og_site_name":"Cancer Research Institute","article_modified_time":"2023-06-06T19:25:04+00:00","twitter_card":"summary_large_image","twitter_misc":{"Tiempo de lectura":"2 minutos"},"schema":{"@context":"https:\/\/schema.org","@graph":[{"@type":"WebPage","@id":"https:\/\/www.cancerresearch.org\/es\/maneras-de-colaborar\/haga-un-homenaje-a-alguien-especial","url":"https:\/\/www.cancerresearch.org\/es\/maneras-de-colaborar\/haga-un-homenaje-a-alguien-especial","name":"Haga una donaci\u00f3n al CRI en memoria de un ser querido","isPartOf":{"@id":"https:\/\/www.cancerresearch.org\/#website"},"datePublished":"2022-09-08T19:44:19+00:00","dateModified":"2023-06-06T19:25:04+00:00","description":"Haga una donaci\u00f3n o recaude fondos en memoria o en honor de un ser querido para apoyar las investigaciones de inmunoterapia que lleva a cabo el CRI.","breadcrumb":{"@id":"https:\/\/www.cancerresearch.org\/es\/maneras-de-colaborar\/haga-un-homenaje-a-alguien-especial#breadcrumb"},"inLanguage":"es","potentialAction":[{"@type":"ReadAction","target":["https:\/\/www.cancerresearch.org\/es\/maneras-de-colaborar\/haga-un-homenaje-a-alguien-especial"]}]},{"@type":"BreadcrumbList","@id":"https:\/\/www.cancerresearch.org\/es\/maneras-de-colaborar\/haga-un-homenaje-a-alguien-especial#breadcrumb","itemListElement":[{"@type":"ListItem","position":1,"name":"Home","item":"https:\/\/www.cancerresearch.org\/es"},{"@type":"ListItem","position":2,"name":"Maneras de colaborar","item":"https:\/\/www.cancerresearch.org\/es\/maneras-de-colaborar"},{"@type":"ListItem","position":3,"name":"Haga un homenaje a alguien especial"}]},{"@type":"WebSite","@id":"https:\/\/www.cancerresearch.org\/#website","url":"https:\/\/www.cancerresearch.org\/","name":"Cancer Research Institute","description":"For a World Immune to Cancer","publisher":{"@id":"https:\/\/www.cancerresearch.org\/#organization"},"potentialAction":[{"@type":"SearchAction","target":{"@type":"EntryPoint","urlTemplate":"https:\/\/www.cancerresearch.org\/?s={search_term_string}"},"query-input":{"@type":"PropertyValueSpecification","valueRequired":true,"valueName":"search_term_string"}}],"inLanguage":"es"},{"@type":"Organization","@id":"https:\/\/www.cancerresearch.org\/#organization","name":"Cancer Research Institute","url":"https:\/\/www.cancerresearch.org\/","logo":{"@type":"ImageObject","inLanguage":"es","@id":"https:\/\/www.cancerresearch.org\/#\/schema\/logo\/image\/","url":"https:\/\/www.cancerresearch.org\/wp-content\/uploads\/2025\/05\/logo-gradient.svg","contentUrl":"https:\/\/www.cancerresearch.org\/wp-content\/uploads\/2025\/05\/logo-gradient.svg","width":156,"height":53,"caption":"Cancer Research Institute"},"image":{"@id":"https:\/\/www.cancerresearch.org\/#\/schema\/logo\/image\/"}}]}},"_links":{"self":[{"href":"https:\/\/www.cancerresearch.org\/es\/wp-json\/wp\/v2\/pages\/27558","targetHints":{"allow":["GET"]}}],"collection":[{"href":"https:\/\/www.cancerresearch.org\/es\/wp-json\/wp\/v2\/pages"}],"about":[{"href":"https:\/\/www.cancerresearch.org\/es\/wp-json\/wp\/v2\/types\/page"}],"author":[{"embeddable":true,"href":"https:\/\/www.cancerresearch.org\/es\/wp-json\/wp\/v2\/users\/1"}],"replies":[{"embeddable":true,"href":"https:\/\/www.cancerresearch.org\/es\/wp-json\/wp\/v2\/comments?post=27558"}],"version-history":[{"count":0,"href":"https:\/\/www.cancerresearch.org\/es\/wp-json\/wp\/v2\/pages\/27558\/revisions"}],"up":[{"embeddable":true,"href":"https:\/\/www.cancerresearch.org\/es\/wp-json\/wp\/v2\/pages\/27567"}],"wp:attachment":[{"href":"https:\/\/www.cancerresearch.org\/es\/wp-json\/wp\/v2\/media?parent=27558"}],"wp:term":[{"taxonomy":"resource_cancer_types","embeddable":true,"href":"https:\/\/www.cancerresearch.org\/es\/wp-json\/wp\/v2\/resource_cancer_types?post=27558"},{"taxonomy":"resource_patient_age","embeddable":true,"href":"https:\/\/www.cancerresearch.org\/es\/wp-json\/wp\/v2\/resource_patient_age?post=27558"},{"taxonomy":"resource_cancer_stage","embeddable":true,"href":"https:\/\/www.cancerresearch.org\/es\/wp-json\/wp\/v2\/resource_cancer_stage?post=27558"},{"taxonomy":"resource_treatment_type","embeddable":true,"href":"https:\/\/www.cancerresearch.org\/es\/wp-json\/wp\/v2\/resource_treatment_type?post=27558"},{"taxonomy":"resource_treatment_status","embeddable":true,"href":"https:\/\/www.cancerresearch.org\/es\/wp-json\/wp\/v2\/resource_treatment_status?post=27558"}],"curies":[{"name":"wp","href":"https:\/\/api.w.org\/{rel}","templated":true}]}}