{"id":27556,"date":"2022-09-08T15:43:32","date_gmt":"2022-09-08T19:43:32","guid":{"rendered":"https:\/\/www.cancerresearch.org\/done-mediante-cheque-o-acciones"},"modified":"2023-06-06T15:22:50","modified_gmt":"2023-06-06T19:22:50","slug":"done-mediante-cheque-o-acciones","status":"publish","type":"page","link":"https:\/\/www.cancerresearch.org\/es\/maneras-de-colaborar\/done-mediante-cheque-o-acciones","title":{"rendered":"Done mediante cheque o acciones"},"content":{"rendered":"<section id=\"section-block_05b31e2752f98d56e3bd88eada5779cc\" class=\"section-block bg-type-lottie pattern-section-hero wp-block-acf-block-section\">\n  \n    \n  <div class=\"is-layout-constrained section-inner\">\n\n<div class=\"wp-block-columns is-layout-flex wp-container-core-columns-is-layout-28f84493 wp-block-columns-is-layout-flex\">\n<div class=\"wp-block-column is-layout-flow wp-block-column-is-layout-flow\" style=\"flex-basis:623px\">\n\n\n<h1 class=\"wp-block-heading has-white-color has-text-color\">Done mediante cheque o acciones<\/h1>\n\n\n\n<p class=\"has-white-color has-text-color has-medium-large-font-size\" style=\"font-style:normal;font-weight:500\">Una manera pr\u00e1ctica de apoyar la investigaci\u00f3n sobre inmunoterapia<\/p>\n<\/div>\n<\/div>\n\n<\/div>\n<\/section>\n\n<section id=\"section-block_c3e9eca5ee78df52483df13940bb5f42\" class=\"section-block bg-type-solid wp-block-acf-block-section\">\n  \n    \n  <div class=\"is-layout-constrained section-inner\">\n\n<div class=\"wp-block-columns is-layout-flex wp-container-core-columns-is-layout-28f84493 wp-block-columns-is-layout-flex\">\n<div class=\"wp-block-column is-layout-flow wp-block-column-is-layout-flow\" style=\"flex-basis:67%\">\n<p>Muchos donantes del CRI que eligen donar t\u00edtulos-valores establecen junto con sus asesores financieros un calendario de distribuci\u00f3n anual regular, especialmente cuando hacen donaciones a m\u00e1s de una organizaci\u00f3n ben\u00e9fica. <\/p>\n\n\n\n<p>Este recurso gratuito facilita el comienzo. Para informarse m\u00e1s sobre posibles ahorros impositivos, acceda a la informaci\u00f3n de DTC y llene los formularios correspondientes en l\u00ednea para apoyar al CRI con la donaci\u00f3n de acciones.<\/p>\n\n\n\n\n\n\n\n<h2 class=\"wp-block-heading has-medium-large-font-size\"><strong>Para transferir t\u00edtulos-valores al CRI, es posible que su asesor necesite la siguiente informaci\u00f3n:<\/strong><\/h2>\n\n\n\n<p style=\"line-height:2\">Nombre de la agencia: <strong>Morgan Stanley Private Wealth Management<\/strong><br>N.\u00ba de cuenta: <strong>235-172449<\/strong><strong>773<\/strong><br>DTC: <strong>0015<\/strong><br>Persona de contacto: <strong>Sean McDermott<\/strong><br>Tel\u00e9fono: <strong>212-503-1112<\/strong><br>Fax: <strong>212-503-1166<\/strong><br>N.\u00ba EIN: <strong>13-1837442<\/strong><\/p>\n\n\n\n<p>Si hace una donaci\u00f3n de valores, s\u00edrvase informarnos tambi\u00e9n por correo electr\u00f3nico a <a href=\"mailto:donations@cancerresearch.org\">donations@cancerresearch.org<\/a>. Esto nos permitir\u00e1 confirmar m\u00e1s r\u00e1pido su donaci\u00f3n y emitir un recibo a efectos fiscales.<\/p>\n\n\n\n<p>Muchos donantes del CRI que eligen donar t\u00edtulos-valores establecen junto con sus asesores financieros un calendario de distribuci\u00f3n anual regular, especialmente cuando hacen donaciones a m\u00e1s de una organizaci\u00f3n ben\u00e9fica. As\u00ed, tienen la seguridad de que sus inversiones se gestionar\u00e1n correctamente y que se cumplir\u00e1n sus deseos.<\/p>\n\n\n\n<p>Si tiene preguntas o necesita ayuda para hacer una donaci\u00f3n, comun\u00edquese con nuestro director financiero, Alfred Massidas, al 1-212-688-7515 x237 o al correo electr\u00f3nico <a href=\"mailto:amassidas@cancerresearch.org\">amassidas@cancerresearch.org<\/a>.<\/p>\n\n\n\n\n\n<h2 class=\"wp-block-heading has-medium-large-font-size\">Done mediante transferencia bancaria<\/h2>\n\n\n\n<p>Haga una donaci\u00f3n para apoyar la inmunoterapia mediante una simple transferencia electr\u00f3nica de fondos desde su banco.<\/p>\n\n\n\n<p>Si desea hacer una donaci\u00f3n \u00fanica mediante transferencia bancaria, siga las siguientes instrucciones:<\/p>\n\n\n\n<p class=\"has-grey-5-color has-text-color has-x-small-font-size\" style=\"font-style:normal;font-weight:700;text-transform:uppercase\">Instrucciones para transferencias bancarias<\/p>\n\n\n\n<p style=\"line-height:2\">Nombre de la empresa: <strong>Cancer Research Institute<\/strong><br>Domicilio: <strong>29 Broadway, Fl 4, New York, NY 10006<\/strong><br>Nombre del banco: <strong>JPMorgan Chase<\/strong><br>Domicilio: <strong>1166 Avenue of the Americas, Fl 20. New York, NY 10036<\/strong><br>Persona de contacto: <strong>Jinal Choksi<\/strong><br>Tel\u00e9fono: 212-623-1250<br>N\u00famero ABA (para transferencias nacionales): <strong>021000021<\/strong><br>C\u00f3digo Swift (para transferencias internacionales): <strong>Chasus33<\/strong><br>N\u00famero de cuenta: <strong>904950328<\/strong><br>Tipo de cuenta: <strong>cuenta corriente<\/strong><\/p>\n\n\n\n<p>Si hace una transferencia bancaria, s\u00edrvase informarnos tambi\u00e9n por correo electr\u00f3nico a <a href=\"mailto:donations@cancerresearch.org\">donations@cancerresearch.org<\/a>. Esto nos permitir\u00e1 confirmar m\u00e1s r\u00e1pido su donaci\u00f3n y emitir un recibo a efectos fiscales.<\/p>\n\n\n\n<p>Si tiene preguntas o necesita ayuda para hacer una donaci\u00f3n, comun\u00edquese con nuestro director financiero, Alfred Massidas, al 1-212-688-7515 x237 o al correo electr\u00f3nico <a href=\"mailto:amassidas@cancerresearch.org\">amassidas@cancerresearch.org<\/a>.<\/p>\n\n\n\n\n\n<h2 class=\"wp-block-heading has-medium-large-font-size\">Done mediante cheque<\/h2>\n\n\n\n<p>El Cancer Research Institute agradece tambi\u00e9n donaciones por correo de cualquier monto.<\/p>\n\n\n\n<p><strong>Para donar por correo, simplemente descargue el <a href=\"https:\/\/www.cancerresearch.org\/wp-content\/uploads\/2023\/01\/qwv_F7el9QGulMr8wM1rtqZnNohxfYYXRTcu5hVmHBs.pdf\">formulario<\/a> (<a href=\"https:\/\/www.cancerresearch.org\/wp-content\/uploads\/2023\/01\/qwv_F7el9QGulMr8wM1rtqZnNohxfYYXRTcu5hVmHBs.pdf\">PDF<\/a>), impr\u00edmalo y env\u00edelo por correo completo con su informaci\u00f3n de pago (aceptamos Mastercard, Visa, American Express y Discover; o cheques, a nombre del Cancer Research Institute), a esta direcci\u00f3n:<\/strong><\/p>\n\n\n\n<p>Cancer Research Institute<br>Donaci\u00f3n Web<br>29 Broadway, Floor 4<br>New York, NY 10006-3111<\/p>\n\n\n\n<p><a href=\"https:\/\/www.cancerresearch.org\/wp-content\/uploads\/2023\/01\/qwv_F7el9QGulMr8wM1rtqZnNohxfYYXRTcu5hVmHBs.pdf\" target=\"_blank\" rel=\"noreferrer noopener\">DOWNLOAD DONATION FORM<\/a>&nbsp;<\/p>\n\n\n\n\n\n<h2 class=\"wp-block-heading has-medium-large-font-size\">Frequently asked questions<\/h2>\n\n\n\n\n<p>Anyone who has an interest in helping to advance the fight against cancer is encouraged to donate to CRI. Individuals can&nbsp;<a href=\"https:\/\/www.cancerresearch.org\/ways-to-give\">make cash donations<\/a>&nbsp;and also include CRI in their&nbsp;<a href=\"https:\/\/www.cancerresearch.org\/ways-to-give\/leave-a-legacy\">estate planning or planned giving<\/a>.&nbsp;<a href=\"https:\/\/www.cancerresearch.org\/corporate-partnerships\">Corporations<\/a>&nbsp;and foundations also can make donations.<\/p>\n\n\n\n\n\n<p>CRI is a 501(c)(3) charitable organization, so your donations are deductible for federal or state tax purposes as allowed by law. <a href=\"https:\/\/www.cancerresearch.org\/ways-to-give\/leave-a-legacy\">Planned giving<\/a>, which can encompass bequests and gift annuities, may offer other tax or financial planning advantages as well.<\/p>\n\n\n\n<p>Taxpayers who do not itemize their returns may receive a tax deduction of up to $300 for cash donations to 501(c)(3) nonprofit organizations. Taxpayers who itemize returns may now deduct up to 100% of their Adjusted Gross Income on cash donations. Corporations may now deduct up to 25% of taxable income. Please consult your tax advisor for more information.<\/p>\n\n\n\n\n\n<p><a href=\"https:\/\/www.cancerresearch.org\/charity-ratings-reporting\">We consistently earn high marks from charity watchdog organizations<\/a>, including an A or higher from the American Institute of Philanthropy. We are also a proud member of the&nbsp;<a href=\"https:\/\/give.org\/charity-reviews\/national\/cancer\/cancer-research-institute-in-new-york-ny-3693\" target=\"_blank\" rel=\"noreferrer noopener\">Better Business Bureau Wise Giving Alliance<\/a>, the most rigorous evaluator of charity activity with 20 standards of accountability and ethical practice. We have&nbsp;<a href=\"https:\/\/www.charitynavigator.org\/index.cfm?bay=search.summary&amp;orgid=3417\">4 out of 4 stars from Charity Navigator<\/a>, the nation\u2019s largest and most utilized evaluator of charities; an&nbsp;<a href=\"https:\/\/www.charitywatch.org\/ratings-and-metrics\/cancer-research-institute\/123\">A grade from Charity Watch<\/a>; and a&nbsp;<a href=\"https:\/\/www.guidestar.org\/profile\/13-1837442\">Platinum Participant Seal from GuideStar<\/a>.<\/p>\n\n<\/div>\n\n\n\n<div class=\"wp-block-column is-layout-flow wp-block-column-is-layout-flow\" style=\"flex-basis:33%\">\n\n\n\n\n\n\n\n\n\n\n\n\n\n\n\n\n\n\n\n\n\n\n\n\n\n<\/div>\n<\/div>\n\n<\/div>\n<\/section>","protected":false},"excerpt":{"rendered":"","protected":false},"author":1,"featured_media":0,"parent":27567,"menu_order":64,"comment_status":"closed","ping_status":"closed","template":"","meta":{"_acf_changed":false,"inline_featured_image":false,"_cri_header_bg_color":"","footnotes":""},"resource_cancer_types":[],"resource_patient_age":[],"resource_cancer_stage":[],"resource_treatment_type":[],"resource_treatment_status":[],"class_list":["post-27556","page","type-page","status-publish","hentry"],"acf":[],"yoast_head":"<!-- This site is optimized with the Yoast SEO plugin v26.8 - https:\/\/yoast.com\/product\/yoast-seo-wordpress\/ -->\n<title>Done mediante cheque o acciones - Cancer Research Institute<\/title>\n<meta name=\"robots\" content=\"index, follow, max-snippet:-1, max-image-preview:large, max-video-preview:-1\" \/>\n<link rel=\"canonical\" href=\"https:\/\/www.cancerresearch.org\/es\/maneras-de-colaborar\/done-mediante-cheque-o-acciones\" \/>\n<meta property=\"og:locale\" content=\"es_ES\" \/>\n<meta property=\"og:type\" content=\"article\" \/>\n<meta property=\"og:title\" content=\"Done mediante cheque o acciones - Cancer Research Institute\" \/>\n<meta property=\"og:url\" content=\"https:\/\/www.cancerresearch.org\/es\/maneras-de-colaborar\/done-mediante-cheque-o-acciones\" \/>\n<meta property=\"og:site_name\" content=\"Cancer Research Institute\" \/>\n<meta property=\"article:modified_time\" content=\"2023-06-06T19:22:50+00:00\" \/>\n<meta name=\"twitter:card\" content=\"summary_large_image\" \/>\n<meta name=\"twitter:label1\" content=\"Tiempo de lectura\" \/>\n\t<meta name=\"twitter:data1\" content=\"2 minutos\" \/>\n<script type=\"application\/ld+json\" class=\"yoast-schema-graph\">{\"@context\":\"https:\/\/schema.org\",\"@graph\":[{\"@type\":\"WebPage\",\"@id\":\"https:\/\/www.cancerresearch.org\/es\/maneras-de-colaborar\/done-mediante-cheque-o-acciones\",\"url\":\"https:\/\/www.cancerresearch.org\/es\/maneras-de-colaborar\/done-mediante-cheque-o-acciones\",\"name\":\"Done mediante cheque o acciones - Cancer Research Institute\",\"isPartOf\":{\"@id\":\"https:\/\/www.cancerresearch.org\/#website\"},\"datePublished\":\"2022-09-08T19:43:32+00:00\",\"dateModified\":\"2023-06-06T19:22:50+00:00\",\"breadcrumb\":{\"@id\":\"https:\/\/www.cancerresearch.org\/es\/maneras-de-colaborar\/done-mediante-cheque-o-acciones#breadcrumb\"},\"inLanguage\":\"es\",\"potentialAction\":[{\"@type\":\"ReadAction\",\"target\":[\"https:\/\/www.cancerresearch.org\/es\/maneras-de-colaborar\/done-mediante-cheque-o-acciones\"]}]},{\"@type\":\"BreadcrumbList\",\"@id\":\"https:\/\/www.cancerresearch.org\/es\/maneras-de-colaborar\/done-mediante-cheque-o-acciones#breadcrumb\",\"itemListElement\":[{\"@type\":\"ListItem\",\"position\":1,\"name\":\"Home\",\"item\":\"https:\/\/www.cancerresearch.org\/es\"},{\"@type\":\"ListItem\",\"position\":2,\"name\":\"Maneras de colaborar\",\"item\":\"https:\/\/www.cancerresearch.org\/es\/maneras-de-colaborar\"},{\"@type\":\"ListItem\",\"position\":3,\"name\":\"Done mediante cheque o acciones\"}]},{\"@type\":\"WebSite\",\"@id\":\"https:\/\/www.cancerresearch.org\/#website\",\"url\":\"https:\/\/www.cancerresearch.org\/\",\"name\":\"Cancer Research Institute\",\"description\":\"For a World Immune to Cancer\",\"publisher\":{\"@id\":\"https:\/\/www.cancerresearch.org\/#organization\"},\"potentialAction\":[{\"@type\":\"SearchAction\",\"target\":{\"@type\":\"EntryPoint\",\"urlTemplate\":\"https:\/\/www.cancerresearch.org\/?s={search_term_string}\"},\"query-input\":{\"@type\":\"PropertyValueSpecification\",\"valueRequired\":true,\"valueName\":\"search_term_string\"}}],\"inLanguage\":\"es\"},{\"@type\":\"Organization\",\"@id\":\"https:\/\/www.cancerresearch.org\/#organization\",\"name\":\"Cancer Research Institute\",\"url\":\"https:\/\/www.cancerresearch.org\/\",\"logo\":{\"@type\":\"ImageObject\",\"inLanguage\":\"es\",\"@id\":\"https:\/\/www.cancerresearch.org\/#\/schema\/logo\/image\/\",\"url\":\"https:\/\/www.cancerresearch.org\/wp-content\/uploads\/2025\/05\/logo-gradient.svg\",\"contentUrl\":\"https:\/\/www.cancerresearch.org\/wp-content\/uploads\/2025\/05\/logo-gradient.svg\",\"width\":156,\"height\":53,\"caption\":\"Cancer Research Institute\"},\"image\":{\"@id\":\"https:\/\/www.cancerresearch.org\/#\/schema\/logo\/image\/\"}}]}<\/script>\n<!-- \/ Yoast SEO plugin. -->","yoast_head_json":{"title":"Done mediante cheque o acciones - Cancer Research Institute","robots":{"index":"index","follow":"follow","max-snippet":"max-snippet:-1","max-image-preview":"max-image-preview:large","max-video-preview":"max-video-preview:-1"},"canonical":"https:\/\/www.cancerresearch.org\/es\/maneras-de-colaborar\/done-mediante-cheque-o-acciones","og_locale":"es_ES","og_type":"article","og_title":"Done mediante cheque o acciones - Cancer Research Institute","og_url":"https:\/\/www.cancerresearch.org\/es\/maneras-de-colaborar\/done-mediante-cheque-o-acciones","og_site_name":"Cancer Research Institute","article_modified_time":"2023-06-06T19:22:50+00:00","twitter_card":"summary_large_image","twitter_misc":{"Tiempo de lectura":"2 minutos"},"schema":{"@context":"https:\/\/schema.org","@graph":[{"@type":"WebPage","@id":"https:\/\/www.cancerresearch.org\/es\/maneras-de-colaborar\/done-mediante-cheque-o-acciones","url":"https:\/\/www.cancerresearch.org\/es\/maneras-de-colaborar\/done-mediante-cheque-o-acciones","name":"Done mediante cheque o acciones - Cancer Research Institute","isPartOf":{"@id":"https:\/\/www.cancerresearch.org\/#website"},"datePublished":"2022-09-08T19:43:32+00:00","dateModified":"2023-06-06T19:22:50+00:00","breadcrumb":{"@id":"https:\/\/www.cancerresearch.org\/es\/maneras-de-colaborar\/done-mediante-cheque-o-acciones#breadcrumb"},"inLanguage":"es","potentialAction":[{"@type":"ReadAction","target":["https:\/\/www.cancerresearch.org\/es\/maneras-de-colaborar\/done-mediante-cheque-o-acciones"]}]},{"@type":"BreadcrumbList","@id":"https:\/\/www.cancerresearch.org\/es\/maneras-de-colaborar\/done-mediante-cheque-o-acciones#breadcrumb","itemListElement":[{"@type":"ListItem","position":1,"name":"Home","item":"https:\/\/www.cancerresearch.org\/es"},{"@type":"ListItem","position":2,"name":"Maneras de colaborar","item":"https:\/\/www.cancerresearch.org\/es\/maneras-de-colaborar"},{"@type":"ListItem","position":3,"name":"Done mediante cheque o acciones"}]},{"@type":"WebSite","@id":"https:\/\/www.cancerresearch.org\/#website","url":"https:\/\/www.cancerresearch.org\/","name":"Cancer Research Institute","description":"For a World Immune to Cancer","publisher":{"@id":"https:\/\/www.cancerresearch.org\/#organization"},"potentialAction":[{"@type":"SearchAction","target":{"@type":"EntryPoint","urlTemplate":"https:\/\/www.cancerresearch.org\/?s={search_term_string}"},"query-input":{"@type":"PropertyValueSpecification","valueRequired":true,"valueName":"search_term_string"}}],"inLanguage":"es"},{"@type":"Organization","@id":"https:\/\/www.cancerresearch.org\/#organization","name":"Cancer Research Institute","url":"https:\/\/www.cancerresearch.org\/","logo":{"@type":"ImageObject","inLanguage":"es","@id":"https:\/\/www.cancerresearch.org\/#\/schema\/logo\/image\/","url":"https:\/\/www.cancerresearch.org\/wp-content\/uploads\/2025\/05\/logo-gradient.svg","contentUrl":"https:\/\/www.cancerresearch.org\/wp-content\/uploads\/2025\/05\/logo-gradient.svg","width":156,"height":53,"caption":"Cancer Research Institute"},"image":{"@id":"https:\/\/www.cancerresearch.org\/#\/schema\/logo\/image\/"}}]}},"_links":{"self":[{"href":"https:\/\/www.cancerresearch.org\/es\/wp-json\/wp\/v2\/pages\/27556","targetHints":{"allow":["GET"]}}],"collection":[{"href":"https:\/\/www.cancerresearch.org\/es\/wp-json\/wp\/v2\/pages"}],"about":[{"href":"https:\/\/www.cancerresearch.org\/es\/wp-json\/wp\/v2\/types\/page"}],"author":[{"embeddable":true,"href":"https:\/\/www.cancerresearch.org\/es\/wp-json\/wp\/v2\/users\/1"}],"replies":[{"embeddable":true,"href":"https:\/\/www.cancerresearch.org\/es\/wp-json\/wp\/v2\/comments?post=27556"}],"version-history":[{"count":0,"href":"https:\/\/www.cancerresearch.org\/es\/wp-json\/wp\/v2\/pages\/27556\/revisions"}],"up":[{"embeddable":true,"href":"https:\/\/www.cancerresearch.org\/es\/wp-json\/wp\/v2\/pages\/27567"}],"wp:attachment":[{"href":"https:\/\/www.cancerresearch.org\/es\/wp-json\/wp\/v2\/media?parent=27556"}],"wp:term":[{"taxonomy":"resource_cancer_types","embeddable":true,"href":"https:\/\/www.cancerresearch.org\/es\/wp-json\/wp\/v2\/resource_cancer_types?post=27556"},{"taxonomy":"resource_patient_age","embeddable":true,"href":"https:\/\/www.cancerresearch.org\/es\/wp-json\/wp\/v2\/resource_patient_age?post=27556"},{"taxonomy":"resource_cancer_stage","embeddable":true,"href":"https:\/\/www.cancerresearch.org\/es\/wp-json\/wp\/v2\/resource_cancer_stage?post=27556"},{"taxonomy":"resource_treatment_type","embeddable":true,"href":"https:\/\/www.cancerresearch.org\/es\/wp-json\/wp\/v2\/resource_treatment_type?post=27556"},{"taxonomy":"resource_treatment_status","embeddable":true,"href":"https:\/\/www.cancerresearch.org\/es\/wp-json\/wp\/v2\/resource_treatment_status?post=27556"}],"curies":[{"name":"wp","href":"https:\/\/api.w.org\/{rel}","templated":true}]}}