{"id":27555,"date":"2022-07-31T12:46:39","date_gmt":"2022-07-31T16:46:39","guid":{"rendered":"https:\/\/www.cancerresearch.org\/recaudacion-de-fondos"},"modified":"2026-01-21T15:23:09","modified_gmt":"2026-01-21T20:23:09","slug":"recaudacion-de-fondos","status":"publish","type":"page","link":"https:\/\/www.cancerresearch.org\/es\/recaudacion-de-fondos","title":{"rendered":"Recaudaci\u00f3n de fondos"},"content":{"rendered":"<section id=\"section-block_00a03c4711a6f7661e96b0bd9a1bf712\" class=\"section-block bg-type-image pattern-section-hero wp-block-acf-block-section\">\n      <picture class=\"bg-object\">\n            \n      <img loading=\"lazy\" decoding=\"async\" style=\"\" class=\"bg-image\" src=\"https:\/\/www.cancerresearch.org\/wp-content\/uploads\/2022\/07\/hero-fundraise-scaled.jpg\" alt=\"\" width=\"2560\" height=\"951\">\n    <\/picture>\n  \n    \n  <div class=\"is-layout-constrained section-inner\">\n\n<div class=\"wp-block-columns is-layout-flex wp-container-core-columns-is-layout-28f84493 wp-block-columns-is-layout-flex\">\n<div class=\"wp-block-column is-layout-flow wp-block-column-is-layout-flow\" style=\"flex-basis:515px\">\n\n\n<h1 class=\"wp-block-heading has-white-color has-text-color\">Recaude fondos para la investigaci\u00f3n sobre el c\u00e1ncer<\/h1>\n\n\n\n<p class=\"has-white-color has-text-color has-medium-large-font-size\"><strong>Defienda la causa. Desde ventas ben\u00e9ficas de pasteles hasta desafiantes maratones y galas bajo las estrellas, las actividades de recaudaci\u00f3n de fondos del Team CRI apoyan nuestros programas de investigaci\u00f3n de gran impacto.<\/strong><\/p>\n<\/div>\n<\/div>\n\n<\/div>\n<\/section>\n\n\n\n<section id=\"section-block_78ceca6966f2dc52f76ce6c64aa2519d\" class=\"section-block bg-type-solid wp-block-acf-block-section\">\n  \n    \n  <div class=\"is-layout-constrained section-inner\">\n\n<div class=\"wp-block-columns is-layout-flex wp-container-core-columns-is-layout-28f84493 wp-block-columns-is-layout-flex\">\n<div class=\"wp-block-column is-layout-flow wp-block-column-is-layout-flow\"><\/div>\n\n\n\n<div class=\"wp-block-column is-layout-flow wp-block-column-is-layout-flow\"><\/div>\n\n\n\n<div class=\"wp-block-column is-layout-flow wp-block-column-is-layout-flow\"><\/div>\n<\/div>\n\n<\/div>\n<\/section>\n\n<section id=\"lead-the-cause\" class=\"section-block bg-type-solid wp-block-acf-block-section\">\n  \n    \n  <div class=\"is-layout-constrained section-inner\">\n\n\n\n<h2 class=\"wp-block-heading has-medium-large-font-size\">Comience una actividad de recaudaci\u00f3n de fondos para el CRI<\/h2>\n\n\n\n<div style=\"height:20px\" aria-hidden=\"true\" class=\"wp-block-spacer\"><\/div>\n\n\n\n\n\n\n\n\n\n\n\n\n\n\n\n\n\n\n\n<h2 class=\"wp-block-heading has-medium-large-font-size\">Liderazgo e innovaci\u00f3n en la investigaci\u00f3n del c\u00e1ncer<\/h2>\n\n\n\n<p>Su apoyo al CRI incide directamente en el descubrimiento y el desarrollo de inmunoterapias eficaces para todos los tipos de c\u00e1ncer, financia m\u00e1s avances y salva m\u00e1s vidas.<\/p>\n\n\n\n<div style=\"height:20px\" aria-hidden=\"true\" class=\"wp-block-spacer\"><\/div>\n\n\n\n<div class=\"wp-block-columns is-layout-flex wp-container-core-columns-is-layout-28f84493 wp-block-columns-is-layout-flex\">\n<div class=\"wp-block-column is-layout-flow wp-block-column-is-layout-flow\">\n<figure class=\"wp-block-image aligncenter size-large\"><img loading=\"lazy\" decoding=\"async\" width=\"172\" height=\"172\" src=\"https:\/\/www.cancerresearch.org\/wp-content\/uploads\/2022\/07\/icon-88-cents.svg\" alt=\"Stack of coins icon\" class=\"wp-image-12513\"\/><\/figure>\n\n\n\n<h3 class=\"wp-block-heading has-text-align-center has-x-large-font-size\" style=\"margin-top:0px;margin-right:0px;margin-bottom:0px;margin-left:0px\">88 centavos<\/h3>\n\n\n\n<p class=\"has-text-align-center\">de cada d\u00f3lar gastado se destinan a programas<\/p>\n<\/div>\n\n\n\n<div class=\"wp-block-column is-layout-flow wp-block-column-is-layout-flow\">\n<figure class=\"wp-block-image aligncenter size-large\"><img loading=\"lazy\" decoding=\"async\" width=\"172\" height=\"172\" src=\"https:\/\/www.cancerresearch.org\/wp-content\/uploads\/2022\/07\/icon-all-cancers.svg\" alt=\"Bottle of pills icon\" class=\"wp-image-12512\"\/><\/figure>\n\n\n\n<h3 class=\"wp-block-heading has-text-align-center has-x-large-font-size\" style=\"margin-top:0px;margin-right:0px;margin-bottom:0px;margin-left:0px\">Todos los tipos de c\u00e1ncer<\/h3>\n\n\n\n<p class=\"has-text-align-center\">pueden tratarse con inmunoterapia<\/p>\n<\/div>\n\n\n\n<div class=\"wp-block-column is-layout-flow wp-block-column-is-layout-flow\">\n<figure class=\"wp-block-image aligncenter size-large\"><img loading=\"lazy\" decoding=\"async\" width=\"172\" height=\"172\" src=\"https:\/\/www.cancerresearch.org\/wp-content\/uploads\/2022\/07\/icon-over-120.svg\" alt=\"stethoscope icon\" class=\"wp-image-12511\"\/><\/figure>\n\n\n\n<h3 class=\"wp-block-heading has-text-align-center has-x-large-font-size\" style=\"margin-top:0px;margin-right:0px;margin-bottom:0px;margin-left:0px\">M\u00e1s de 120<\/h3>\n\n\n\n<p class=\"has-text-align-center\">ensayos cl\u00ednicos financiados<\/p>\n<\/div>\n\n\n\n<div class=\"wp-block-column is-layout-flow wp-block-column-is-layout-flow\">\n<figure class=\"wp-block-image aligncenter size-large\"><img loading=\"lazy\" decoding=\"async\" width=\"172\" height=\"172\" src=\"https:\/\/www.cancerresearch.org\/wp-content\/uploads\/2022\/07\/icon-28-and-a-half-million.svg\" alt=\"stack of paper money icon\" class=\"wp-image-12510\"\/><\/figure>\n\n\n\n<h3 class=\"wp-block-heading has-text-align-center has-x-large-font-size\" style=\"margin-top:0px;margin-right:0px;margin-bottom:0px;margin-left:0px\">USD 28.5 millones<\/h3>\n\n\n\n<p class=\"has-text-align-center\">otorgados en 2021<\/p>\n<\/div>\n<\/div>\n\n\n\n<div style=\"height:20px\" aria-hidden=\"true\" class=\"wp-block-spacer\"><\/div>\n\n\n\n<p>La inmunoterapia tiene un gran potencial para curar todos los tipos de c\u00e1ncer.<\/p>\n\n\n\n\n\n<div style=\"height:35px\" aria-hidden=\"true\" class=\"wp-block-spacer\"><\/div>\n\n\n\n<p>El CRI financia cada etapa del descubrimiento, desde el laboratorio hasta la cl\u00ednica y la cura.<\/p>\n\n\n\n\n\n\n\n<h2 class=\"wp-block-heading has-medium-large-font-size\">Preguntas frecuentes sobre recaudaciones de fondos<\/h2>\n\n\n\n\n<p>El CRI cuenta con un <a href=\"https:\/\/www.cancerresearch.org\/wp-content\/uploads\/2022\/08\/CRI-Fundraising-Toolkit.pdf\">kit de recaudaci\u00f3n de fondos [PDF]<\/a> para ayudar a quienes deseen recaudar fondos a planificar eventos exitosos de recaudaci\u00f3n. El kit incluye pautas generales del Team CRI, ideas de eventos y gu\u00edas pr\u00e1cticas, as\u00ed como plantillas y terminolog\u00eda tipo. El CRI podr\u00e1 brindarle sobres para donaciones y formularios de seguimiento de donantes, fichas informativas sobre el CRI y la inmunoterapia, y otros recursos disponibles como pegatinas u objetos promocionales del CRI para utilizar en su evento.<\/p>\n\n\n\n\n\n<p>Al registrarse para integrar el Team CRI, recibir\u00e1 autom\u00e1ticamente nuestro kit de recaudaci\u00f3n de fondos por correo electr\u00f3nico. Para solicitar material adicional para su evento de recaudaci\u00f3n, env\u00ede un correo electr\u00f3nico a TeamCRI@cancerresearch.org e ind\u00edquenos el tipo y la cantidad de materiales solicitados. Intentaremos satisfacer su solicitud en la medida que tengamos recursos disponibles. Tenga en cuenta que el env\u00edo podr\u00e1 demorar hasta tres semanas. Si desea m\u00e1s materiales que los suministrados o desea imprimir los materiales para evitar costos al CRI, cont\u00e1ctenos y le enviaremos los documentos en formato electr\u00f3nico.<\/p>\n\n\n\n\n\n<p>Dado que el Cancer Research Institute cuenta con un personal muy reducido, por lo general no podemos representar al CRI en eventos independientes de recaudaci\u00f3n de fondos. Con mucho gusto proporcionamos materiales y mensajer\u00eda que puede encontrar en nuestro kit de recaudaci\u00f3n de fondos, as\u00ed como otros materiales gratuitos para eventos que le ayudar\u00e1n a contar la historia del CRI y transmitir el impacto y la importancia de nuestro trabajo.<\/p>\n\n\n\n\n\n<p>S\u00ed, mientras el logotipo se utilice de acuerdo con nuestros t\u00e9rminos y condiciones sobre la recaudaci\u00f3n de fondos comunitarios. El personal del CRI puede proporcionarle un logotipo en color o en blanco y negro. Todos los materiales del Team CRI que luzcan el logotipo del CRI deben enviarse al CRI para su revisi\u00f3n y aprobaci\u00f3n antes de hacerse p\u00fablicos, incluidos, entre otros, comunicados de prensa, notas de lanzamiento, anuncios impresos o electr\u00f3nicos, avisos para reservar la fecha e invitaciones, folletos, camisetas u otras prendas, carteles y cualquier otro material publicitario para eventos. Deber\u00e1 esperar de una a dos semanas la aprobaci\u00f3n de nuestro departamento de comunicaciones.<\/p>\n\n\n\n\n\n<p>El Cancer Research Institute eval\u00faa oportunidades para la promoci\u00f3n en los medios en cada caso, dependiendo del tiempo disponible del personal, de los recursos, del tipo de evento y el plazo de producci\u00f3n del evento. Si desea nuestra ayuda para la promoci\u00f3n de un evento, comun\u00edquese con nosotros a TeamCRI@cancerresearch.org y explique el tipo de apoyo que necesita para la difusi\u00f3n en los medios. Evaluaremos su solicitud y le responderemos en un plazo de dos semanas. Recomendamos que utilice las herramientas y sugerencias para llegar a los medios incluidos en nuestro kit de recaudaci\u00f3n de fondos del Team CRI.<\/p>\n\n\n\n\n\n<p>Las donaciones de contrapartida de las empresas son una de las formas m\u00e1s sencillas de <a href=\"https:\/\/www.cancerresearch.org\/es\/maneras-de-colaborar\/donaciones-de-contrapartida-de-empresas\">impulsar una recaudaci\u00f3n de fondos<\/a>. Muchas empresas ofrecen a sus empleados un beneficio que duplica o triplica su donaci\u00f3n. Comun\u00edquese con el departamento de Recursos Humanos o de Finanzas de su empresa para saber si igualan las donaciones ben\u00e9ficas, o consulte en MatchFinder para saber si su empresa est\u00e1 en nuestra base de datos de entidades con programas de igualaci\u00f3n de donaciones. Siga las instrucciones, complete los formularios correspondientes que le proporcione su empresa y env\u00ede la documentaci\u00f3n junto con sus donaciones al Cancer Research Institute. Aseg\u00farese, adem\u00e1s, de invitar a sus donantes a buscar oportunidades para igualar donaciones. Mediante su participaci\u00f3n en estos programas, usted y sus donantes pueden aumentar de manera significativa el impacto de la ayuda.<\/p>\n\n\n\n\n\n<p>Indique en todos los materiales que los fondos obtenidos en el evento se destinar\u00e1n al Cancer Research Institute. Si se solicita, el CRI tambi\u00e9n puede proporcionar una carta formal de apoyo, que muchas veces sirve para garantizar a los donantes y posibles patrocinadores que el CRI est\u00e1 al tanto del evento y que los beneficios obtenidos se destinar\u00e1n al CRI. Para solicitar una carta formal de apoyo, env\u00edenos un correo electr\u00f3nico a TeamCRI@cancerresearch.org.<\/p>\n\n\n\n\n\n<p>El Cancer Research Institute no puede proporcionar fondos para gastos relacionados con eventos de recaudaci\u00f3n de fondos comunitarios. Hay muchas formas de limitar los costos de los eventos como, por ejemplo, obtener donaciones en especie de empresas locales. Encuentre m\u00e1s informaci\u00f3n en el Kit de recaudaci\u00f3n de fondos del Team CRI.<\/p>\n\n\n\n\n\n<ul class=\"wp-block-list\">\n<li>New York Road Runners \u2013 Marat\u00f3n TCS de Nueva York<\/li>\n\n\n\n<li>New York Road Runners \u2013 Media marat\u00f3n TSC de Nueva York<\/li>\n<\/ul>\n\n\n\n\n\n<p>S\u00ed. Si se inscribe en una carrera, puede unirse al Team CRI y recaudar fondos en nombre del Cancer Research Institute. Una vez que asegure su inscripci\u00f3n de forma independiente, env\u00edenos un correo electr\u00f3nico a <a href=\"mailto:events@cancerresearch.org\">events@cancerresearch.org<\/a> para que podamos agregarlo al equipo. Tambi\u00e9n debe crear su propia p\u00e1gina de recaudaci\u00f3n de fondos a trav\u00e9s de nuestro sitio web. No es obligaci\u00f3n recaudar una cantidad determinada de dinero. No obstante, si participa en una carrera para la que el CRI ha conseguido espacios exclusivos, le recomendamos que se fije un objetivo a la misma altura que los atletas que obtuvieron sus lugares a trav\u00e9s del CRI para esa carrera.<\/p>\n\n\n\n\n\n<p>\u00a1Claro! <a href=\"https:\/\/www.cancerresearch.org\/es?page_id=27544\">Agradecemos ser los beneficiarios de su venta.<\/a> Toda la documentaci\u00f3n de la venta debe detallar el porcentaje de la venta (o el monto en d\u00f3lares por art\u00edculo) destinado al CRI. Si desea destinar total o parcialmente el producto de las ventas al CRI, <a href=\"https:\/\/www.cancerresearch.org\/es?page_id=27544\">av\u00edsenos<\/a>. Podemos ayudarlo a preparar la descripci\u00f3n de sus iniciativas ben\u00e9ficas para cumplir las normas de la Better Business Bureau Wise Giving Alliance.<\/p>\n\n\n\n\n\n<p>Si un colaborador emite un cheque a su nombre, end\u00f3selo con su firma, escriba \u00abPagadero al Cancer Research Institute\u00bb y env\u00edelo junto con el <a href=\"https:\/\/www.cancerresearch.org\/wp-content\/uploads\/2022\/10\/CRI_Offline_Donation_Form_2017.pdf\">formulario de donaci\u00f3n (PDF)<\/a>.<\/p>\n\n\n\n\n\n<p>Esto no es recomendable. El IRS considerar\u00e1 como ingreso imponible todo dep\u00f3sito en su cuenta personal, y no podremos emitir recibos fiscales a sus donantes por sus aportes si la donaci\u00f3n proviene de usted.<\/p>\n\n\n\n\n\n<p>No env\u00ede dinero en efectivo por correo. Si recibe donaciones en efectivo, p\u00eddale al donante que llene <a href=\"https:\/\/www.cancerresearch.org\/wp-content\/uploads\/2023\/01\/qwv_F7el9QGulMr8wM1rtqZnNohxfYYXRTcu5hVmHBs.pdf\">un formulario de donaci\u00f3n (PDF)<\/a> con sus datos de contacto y el monto de la donaci\u00f3n, que transfiera el dinero a un cheque certificado y env\u00ede tanto el cheque como el formulario al CRI. Tambi\u00e9n puede usar su propia tarjeta de cr\u00e9dito para hacer la donaci\u00f3n en l\u00ednea a nombre del donante, a trav\u00e9s de la p\u00e1gina de recaudaci\u00f3n de fondos del evento.<\/p>\n\n\n\n\n\n<p>El Cancer Research Institute enviar\u00e1 una nota de agradecimiento y un recibo con fines fiscales a quienes apoyen sus actividades de recaudaci\u00f3n de fondos con donaciones. Aseg\u00farese de enviar tambi\u00e9n un mensaje personal de agradecimiento a las personas que respondan a su solicitud de apoyo.<\/p>\n\n\n\n\n\n<p>Env\u00ede las donaciones por correo a:<\/p>\n\n\n\n<p>Cancer Research Institute<br>National Headquarters<br>ATTN: Team CRI<br>29 Broadway, Floor 4<br>New York, NY 10006-3111<\/p>\n\n\n\n\n\n\n<h2 class=\"wp-block-heading has-medium-large-font-size\">\u00bfTiene alguna duda? Hable con nuestros especialistas<\/h2>\n\n\n\n<div style=\"height:40px\" aria-hidden=\"true\" class=\"wp-block-spacer\"><\/div>\n\n\n\n<div class=\"wp-block-columns stack-until-md is-layout-flex wp-container-core-columns-is-layout-28f84493 wp-block-columns-is-layout-flex\">\n<div class=\"wp-block-column is-layout-flow wp-block-column-is-layout-flow\" style=\"flex-basis:40%\"><\/div>\n\n\n\n<div class=\"wp-block-column is-layout-flow wp-block-column-is-layout-flow\" style=\"flex-basis:40%\"><\/div>\n<\/div>\n\n<\/div>\n<\/section>","protected":false},"excerpt":{"rendered":"","protected":false},"author":1,"featured_media":23520,"parent":0,"menu_order":98,"comment_status":"closed","ping_status":"closed","template":"","meta":{"_acf_changed":false,"inline_featured_image":false,"_cri_header_bg_color":"","footnotes":""},"resource_cancer_types":[],"resource_patient_age":[],"resource_cancer_stage":[],"resource_treatment_type":[],"resource_treatment_status":[],"class_list":["post-27555","page","type-page","status-publish","has-post-thumbnail","hentry"],"acf":[],"yoast_head":"<!-- This site is optimized with the Yoast SEO plugin v26.8 - https:\/\/yoast.com\/product\/yoast-seo-wordpress\/ -->\n<title>Recaudaci\u00f3n de fondos - Cancer Research Institute<\/title>\n<meta name=\"robots\" content=\"index, follow, max-snippet:-1, max-image-preview:large, max-video-preview:-1\" \/>\n<link rel=\"canonical\" href=\"https:\/\/www.cancerresearch.org\/es\/recaudacion-de-fondos\" \/>\n<meta property=\"og:locale\" content=\"es_ES\" \/>\n<meta property=\"og:type\" content=\"article\" \/>\n<meta property=\"og:title\" content=\"Recaudaci\u00f3n de fondos - Cancer Research Institute\" \/>\n<meta property=\"og:url\" content=\"https:\/\/www.cancerresearch.org\/es\/recaudacion-de-fondos\" \/>\n<meta property=\"og:site_name\" content=\"Cancer Research Institute\" \/>\n<meta property=\"article:modified_time\" content=\"2026-01-21T20:23:09+00:00\" \/>\n<meta property=\"og:image\" content=\"https:\/\/www.cancerresearch.org\/wp-content\/uploads\/2022\/09\/1000_F_334240600_tZK06qNEXP1aqPlIoE90Uu84ab0lgfJP.jpg\" \/>\n\t<meta property=\"og:image:width\" content=\"808\" \/>\n\t<meta property=\"og:image:height\" content=\"568\" \/>\n\t<meta property=\"og:image:type\" content=\"image\/jpeg\" \/>\n<meta name=\"twitter:card\" content=\"summary_large_image\" \/>\n<meta name=\"twitter:label1\" content=\"Tiempo de lectura\" \/>\n\t<meta name=\"twitter:data1\" content=\"7 minutos\" \/>\n<script type=\"application\/ld+json\" class=\"yoast-schema-graph\">{\"@context\":\"https:\/\/schema.org\",\"@graph\":[{\"@type\":\"WebPage\",\"@id\":\"https:\/\/www.cancerresearch.org\/es\/recaudacion-de-fondos\",\"url\":\"https:\/\/www.cancerresearch.org\/es\/recaudacion-de-fondos\",\"name\":\"Recaudaci\u00f3n de fondos - Cancer Research Institute\",\"isPartOf\":{\"@id\":\"https:\/\/www.cancerresearch.org\/#website\"},\"primaryImageOfPage\":{\"@id\":\"https:\/\/www.cancerresearch.org\/es\/recaudacion-de-fondos#primaryimage\"},\"image\":{\"@id\":\"https:\/\/www.cancerresearch.org\/es\/recaudacion-de-fondos#primaryimage\"},\"thumbnailUrl\":\"https:\/\/www.cancerresearch.org\/wp-content\/uploads\/2022\/09\/1000_F_334240600_tZK06qNEXP1aqPlIoE90Uu84ab0lgfJP.jpg\",\"datePublished\":\"2022-07-31T16:46:39+00:00\",\"dateModified\":\"2026-01-21T20:23:09+00:00\",\"breadcrumb\":{\"@id\":\"https:\/\/www.cancerresearch.org\/es\/recaudacion-de-fondos#breadcrumb\"},\"inLanguage\":\"es\",\"potentialAction\":[{\"@type\":\"ReadAction\",\"target\":[\"https:\/\/www.cancerresearch.org\/es\/recaudacion-de-fondos\"]}]},{\"@type\":\"ImageObject\",\"inLanguage\":\"es\",\"@id\":\"https:\/\/www.cancerresearch.org\/es\/recaudacion-de-fondos#primaryimage\",\"url\":\"https:\/\/www.cancerresearch.org\/wp-content\/uploads\/2022\/09\/1000_F_334240600_tZK06qNEXP1aqPlIoE90Uu84ab0lgfJP.jpg\",\"contentUrl\":\"https:\/\/www.cancerresearch.org\/wp-content\/uploads\/2022\/09\/1000_F_334240600_tZK06qNEXP1aqPlIoE90Uu84ab0lgfJP.jpg\",\"width\":808,\"height\":568,\"caption\":\"Two scientists work in their lab\"},{\"@type\":\"BreadcrumbList\",\"@id\":\"https:\/\/www.cancerresearch.org\/es\/recaudacion-de-fondos#breadcrumb\",\"itemListElement\":[{\"@type\":\"ListItem\",\"position\":1,\"name\":\"Home\",\"item\":\"https:\/\/www.cancerresearch.org\/es\"},{\"@type\":\"ListItem\",\"position\":2,\"name\":\"Recaudaci\u00f3n de fondos\"}]},{\"@type\":\"WebSite\",\"@id\":\"https:\/\/www.cancerresearch.org\/#website\",\"url\":\"https:\/\/www.cancerresearch.org\/\",\"name\":\"Cancer Research Institute\",\"description\":\"For a World Immune to Cancer\",\"publisher\":{\"@id\":\"https:\/\/www.cancerresearch.org\/#organization\"},\"potentialAction\":[{\"@type\":\"SearchAction\",\"target\":{\"@type\":\"EntryPoint\",\"urlTemplate\":\"https:\/\/www.cancerresearch.org\/?s={search_term_string}\"},\"query-input\":{\"@type\":\"PropertyValueSpecification\",\"valueRequired\":true,\"valueName\":\"search_term_string\"}}],\"inLanguage\":\"es\"},{\"@type\":\"Organization\",\"@id\":\"https:\/\/www.cancerresearch.org\/#organization\",\"name\":\"Cancer Research Institute\",\"url\":\"https:\/\/www.cancerresearch.org\/\",\"logo\":{\"@type\":\"ImageObject\",\"inLanguage\":\"es\",\"@id\":\"https:\/\/www.cancerresearch.org\/#\/schema\/logo\/image\/\",\"url\":\"https:\/\/www.cancerresearch.org\/wp-content\/uploads\/2025\/05\/logo-gradient.svg\",\"contentUrl\":\"https:\/\/www.cancerresearch.org\/wp-content\/uploads\/2025\/05\/logo-gradient.svg\",\"width\":156,\"height\":53,\"caption\":\"Cancer Research Institute\"},\"image\":{\"@id\":\"https:\/\/www.cancerresearch.org\/#\/schema\/logo\/image\/\"}}]}<\/script>\n<!-- \/ Yoast SEO plugin. -->","yoast_head_json":{"title":"Recaudaci\u00f3n de fondos - Cancer Research Institute","robots":{"index":"index","follow":"follow","max-snippet":"max-snippet:-1","max-image-preview":"max-image-preview:large","max-video-preview":"max-video-preview:-1"},"canonical":"https:\/\/www.cancerresearch.org\/es\/recaudacion-de-fondos","og_locale":"es_ES","og_type":"article","og_title":"Recaudaci\u00f3n de fondos - Cancer Research Institute","og_url":"https:\/\/www.cancerresearch.org\/es\/recaudacion-de-fondos","og_site_name":"Cancer Research Institute","article_modified_time":"2026-01-21T20:23:09+00:00","og_image":[{"width":808,"height":568,"url":"https:\/\/www.cancerresearch.org\/wp-content\/uploads\/2022\/09\/1000_F_334240600_tZK06qNEXP1aqPlIoE90Uu84ab0lgfJP.jpg","type":"image\/jpeg"}],"twitter_card":"summary_large_image","twitter_misc":{"Tiempo de lectura":"7 minutos"},"schema":{"@context":"https:\/\/schema.org","@graph":[{"@type":"WebPage","@id":"https:\/\/www.cancerresearch.org\/es\/recaudacion-de-fondos","url":"https:\/\/www.cancerresearch.org\/es\/recaudacion-de-fondos","name":"Recaudaci\u00f3n de fondos - Cancer Research Institute","isPartOf":{"@id":"https:\/\/www.cancerresearch.org\/#website"},"primaryImageOfPage":{"@id":"https:\/\/www.cancerresearch.org\/es\/recaudacion-de-fondos#primaryimage"},"image":{"@id":"https:\/\/www.cancerresearch.org\/es\/recaudacion-de-fondos#primaryimage"},"thumbnailUrl":"https:\/\/www.cancerresearch.org\/wp-content\/uploads\/2022\/09\/1000_F_334240600_tZK06qNEXP1aqPlIoE90Uu84ab0lgfJP.jpg","datePublished":"2022-07-31T16:46:39+00:00","dateModified":"2026-01-21T20:23:09+00:00","breadcrumb":{"@id":"https:\/\/www.cancerresearch.org\/es\/recaudacion-de-fondos#breadcrumb"},"inLanguage":"es","potentialAction":[{"@type":"ReadAction","target":["https:\/\/www.cancerresearch.org\/es\/recaudacion-de-fondos"]}]},{"@type":"ImageObject","inLanguage":"es","@id":"https:\/\/www.cancerresearch.org\/es\/recaudacion-de-fondos#primaryimage","url":"https:\/\/www.cancerresearch.org\/wp-content\/uploads\/2022\/09\/1000_F_334240600_tZK06qNEXP1aqPlIoE90Uu84ab0lgfJP.jpg","contentUrl":"https:\/\/www.cancerresearch.org\/wp-content\/uploads\/2022\/09\/1000_F_334240600_tZK06qNEXP1aqPlIoE90Uu84ab0lgfJP.jpg","width":808,"height":568,"caption":"Two scientists work in their lab"},{"@type":"BreadcrumbList","@id":"https:\/\/www.cancerresearch.org\/es\/recaudacion-de-fondos#breadcrumb","itemListElement":[{"@type":"ListItem","position":1,"name":"Home","item":"https:\/\/www.cancerresearch.org\/es"},{"@type":"ListItem","position":2,"name":"Recaudaci\u00f3n de fondos"}]},{"@type":"WebSite","@id":"https:\/\/www.cancerresearch.org\/#website","url":"https:\/\/www.cancerresearch.org\/","name":"Cancer Research Institute","description":"For a World Immune to Cancer","publisher":{"@id":"https:\/\/www.cancerresearch.org\/#organization"},"potentialAction":[{"@type":"SearchAction","target":{"@type":"EntryPoint","urlTemplate":"https:\/\/www.cancerresearch.org\/?s={search_term_string}"},"query-input":{"@type":"PropertyValueSpecification","valueRequired":true,"valueName":"search_term_string"}}],"inLanguage":"es"},{"@type":"Organization","@id":"https:\/\/www.cancerresearch.org\/#organization","name":"Cancer Research Institute","url":"https:\/\/www.cancerresearch.org\/","logo":{"@type":"ImageObject","inLanguage":"es","@id":"https:\/\/www.cancerresearch.org\/#\/schema\/logo\/image\/","url":"https:\/\/www.cancerresearch.org\/wp-content\/uploads\/2025\/05\/logo-gradient.svg","contentUrl":"https:\/\/www.cancerresearch.org\/wp-content\/uploads\/2025\/05\/logo-gradient.svg","width":156,"height":53,"caption":"Cancer Research Institute"},"image":{"@id":"https:\/\/www.cancerresearch.org\/#\/schema\/logo\/image\/"}}]}},"_links":{"self":[{"href":"https:\/\/www.cancerresearch.org\/es\/wp-json\/wp\/v2\/pages\/27555","targetHints":{"allow":["GET"]}}],"collection":[{"href":"https:\/\/www.cancerresearch.org\/es\/wp-json\/wp\/v2\/pages"}],"about":[{"href":"https:\/\/www.cancerresearch.org\/es\/wp-json\/wp\/v2\/types\/page"}],"author":[{"embeddable":true,"href":"https:\/\/www.cancerresearch.org\/es\/wp-json\/wp\/v2\/users\/1"}],"replies":[{"embeddable":true,"href":"https:\/\/www.cancerresearch.org\/es\/wp-json\/wp\/v2\/comments?post=27555"}],"version-history":[{"count":0,"href":"https:\/\/www.cancerresearch.org\/es\/wp-json\/wp\/v2\/pages\/27555\/revisions"}],"wp:featuredmedia":[{"embeddable":true,"href":"https:\/\/www.cancerresearch.org\/es\/wp-json\/wp\/v2\/media\/23520"}],"wp:attachment":[{"href":"https:\/\/www.cancerresearch.org\/es\/wp-json\/wp\/v2\/media?parent=27555"}],"wp:term":[{"taxonomy":"resource_cancer_types","embeddable":true,"href":"https:\/\/www.cancerresearch.org\/es\/wp-json\/wp\/v2\/resource_cancer_types?post=27555"},{"taxonomy":"resource_patient_age","embeddable":true,"href":"https:\/\/www.cancerresearch.org\/es\/wp-json\/wp\/v2\/resource_patient_age?post=27555"},{"taxonomy":"resource_cancer_stage","embeddable":true,"href":"https:\/\/www.cancerresearch.org\/es\/wp-json\/wp\/v2\/resource_cancer_stage?post=27555"},{"taxonomy":"resource_treatment_type","embeddable":true,"href":"https:\/\/www.cancerresearch.org\/es\/wp-json\/wp\/v2\/resource_treatment_type?post=27555"},{"taxonomy":"resource_treatment_status","embeddable":true,"href":"https:\/\/www.cancerresearch.org\/es\/wp-json\/wp\/v2\/resource_treatment_status?post=27555"}],"curies":[{"name":"wp","href":"https:\/\/api.w.org\/{rel}","templated":true}]}}