{"id":27554,"date":"2022-09-08T15:44:46","date_gmt":"2022-09-08T19:44:46","guid":{"rendered":"https:\/\/www.cancerresearch.org\/donaciones-de-contrapartida-de-empresas"},"modified":"2023-08-09T19:26:21","modified_gmt":"2023-08-09T23:26:21","slug":"donaciones-de-contrapartida-de-empresas","status":"publish","type":"page","link":"https:\/\/www.cancerresearch.org\/es\/maneras-de-colaborar\/donaciones-de-contrapartida-de-empresas","title":{"rendered":"Donaciones de contrapartida de empresas"},"content":{"rendered":"<section id=\"section-block_43af73c35998525a3b61f0603d978a3d\" class=\"section-block bg-type-lottie pattern-section-hero wp-block-acf-block-section\">\n  \n    \n  <div class=\"is-layout-constrained section-inner\">\n\n<div class=\"wp-block-columns is-layout-flex wp-container-core-columns-is-layout-28f84493 wp-block-columns-is-layout-flex\">\n<div class=\"wp-block-column is-layout-flow wp-block-column-is-layout-flow\" style=\"flex-basis:500px\">\n\n\n<h1 class=\"wp-block-heading has-white-color has-text-color\">Donaciones de contrapartida de empresas<\/h1>\n\n\n\n<p class=\"has-white-color has-text-color has-medium-large-font-size\" style=\"font-style:normal;font-weight:500\">Ampl\u00ede su aporte a la investigaci\u00f3n de inmunoterapia con donaciones de contrapartida de su empresa.<\/p>\n<\/div>\n<\/div>\n\n<\/div>\n<\/section>\n\n<section id=\"section-block_b0c210f3157f7844d31ef6164c94f063\" class=\"section-block bg-type-solid wp-block-acf-block-section\">\n  \n    \n  <div class=\"is-layout-constrained section-inner\">\n\n<div class=\"wp-block-columns is-layout-flex wp-container-core-columns-is-layout-28f84493 wp-block-columns-is-layout-flex\">\n<div class=\"wp-block-column is-layout-flow wp-block-column-is-layout-flow\" style=\"flex-basis:67%\">\n<p>Muchas empresas reservan fondos filantr\u00f3picos y los destinan a programas de donaciones de contrapartida, que permiten a los empleados (y a menudo a jubilados, c\u00f3nyuges y directivos) de la empresa hacer un aporte a una organizaci\u00f3n sin fines de lucro que luego es igualada por una donaci\u00f3n corporativa.<\/p>\n\n\n\n<p>Hay m\u00e1s de 20&nbsp;000 empresas de todo el pa\u00eds que ofrecen donaciones de contrapartida. Para saber si puede hacer este tipo de donaci\u00f3n, busque su empresa a continuaci\u00f3n y siga las instrucciones correspondientes.<\/p>\n\n\n\n\n\n<h2 class=\"wp-block-heading has-medium-large-font-size\">Formulario de donaci\u00f3n de contrapartida<\/h2>\n\n\n\n<p>Vea si la empresa donde trabaja igualar\u00e1 su donaci\u00f3n.<\/p>\n\n\n\n<script>var DDCONF = { API_KEY: \"PZDE3ZY3jaAevLCd\" };<\/script> <script src=\"https:\/\/doublethedonation.com\/api\/js\/ddplugin.js\"><\/script> <div id=\"dd-container\"><a href=\"https:\/\/doublethedonation.com\/matching-grant-resources\/matching-gift-basics\/\">La informaci\u00f3n sobre donaciones de contrapartida<\/a> y <a href=\"https:\/\/doublethedonation.com\/matching-grant-resources\/volunteer-grant-basics\/\">donaciones voluntarias<\/a> es proporcionada por <br\/><a href=\"https:\/\/doublethedonation.com\"><img decoding=\"async\" alt=\"Powered by Double the Donation\" src=\"https:\/\/doublethedonation.com\/api\/img\/powered-by.png\"\/><\/a><\/div>\n\n\n\n<p class=\"has-x-small-font-size\">Si el cuadro de b\u00fasqueda anterior no funciona, pruebe ajustar la configuraci\u00f3n de su navegador.<\/p>\n\n\n\n<p>El 93&nbsp;% de los donantes env\u00edan sus aportes electr\u00f3nicamente. Si env\u00eda una donaci\u00f3n de contrapartida a trav\u00e9s del portal electr\u00f3nico de su empresa, o si la empresa todav\u00eda utiliza un formulario impreso, es posible que necesite la siguiente informaci\u00f3n sobre el Cancer Research Institute:<\/p>\n\n\n\n<p>EIN: <strong>13-1837442<\/strong><\/p>\n\n\n\n<p>Direcci\u00f3n postal:<br><strong>Cancer Research Institute<br>Attn: Employer Matching Gifts<br>29 Broadway, Floor 4<br>New York, NY 10006-3111<\/strong><\/p>\n\n\n\n<p>Informaci\u00f3n de contacto:<br>Tel\u00e9fono: 212-688-7515<br>Correo electr\u00f3nico: <a href=\"mailto:donations@cancerresearch.org\">donations@cancerresearch.org<\/a><\/p>\n\n\n\n<p>Los niveles de contrapartida var\u00edan de una empresa a otra, pero independientemente del porcentaje de contrapartida, estas donaciones representan una importante fuente de financiaci\u00f3n para el CRI y la investigaci\u00f3n en inmunoterapia contra el c\u00e1ncer. Aunque los procedimientos de los programas de donaciones son variados, en general los formularios de donaciones de contrapartida se obtienen en la oficina de recursos humanos de la empresa.El empleado env\u00eda el formulario firmado junto con un cheque a nombre del Cancer Research Institute;el CRI y la empresa se ocupan de todo lo dem\u00e1s.<\/p>\n\n\n\n\n\n<h2 class=\"wp-block-heading has-medium-large-font-size\">Frequently asked questions<\/h2>\n\n\n\n\n<p>Anyone who has an interest in helping to advance the fight against cancer is encouraged to donate to CRI. Individuals can&nbsp;<a href=\"https:\/\/www.cancerresearch.org\/ways-to-give\">make cash donations<\/a>&nbsp;and also include CRI in their&nbsp;<a href=\"https:\/\/www.cancerresearch.org\/ways-to-give\/leave-a-legacy\">estate planning or planned giving<\/a>.&nbsp;<a href=\"https:\/\/www.cancerresearch.org\/corporate-partnerships\">Corporations<\/a>&nbsp;and foundations also can make donations.<\/p>\n\n\n\n\n\n<p>CRI is a 501(c)(3) charitable organization, so your donations are deductible for federal or state tax purposes as allowed by law. <a href=\"https:\/\/www.cancerresearch.org\/ways-to-give\/leave-a-legacy\">Planned giving<\/a>, which can encompass bequests and gift annuities, may offer other tax or financial planning advantages as well.<\/p>\n\n\n\n<p>Taxpayers who do not itemize their returns may receive a tax deduction of up to $300 for cash donations to 501(c)(3) nonprofit organizations. Taxpayers who itemize returns may now deduct up to 100% of their Adjusted Gross Income on cash donations. Corporations may now deduct up to 25% of taxable income. Please consult your tax advisor for more information.<\/p>\n\n\n\n\n\n<p><a href=\"https:\/\/www.cancerresearch.org\/charity-ratings-reporting\">We consistently earn high marks from charity watchdog organizations<\/a>, including an A or higher from the American Institute of Philanthropy. We are also a proud member of the&nbsp;<a href=\"https:\/\/give.org\/charity-reviews\/national\/cancer\/cancer-research-institute-in-new-york-ny-3693\" target=\"_blank\" rel=\"noreferrer noopener\">Better Business Bureau Wise Giving Alliance<\/a>, the most rigorous evaluator of charity activity with 20 standards of accountability and ethical practice. We have&nbsp;<a href=\"https:\/\/www.charitynavigator.org\/index.cfm?bay=search.summary&amp;orgid=3417\">4 out of 4 stars from Charity Navigator<\/a>, the nation\u2019s largest and most utilized evaluator of charities; an&nbsp;<a href=\"https:\/\/www.charitywatch.org\/ratings-and-metrics\/cancer-research-institute\/123\">A grade from Charity Watch<\/a>; and a&nbsp;<a href=\"https:\/\/www.guidestar.org\/profile\/13-1837442\">Platinum Participant Seal from GuideStar<\/a>.<\/p>\n\n<\/div>\n\n\n\n<div class=\"wp-block-column is-layout-flow wp-block-column-is-layout-flow\" style=\"flex-basis:33%\">\n\n\n\n\n\n\n\n\n\n\n\n\n\n\n\n\n\n\n\n\n\n\n\n\n\n<\/div>\n<\/div>\n\n<\/div>\n<\/section>","protected":false},"excerpt":{"rendered":"","protected":false},"author":1,"featured_media":29809,"parent":27567,"menu_order":62,"comment_status":"closed","ping_status":"closed","template":"","meta":{"_acf_changed":false,"inline_featured_image":false,"_cri_header_bg_color":"","footnotes":""},"resource_cancer_types":[],"resource_patient_age":[],"resource_cancer_stage":[],"resource_treatment_type":[],"resource_treatment_status":[],"class_list":["post-27554","page","type-page","status-publish","has-post-thumbnail","hentry"],"acf":[],"yoast_head":"<!-- This site is optimized with the Yoast SEO plugin v26.8 - https:\/\/yoast.com\/product\/yoast-seo-wordpress\/ -->\n<title>Donaciones de contrapartida de empresas - Cancer Research Institute<\/title>\n<meta name=\"robots\" content=\"index, follow, max-snippet:-1, max-image-preview:large, max-video-preview:-1\" \/>\n<link rel=\"canonical\" href=\"https:\/\/www.cancerresearch.org\/es\/maneras-de-colaborar\/donaciones-de-contrapartida-de-empresas\" \/>\n<meta property=\"og:locale\" content=\"es_ES\" \/>\n<meta property=\"og:type\" content=\"article\" \/>\n<meta property=\"og:title\" content=\"Donaciones de contrapartida de empresas - Cancer Research Institute\" \/>\n<meta property=\"og:url\" content=\"https:\/\/www.cancerresearch.org\/es\/maneras-de-colaborar\/donaciones-de-contrapartida-de-empresas\" \/>\n<meta property=\"og:site_name\" content=\"Cancer Research Institute\" \/>\n<meta property=\"article:modified_time\" content=\"2023-08-09T23:26:21+00:00\" \/>\n<meta property=\"og:image\" content=\"https:\/\/www.cancerresearch.org\/wp-content\/uploads\/2023\/08\/Employer-Matching-Gifts-Featured-Image.jpg\" \/>\n\t<meta property=\"og:image:width\" content=\"1248\" \/>\n\t<meta property=\"og:image:height\" content=\"648\" \/>\n\t<meta property=\"og:image:type\" content=\"image\/jpeg\" \/>\n<meta name=\"twitter:card\" content=\"summary_large_image\" \/>\n<meta name=\"twitter:label1\" content=\"Tiempo de lectura\" \/>\n\t<meta name=\"twitter:data1\" content=\"2 minutos\" \/>\n<script type=\"application\/ld+json\" class=\"yoast-schema-graph\">{\"@context\":\"https:\/\/schema.org\",\"@graph\":[{\"@type\":\"WebPage\",\"@id\":\"https:\/\/www.cancerresearch.org\/es\/maneras-de-colaborar\/donaciones-de-contrapartida-de-empresas\",\"url\":\"https:\/\/www.cancerresearch.org\/es\/maneras-de-colaborar\/donaciones-de-contrapartida-de-empresas\",\"name\":\"Donaciones de contrapartida de empresas - Cancer Research Institute\",\"isPartOf\":{\"@id\":\"https:\/\/www.cancerresearch.org\/#website\"},\"primaryImageOfPage\":{\"@id\":\"https:\/\/www.cancerresearch.org\/es\/maneras-de-colaborar\/donaciones-de-contrapartida-de-empresas#primaryimage\"},\"image\":{\"@id\":\"https:\/\/www.cancerresearch.org\/es\/maneras-de-colaborar\/donaciones-de-contrapartida-de-empresas#primaryimage\"},\"thumbnailUrl\":\"https:\/\/www.cancerresearch.org\/wp-content\/uploads\/2023\/08\/Employer-Matching-Gifts-Featured-Image.jpg\",\"datePublished\":\"2022-09-08T19:44:46+00:00\",\"dateModified\":\"2023-08-09T23:26:21+00:00\",\"breadcrumb\":{\"@id\":\"https:\/\/www.cancerresearch.org\/es\/maneras-de-colaborar\/donaciones-de-contrapartida-de-empresas#breadcrumb\"},\"inLanguage\":\"es\",\"potentialAction\":[{\"@type\":\"ReadAction\",\"target\":[\"https:\/\/www.cancerresearch.org\/es\/maneras-de-colaborar\/donaciones-de-contrapartida-de-empresas\"]}]},{\"@type\":\"ImageObject\",\"inLanguage\":\"es\",\"@id\":\"https:\/\/www.cancerresearch.org\/es\/maneras-de-colaborar\/donaciones-de-contrapartida-de-empresas#primaryimage\",\"url\":\"https:\/\/www.cancerresearch.org\/wp-content\/uploads\/2023\/08\/Employer-Matching-Gifts-Featured-Image.jpg\",\"contentUrl\":\"https:\/\/www.cancerresearch.org\/wp-content\/uploads\/2023\/08\/Employer-Matching-Gifts-Featured-Image.jpg\",\"width\":1248,\"height\":648,\"caption\":\"ER Matching Gifts Image\"},{\"@type\":\"BreadcrumbList\",\"@id\":\"https:\/\/www.cancerresearch.org\/es\/maneras-de-colaborar\/donaciones-de-contrapartida-de-empresas#breadcrumb\",\"itemListElement\":[{\"@type\":\"ListItem\",\"position\":1,\"name\":\"Home\",\"item\":\"https:\/\/www.cancerresearch.org\/es\"},{\"@type\":\"ListItem\",\"position\":2,\"name\":\"Maneras de colaborar\",\"item\":\"https:\/\/www.cancerresearch.org\/es\/maneras-de-colaborar\"},{\"@type\":\"ListItem\",\"position\":3,\"name\":\"Donaciones de contrapartida de empresas\"}]},{\"@type\":\"WebSite\",\"@id\":\"https:\/\/www.cancerresearch.org\/#website\",\"url\":\"https:\/\/www.cancerresearch.org\/\",\"name\":\"Cancer Research Institute\",\"description\":\"For a World Immune to Cancer\",\"publisher\":{\"@id\":\"https:\/\/www.cancerresearch.org\/#organization\"},\"potentialAction\":[{\"@type\":\"SearchAction\",\"target\":{\"@type\":\"EntryPoint\",\"urlTemplate\":\"https:\/\/www.cancerresearch.org\/?s={search_term_string}\"},\"query-input\":{\"@type\":\"PropertyValueSpecification\",\"valueRequired\":true,\"valueName\":\"search_term_string\"}}],\"inLanguage\":\"es\"},{\"@type\":\"Organization\",\"@id\":\"https:\/\/www.cancerresearch.org\/#organization\",\"name\":\"Cancer Research Institute\",\"url\":\"https:\/\/www.cancerresearch.org\/\",\"logo\":{\"@type\":\"ImageObject\",\"inLanguage\":\"es\",\"@id\":\"https:\/\/www.cancerresearch.org\/#\/schema\/logo\/image\/\",\"url\":\"https:\/\/www.cancerresearch.org\/wp-content\/uploads\/2025\/05\/logo-gradient.svg\",\"contentUrl\":\"https:\/\/www.cancerresearch.org\/wp-content\/uploads\/2025\/05\/logo-gradient.svg\",\"width\":156,\"height\":53,\"caption\":\"Cancer Research Institute\"},\"image\":{\"@id\":\"https:\/\/www.cancerresearch.org\/#\/schema\/logo\/image\/\"}}]}<\/script>\n<!-- \/ Yoast SEO plugin. -->","yoast_head_json":{"title":"Donaciones de contrapartida de empresas - Cancer Research Institute","robots":{"index":"index","follow":"follow","max-snippet":"max-snippet:-1","max-image-preview":"max-image-preview:large","max-video-preview":"max-video-preview:-1"},"canonical":"https:\/\/www.cancerresearch.org\/es\/maneras-de-colaborar\/donaciones-de-contrapartida-de-empresas","og_locale":"es_ES","og_type":"article","og_title":"Donaciones de contrapartida de empresas - Cancer Research Institute","og_url":"https:\/\/www.cancerresearch.org\/es\/maneras-de-colaborar\/donaciones-de-contrapartida-de-empresas","og_site_name":"Cancer Research Institute","article_modified_time":"2023-08-09T23:26:21+00:00","og_image":[{"width":1248,"height":648,"url":"https:\/\/www.cancerresearch.org\/wp-content\/uploads\/2023\/08\/Employer-Matching-Gifts-Featured-Image.jpg","type":"image\/jpeg"}],"twitter_card":"summary_large_image","twitter_misc":{"Tiempo de lectura":"2 minutos"},"schema":{"@context":"https:\/\/schema.org","@graph":[{"@type":"WebPage","@id":"https:\/\/www.cancerresearch.org\/es\/maneras-de-colaborar\/donaciones-de-contrapartida-de-empresas","url":"https:\/\/www.cancerresearch.org\/es\/maneras-de-colaborar\/donaciones-de-contrapartida-de-empresas","name":"Donaciones de contrapartida de empresas - Cancer Research Institute","isPartOf":{"@id":"https:\/\/www.cancerresearch.org\/#website"},"primaryImageOfPage":{"@id":"https:\/\/www.cancerresearch.org\/es\/maneras-de-colaborar\/donaciones-de-contrapartida-de-empresas#primaryimage"},"image":{"@id":"https:\/\/www.cancerresearch.org\/es\/maneras-de-colaborar\/donaciones-de-contrapartida-de-empresas#primaryimage"},"thumbnailUrl":"https:\/\/www.cancerresearch.org\/wp-content\/uploads\/2023\/08\/Employer-Matching-Gifts-Featured-Image.jpg","datePublished":"2022-09-08T19:44:46+00:00","dateModified":"2023-08-09T23:26:21+00:00","breadcrumb":{"@id":"https:\/\/www.cancerresearch.org\/es\/maneras-de-colaborar\/donaciones-de-contrapartida-de-empresas#breadcrumb"},"inLanguage":"es","potentialAction":[{"@type":"ReadAction","target":["https:\/\/www.cancerresearch.org\/es\/maneras-de-colaborar\/donaciones-de-contrapartida-de-empresas"]}]},{"@type":"ImageObject","inLanguage":"es","@id":"https:\/\/www.cancerresearch.org\/es\/maneras-de-colaborar\/donaciones-de-contrapartida-de-empresas#primaryimage","url":"https:\/\/www.cancerresearch.org\/wp-content\/uploads\/2023\/08\/Employer-Matching-Gifts-Featured-Image.jpg","contentUrl":"https:\/\/www.cancerresearch.org\/wp-content\/uploads\/2023\/08\/Employer-Matching-Gifts-Featured-Image.jpg","width":1248,"height":648,"caption":"ER Matching Gifts Image"},{"@type":"BreadcrumbList","@id":"https:\/\/www.cancerresearch.org\/es\/maneras-de-colaborar\/donaciones-de-contrapartida-de-empresas#breadcrumb","itemListElement":[{"@type":"ListItem","position":1,"name":"Home","item":"https:\/\/www.cancerresearch.org\/es"},{"@type":"ListItem","position":2,"name":"Maneras de colaborar","item":"https:\/\/www.cancerresearch.org\/es\/maneras-de-colaborar"},{"@type":"ListItem","position":3,"name":"Donaciones de contrapartida de empresas"}]},{"@type":"WebSite","@id":"https:\/\/www.cancerresearch.org\/#website","url":"https:\/\/www.cancerresearch.org\/","name":"Cancer Research Institute","description":"For a World Immune to Cancer","publisher":{"@id":"https:\/\/www.cancerresearch.org\/#organization"},"potentialAction":[{"@type":"SearchAction","target":{"@type":"EntryPoint","urlTemplate":"https:\/\/www.cancerresearch.org\/?s={search_term_string}"},"query-input":{"@type":"PropertyValueSpecification","valueRequired":true,"valueName":"search_term_string"}}],"inLanguage":"es"},{"@type":"Organization","@id":"https:\/\/www.cancerresearch.org\/#organization","name":"Cancer Research Institute","url":"https:\/\/www.cancerresearch.org\/","logo":{"@type":"ImageObject","inLanguage":"es","@id":"https:\/\/www.cancerresearch.org\/#\/schema\/logo\/image\/","url":"https:\/\/www.cancerresearch.org\/wp-content\/uploads\/2025\/05\/logo-gradient.svg","contentUrl":"https:\/\/www.cancerresearch.org\/wp-content\/uploads\/2025\/05\/logo-gradient.svg","width":156,"height":53,"caption":"Cancer Research Institute"},"image":{"@id":"https:\/\/www.cancerresearch.org\/#\/schema\/logo\/image\/"}}]}},"_links":{"self":[{"href":"https:\/\/www.cancerresearch.org\/es\/wp-json\/wp\/v2\/pages\/27554","targetHints":{"allow":["GET"]}}],"collection":[{"href":"https:\/\/www.cancerresearch.org\/es\/wp-json\/wp\/v2\/pages"}],"about":[{"href":"https:\/\/www.cancerresearch.org\/es\/wp-json\/wp\/v2\/types\/page"}],"author":[{"embeddable":true,"href":"https:\/\/www.cancerresearch.org\/es\/wp-json\/wp\/v2\/users\/1"}],"replies":[{"embeddable":true,"href":"https:\/\/www.cancerresearch.org\/es\/wp-json\/wp\/v2\/comments?post=27554"}],"version-history":[{"count":0,"href":"https:\/\/www.cancerresearch.org\/es\/wp-json\/wp\/v2\/pages\/27554\/revisions"}],"up":[{"embeddable":true,"href":"https:\/\/www.cancerresearch.org\/es\/wp-json\/wp\/v2\/pages\/27567"}],"wp:featuredmedia":[{"embeddable":true,"href":"https:\/\/www.cancerresearch.org\/es\/wp-json\/wp\/v2\/media\/29809"}],"wp:attachment":[{"href":"https:\/\/www.cancerresearch.org\/es\/wp-json\/wp\/v2\/media?parent=27554"}],"wp:term":[{"taxonomy":"resource_cancer_types","embeddable":true,"href":"https:\/\/www.cancerresearch.org\/es\/wp-json\/wp\/v2\/resource_cancer_types?post=27554"},{"taxonomy":"resource_patient_age","embeddable":true,"href":"https:\/\/www.cancerresearch.org\/es\/wp-json\/wp\/v2\/resource_patient_age?post=27554"},{"taxonomy":"resource_cancer_stage","embeddable":true,"href":"https:\/\/www.cancerresearch.org\/es\/wp-json\/wp\/v2\/resource_cancer_stage?post=27554"},{"taxonomy":"resource_treatment_type","embeddable":true,"href":"https:\/\/www.cancerresearch.org\/es\/wp-json\/wp\/v2\/resource_treatment_type?post=27554"},{"taxonomy":"resource_treatment_status","embeddable":true,"href":"https:\/\/www.cancerresearch.org\/es\/wp-json\/wp\/v2\/resource_treatment_status?post=27554"}],"curies":[{"name":"wp","href":"https:\/\/api.w.org\/{rel}","templated":true}]}}