{"id":27552,"date":"2022-09-08T14:11:15","date_gmt":"2022-09-08T18:11:15","guid":{"rendered":"https:\/\/www.cancerresearch.org\/fondos-designados-por-donantes"},"modified":"2025-02-14T12:52:21","modified_gmt":"2025-02-14T17:52:21","slug":"fondos-designados-por-donantes","status":"publish","type":"page","link":"https:\/\/www.cancerresearch.org\/es\/maneras-de-colaborar\/fondos-designados-por-donantes","title":{"rendered":"Fondos designados por donantes"},"content":{"rendered":"<section id=\"section-block_8338573fc3c1982d46922e86b2f9a1d0\" class=\"section-block bg-type-lottie pattern-section-hero wp-block-acf-block-section\">\n  \n    \n  <div class=\"is-layout-constrained section-inner\">\n\n<div class=\"wp-block-columns is-layout-flex wp-container-core-columns-is-layout-28f84493 wp-block-columns-is-layout-flex\">\n<div class=\"wp-block-column is-layout-flow wp-block-column-is-layout-flow\" style=\"flex-basis:623px\">\n\n\n<h1 class=\"wp-block-heading has-white-color has-text-color\">Fondos designados por donantes<\/h1>\n\n\n\n<p class=\"has-white-color has-text-color has-medium-large-font-size\" style=\"font-style:normal;font-weight:500\">Mediante los fondos designados por donantes <strong>(DAF)<\/strong>, personas f\u00edsicas u organizaciones pueden crear una cuenta especial para gestionar sus donaciones ben\u00e9ficas.<\/p>\n<\/div>\n<\/div>\n\n<\/div>\n<\/section>\n\n<section id=\"section-block_f273f04128b891144cfc868f812d2db8\" class=\"section-block bg-type-solid wp-block-acf-block-section\">\n  \n    \n  <div class=\"is-layout-constrained section-inner\">\n\n<div class=\"wp-block-columns is-layout-flex wp-container-core-columns-is-layout-28f84493 wp-block-columns-is-layout-flex\">\n<div class=\"wp-block-column is-layout-flow wp-block-column-is-layout-flow\" style=\"flex-basis:67%\">\n<p>Mediante los fondos designados por donantes, personas f\u00edsicas u organizaciones pueden crear una cuenta especial para gestionar sus donaciones ben\u00e9ficas. Fil\u00e1ntropos como usted abren una cuenta y realizan aportes deducibles de impuestos a un DAF. As\u00ed, podr\u00e1 recomendar donaciones del DAF a las organizaciones ben\u00e9ficas de su elecci\u00f3n. El patrocinador del DAF, por lo general una instituci\u00f3n financiera sin fines de lucro, se encarga de todos los aspectos administrativos, y usted puede permanecer en el anonimato si lo desea.<\/p>\n\n\n\n<p>Una vez que el DAF aprueba su recomendaci\u00f3n, realiza una donaci\u00f3n al CRI mediante cheque o transferencia bancaria. Tenga en cuenta que el CRI no podr\u00e1 emitirle un recibo a los efectos fiscales;su DAF es el que emite un comprobante fiscal por el dep\u00f3sito.<\/p>\n\n\n\n<p>Si tiene una cuenta en Fidelity Charitable, Schwab Charitable, Greater Kansas City CF o BNY Mellon, utilice el widget a continuaci\u00f3n para procesar su recomendaci\u00f3n con el enlace seguro DAFDirect. Para realizar donaciones desde otros DAF, comun\u00edquese con la organizaci\u00f3n patrocinadora de su fondo. \u00a1Gracias por su recomendaci\u00f3n!<\/p>\n\n\n\n\n\n<h2 class=\"wp-block-heading has-xx-large-font-size\">Acceso directo a fondos designados por donantes<\/h2>\n\n\n\n<script>var _msdaf_id= 'b3723c05dbe3b'<\/script> <script src=\"https:\/\/app.dafwidget.com\/api\/js\/source.js\"><\/script>\n\n\n\n\n\n<h2 class=\"wp-block-heading has-xx-large-font-size\">Done mediante transferencia bancaria<\/h2>\n\n\n\n<p class=\"has-grey-5-color has-text-color has-x-small-font-size\" style=\"font-style:normal;font-weight:700;text-transform:uppercase\">INSTRUCCIONES PARA TRANSFERENCIAS BANCARIAS<\/p>\n\n\n\n<p style=\"line-height:2\">Nombre de la empresa: <strong>Cancer Research Institute<\/strong><br>Domicilio: <strong>29 Broadway, Fl 4, New York, NY 10006<\/strong><br>Nombre del banco: <strong>JPMorgan Chase<\/strong><br>Domicilio: <strong>1166 Avenue of the Americas, Fl 20. New York, NY 10036<\/strong><br>Persona de contacto: <strong>Jinal Choksi<\/strong><br>Tel\u00e9fono: 212-623-1250<br>N\u00famero ABA (para transferencias nacionales): <strong>021000021<\/strong><br>C\u00f3digo Swift (para transferencias internacionales): <strong>Chasus33<\/strong><br>N\u00famero de cuenta: <strong>904950328<\/strong><br>Tipo de cuenta: <strong>cuenta corriente<\/strong><\/p>\n\n\n\n\n\n<h2 class=\"wp-block-heading has-xx-large-font-size\">Done mediante cheque<\/h2>\n\n\n\n<p class=\"has-grey-5-color has-text-color has-x-small-font-size\" style=\"font-style:normal;font-weight:700;text-transform:uppercase\">DIRECCI\u00d3N POSTAL PARA ENVIAR CHEQUES<\/p>\n\n\n\n<p class=\"has-medium-large-font-size\" style=\"line-height:1.6\"><strong>Cancer Research Institute<br>29 Broadway, 4th Floor<br>New York, NY 10006-3111<\/strong><\/p>\n\n\n\n<p style=\"line-height:2\">\u00bfTiene preguntas o necesita ayuda para hacer una donaci\u00f3n?<br>Comun\u00edquese con <strong>Rachael Brown<\/strong> al 212-792-5212 o por correo electr\u00f3nico a <a href=\"mailto:RBrown@cancerresearch.org\">RBrown@cancerresearch.org<\/a>.<\/p>\n\n\n\n\n\n<h2 class=\"wp-block-heading has-medium-large-font-size\">Frequently asked questions<\/h2>\n\n\n\n\n<p>Anyone who has an interest in helping to advance the fight against cancer is encouraged to donate to CRI. Individuals can&nbsp;<a href=\"https:\/\/www.cancerresearch.org\/ways-to-give\">make cash donations<\/a>&nbsp;and also include CRI in their&nbsp;<a href=\"https:\/\/www.cancerresearch.org\/ways-to-give\/leave-a-legacy\">estate planning or planned giving<\/a>.&nbsp;<a href=\"https:\/\/www.cancerresearch.org\/corporate-partnerships\">Corporations<\/a>&nbsp;and foundations also can make donations.<\/p>\n\n\n\n\n\n<p>CRI is a 501(c)(3) charitable organization, so your donations are deductible for federal or state tax purposes as allowed by law. <a href=\"https:\/\/www.cancerresearch.org\/ways-to-give\/leave-a-legacy\">Planned giving<\/a>, which can encompass bequests and gift annuities, may offer other tax or financial planning advantages as well.<\/p>\n\n\n\n<p>Taxpayers who do not itemize their returns may receive a tax deduction of up to $300 for cash donations to 501(c)(3) nonprofit organizations. Taxpayers who itemize returns may now deduct up to 100% of their Adjusted Gross Income on cash donations. Corporations may now deduct up to 25% of taxable income. Please consult your tax advisor for more information.<\/p>\n\n\n\n\n\n<p><a href=\"https:\/\/www.cancerresearch.org\/charity-ratings-reporting\">We consistently earn high marks from charity watchdog organizations<\/a>, including an A or higher from the American Institute of Philanthropy. We are also a proud member of the&nbsp;<a href=\"https:\/\/give.org\/charity-reviews\/national\/cancer\/cancer-research-institute-in-new-york-ny-3693\" target=\"_blank\" rel=\"noreferrer noopener\">Better Business Bureau Wise Giving Alliance<\/a>, the most rigorous evaluator of charity activity with 20 standards of accountability and ethical practice. We have&nbsp;<a href=\"https:\/\/www.charitynavigator.org\/index.cfm?bay=search.summary&amp;orgid=3417\">4 out of 4 stars from Charity Navigator<\/a>, the nation\u2019s largest and most utilized evaluator of charities; an&nbsp;<a href=\"https:\/\/www.charitywatch.org\/ratings-and-metrics\/cancer-research-institute\/123\">A grade from Charity Watch<\/a>; and a&nbsp;<a href=\"https:\/\/www.guidestar.org\/profile\/13-1837442\">Platinum Participant Seal from GuideStar<\/a>.<\/p>\n\n<\/div>\n\n\n\n<div class=\"wp-block-column is-layout-flow wp-block-column-is-layout-flow\" style=\"flex-basis:33%\">\n\n\n\n\n\n\n\n\n\n\n\n\n\n\n\n\n\n\n\n\n\n\n\n\n\n<\/div>\n<\/div>\n\n<\/div>\n<\/section>","protected":false},"excerpt":{"rendered":"","protected":false},"author":1,"featured_media":0,"parent":27567,"menu_order":65,"comment_status":"closed","ping_status":"closed","template":"","meta":{"_acf_changed":false,"inline_featured_image":false,"_cri_header_bg_color":"","footnotes":""},"resource_cancer_types":[],"resource_patient_age":[],"resource_cancer_stage":[],"resource_treatment_type":[],"resource_treatment_status":[],"class_list":["post-27552","page","type-page","status-publish","hentry"],"acf":[],"yoast_head":"<!-- This site is optimized with the Yoast SEO plugin v26.8 - https:\/\/yoast.com\/product\/yoast-seo-wordpress\/ -->\n<title>Fondos designados por donantes - Cancer Research Institute<\/title>\n<meta name=\"robots\" content=\"index, follow, max-snippet:-1, max-image-preview:large, max-video-preview:-1\" \/>\n<link rel=\"canonical\" href=\"https:\/\/www.cancerresearch.org\/es\/maneras-de-colaborar\/fondos-designados-por-donantes\" \/>\n<meta property=\"og:locale\" content=\"es_ES\" \/>\n<meta property=\"og:type\" content=\"article\" \/>\n<meta property=\"og:title\" content=\"Fondos designados por donantes - Cancer Research Institute\" \/>\n<meta property=\"og:url\" content=\"https:\/\/www.cancerresearch.org\/es\/maneras-de-colaborar\/fondos-designados-por-donantes\" \/>\n<meta property=\"og:site_name\" content=\"Cancer Research Institute\" \/>\n<meta property=\"article:modified_time\" content=\"2025-02-14T17:52:21+00:00\" \/>\n<meta name=\"twitter:card\" content=\"summary_large_image\" \/>\n<meta name=\"twitter:label1\" content=\"Tiempo de lectura\" \/>\n\t<meta name=\"twitter:data1\" content=\"5 minutos\" \/>\n<script type=\"application\/ld+json\" class=\"yoast-schema-graph\">{\"@context\":\"https:\/\/schema.org\",\"@graph\":[{\"@type\":\"WebPage\",\"@id\":\"https:\/\/www.cancerresearch.org\/es\/maneras-de-colaborar\/fondos-designados-por-donantes\",\"url\":\"https:\/\/www.cancerresearch.org\/es\/maneras-de-colaborar\/fondos-designados-por-donantes\",\"name\":\"Fondos designados por donantes - Cancer Research Institute\",\"isPartOf\":{\"@id\":\"https:\/\/www.cancerresearch.org\/#website\"},\"datePublished\":\"2022-09-08T18:11:15+00:00\",\"dateModified\":\"2025-02-14T17:52:21+00:00\",\"breadcrumb\":{\"@id\":\"https:\/\/www.cancerresearch.org\/es\/maneras-de-colaborar\/fondos-designados-por-donantes#breadcrumb\"},\"inLanguage\":\"es\",\"potentialAction\":[{\"@type\":\"ReadAction\",\"target\":[\"https:\/\/www.cancerresearch.org\/es\/maneras-de-colaborar\/fondos-designados-por-donantes\"]}]},{\"@type\":\"BreadcrumbList\",\"@id\":\"https:\/\/www.cancerresearch.org\/es\/maneras-de-colaborar\/fondos-designados-por-donantes#breadcrumb\",\"itemListElement\":[{\"@type\":\"ListItem\",\"position\":1,\"name\":\"Home\",\"item\":\"https:\/\/www.cancerresearch.org\/es\"},{\"@type\":\"ListItem\",\"position\":2,\"name\":\"Maneras de colaborar\",\"item\":\"https:\/\/www.cancerresearch.org\/es\/maneras-de-colaborar\"},{\"@type\":\"ListItem\",\"position\":3,\"name\":\"Fondos designados por donantes\"}]},{\"@type\":\"WebSite\",\"@id\":\"https:\/\/www.cancerresearch.org\/#website\",\"url\":\"https:\/\/www.cancerresearch.org\/\",\"name\":\"Cancer Research Institute\",\"description\":\"For a World Immune to Cancer\",\"publisher\":{\"@id\":\"https:\/\/www.cancerresearch.org\/#organization\"},\"potentialAction\":[{\"@type\":\"SearchAction\",\"target\":{\"@type\":\"EntryPoint\",\"urlTemplate\":\"https:\/\/www.cancerresearch.org\/?s={search_term_string}\"},\"query-input\":{\"@type\":\"PropertyValueSpecification\",\"valueRequired\":true,\"valueName\":\"search_term_string\"}}],\"inLanguage\":\"es\"},{\"@type\":\"Organization\",\"@id\":\"https:\/\/www.cancerresearch.org\/#organization\",\"name\":\"Cancer Research Institute\",\"url\":\"https:\/\/www.cancerresearch.org\/\",\"logo\":{\"@type\":\"ImageObject\",\"inLanguage\":\"es\",\"@id\":\"https:\/\/www.cancerresearch.org\/#\/schema\/logo\/image\/\",\"url\":\"https:\/\/www.cancerresearch.org\/wp-content\/uploads\/2025\/05\/logo-gradient.svg\",\"contentUrl\":\"https:\/\/www.cancerresearch.org\/wp-content\/uploads\/2025\/05\/logo-gradient.svg\",\"width\":156,\"height\":53,\"caption\":\"Cancer Research Institute\"},\"image\":{\"@id\":\"https:\/\/www.cancerresearch.org\/#\/schema\/logo\/image\/\"}}]}<\/script>\n<!-- \/ Yoast SEO plugin. -->","yoast_head_json":{"title":"Fondos designados por donantes - Cancer Research Institute","robots":{"index":"index","follow":"follow","max-snippet":"max-snippet:-1","max-image-preview":"max-image-preview:large","max-video-preview":"max-video-preview:-1"},"canonical":"https:\/\/www.cancerresearch.org\/es\/maneras-de-colaborar\/fondos-designados-por-donantes","og_locale":"es_ES","og_type":"article","og_title":"Fondos designados por donantes - Cancer Research Institute","og_url":"https:\/\/www.cancerresearch.org\/es\/maneras-de-colaborar\/fondos-designados-por-donantes","og_site_name":"Cancer Research Institute","article_modified_time":"2025-02-14T17:52:21+00:00","twitter_card":"summary_large_image","twitter_misc":{"Tiempo de lectura":"5 minutos"},"schema":{"@context":"https:\/\/schema.org","@graph":[{"@type":"WebPage","@id":"https:\/\/www.cancerresearch.org\/es\/maneras-de-colaborar\/fondos-designados-por-donantes","url":"https:\/\/www.cancerresearch.org\/es\/maneras-de-colaborar\/fondos-designados-por-donantes","name":"Fondos designados por donantes - Cancer Research Institute","isPartOf":{"@id":"https:\/\/www.cancerresearch.org\/#website"},"datePublished":"2022-09-08T18:11:15+00:00","dateModified":"2025-02-14T17:52:21+00:00","breadcrumb":{"@id":"https:\/\/www.cancerresearch.org\/es\/maneras-de-colaborar\/fondos-designados-por-donantes#breadcrumb"},"inLanguage":"es","potentialAction":[{"@type":"ReadAction","target":["https:\/\/www.cancerresearch.org\/es\/maneras-de-colaborar\/fondos-designados-por-donantes"]}]},{"@type":"BreadcrumbList","@id":"https:\/\/www.cancerresearch.org\/es\/maneras-de-colaborar\/fondos-designados-por-donantes#breadcrumb","itemListElement":[{"@type":"ListItem","position":1,"name":"Home","item":"https:\/\/www.cancerresearch.org\/es"},{"@type":"ListItem","position":2,"name":"Maneras de colaborar","item":"https:\/\/www.cancerresearch.org\/es\/maneras-de-colaborar"},{"@type":"ListItem","position":3,"name":"Fondos designados por donantes"}]},{"@type":"WebSite","@id":"https:\/\/www.cancerresearch.org\/#website","url":"https:\/\/www.cancerresearch.org\/","name":"Cancer Research Institute","description":"For a World Immune to Cancer","publisher":{"@id":"https:\/\/www.cancerresearch.org\/#organization"},"potentialAction":[{"@type":"SearchAction","target":{"@type":"EntryPoint","urlTemplate":"https:\/\/www.cancerresearch.org\/?s={search_term_string}"},"query-input":{"@type":"PropertyValueSpecification","valueRequired":true,"valueName":"search_term_string"}}],"inLanguage":"es"},{"@type":"Organization","@id":"https:\/\/www.cancerresearch.org\/#organization","name":"Cancer Research Institute","url":"https:\/\/www.cancerresearch.org\/","logo":{"@type":"ImageObject","inLanguage":"es","@id":"https:\/\/www.cancerresearch.org\/#\/schema\/logo\/image\/","url":"https:\/\/www.cancerresearch.org\/wp-content\/uploads\/2025\/05\/logo-gradient.svg","contentUrl":"https:\/\/www.cancerresearch.org\/wp-content\/uploads\/2025\/05\/logo-gradient.svg","width":156,"height":53,"caption":"Cancer Research Institute"},"image":{"@id":"https:\/\/www.cancerresearch.org\/#\/schema\/logo\/image\/"}}]}},"_links":{"self":[{"href":"https:\/\/www.cancerresearch.org\/es\/wp-json\/wp\/v2\/pages\/27552","targetHints":{"allow":["GET"]}}],"collection":[{"href":"https:\/\/www.cancerresearch.org\/es\/wp-json\/wp\/v2\/pages"}],"about":[{"href":"https:\/\/www.cancerresearch.org\/es\/wp-json\/wp\/v2\/types\/page"}],"author":[{"embeddable":true,"href":"https:\/\/www.cancerresearch.org\/es\/wp-json\/wp\/v2\/users\/1"}],"replies":[{"embeddable":true,"href":"https:\/\/www.cancerresearch.org\/es\/wp-json\/wp\/v2\/comments?post=27552"}],"version-history":[{"count":0,"href":"https:\/\/www.cancerresearch.org\/es\/wp-json\/wp\/v2\/pages\/27552\/revisions"}],"up":[{"embeddable":true,"href":"https:\/\/www.cancerresearch.org\/es\/wp-json\/wp\/v2\/pages\/27567"}],"wp:attachment":[{"href":"https:\/\/www.cancerresearch.org\/es\/wp-json\/wp\/v2\/media?parent=27552"}],"wp:term":[{"taxonomy":"resource_cancer_types","embeddable":true,"href":"https:\/\/www.cancerresearch.org\/es\/wp-json\/wp\/v2\/resource_cancer_types?post=27552"},{"taxonomy":"resource_patient_age","embeddable":true,"href":"https:\/\/www.cancerresearch.org\/es\/wp-json\/wp\/v2\/resource_patient_age?post=27552"},{"taxonomy":"resource_cancer_stage","embeddable":true,"href":"https:\/\/www.cancerresearch.org\/es\/wp-json\/wp\/v2\/resource_cancer_stage?post=27552"},{"taxonomy":"resource_treatment_type","embeddable":true,"href":"https:\/\/www.cancerresearch.org\/es\/wp-json\/wp\/v2\/resource_treatment_type?post=27552"},{"taxonomy":"resource_treatment_status","embeddable":true,"href":"https:\/\/www.cancerresearch.org\/es\/wp-json\/wp\/v2\/resource_treatment_status?post=27552"}],"curies":[{"name":"wp","href":"https:\/\/api.w.org\/{rel}","templated":true}]}}