{"id":27551,"date":"2022-09-08T13:37:31","date_gmt":"2022-09-08T17:37:31","guid":{"rendered":"https:\/\/www.cancerresearch.org\/ensayos-del-cri"},"modified":"2023-06-06T14:24:16","modified_gmt":"2023-06-06T18:24:16","slug":"ensayos-del-cri","status":"publish","type":"page","link":"https:\/\/www.cancerresearch.org\/es\/ensayos-del-cri","title":{"rendered":"Ensayos del CRI"},"content":{"rendered":"<section id=\"section-block_adc05630868ae21590838ada3e715ff7\" class=\"section-block bg-type-video wp-block-acf-block-section\">\n  \n      <div class=\"bg-object\">\n      <video class=\"bg-video\"    muted=\"\" playsinline=\"\">\n        <source src=\"https:\/\/www.cancerresearch.org\/wp-content\/uploads\/2022\/09\/Venn-Diagam-3D-Partial-03.mp4\" type=\"video\/mp4\">\n      <\/video>\n    <\/div>\n    \n  <div class=\"is-layout-constrained section-inner\">\n\n<div class=\"wp-block-columns is-layout-flex wp-container-core-columns-is-layout-28f84493 wp-block-columns-is-layout-flex\">\n<div class=\"wp-block-column is-layout-flow wp-block-column-is-layout-flow\" style=\"flex-basis:832px\">\n<figure class=\"wp-block-image size-large\"><img loading=\"lazy\" decoding=\"async\" width=\"302\" height=\"70\" src=\"https:\/\/www.cancerresearch.org\/wp-content\/uploads\/2022\/09\/logo-cri-trials-white.svg\" alt=\"Logotipo de ensayos del CRI\" class=\"wp-image-24310\"\/><\/figure>\n\n\n\n<div class=\"wp-block-columns is-layout-flex wp-container-core-columns-is-layout-28f84493 wp-block-columns-is-layout-flex\">\n<div class=\"wp-block-column is-layout-flow wp-block-column-is-layout-flow\" style=\"padding-left:40px\">\n<p class=\"has-white-color has-text-color has-x-large-font-size\" style=\"font-style:normal;font-weight:500\"><strong>Con los ensayos cl\u00ednicos, logramos avances en descubrimientos m\u00e9dicos para ofrecer nuevas y prometedoras opciones de tratamiento a los pacientes con c\u00e1ncer.<\/strong><\/p>\n\n\n\n<div style=\"height:20px\" aria-hidden=\"true\" class=\"wp-block-spacer\"><\/div>\n\n\n<\/div>\n<\/div>\n<\/div>\n<\/div>\n\n<\/div>\n<\/section>\n\n<section id=\"section-block_d995a738787eda783690d388f51e5802\" class=\"section-block bg-type-solid wp-block-acf-block-section\">\n  \n    \n  <div class=\"is-layout-constrained section-inner\">\n\n<div class=\"wp-block-columns are-vertically-aligned-center is-layout-flex wp-container-core-columns-is-layout-28f84493 wp-block-columns-is-layout-flex\">\n<div class=\"wp-block-column is-vertically-aligned-center is-layout-flow wp-block-column-is-layout-flow\" style=\"flex-basis:40%\">\n\n\n<h2 class=\"wp-block-heading has-top-level-hero-font-size\">Un paso esencial para curar el c\u00e1ncer<\/h2>\n\n\n\n<p>Los ensayos cl\u00ednicos son un paso esencial hacia la aprobaci\u00f3n reglamentaria de nuevos tratamientos contra el c\u00e1ncer. Los pacientes que se someten voluntariamente a estos estudios no solo obtienen acceso a inmunoterapias de vanguardia y reciben la mejor calidad de atenci\u00f3n oncol\u00f3gica, sino que tambi\u00e9n contribuyen a la causa a\u00fan m\u00e1s importante de descubrir una cura basada en la inmunoterapia para todos los pacientes de c\u00e1ncer.<\/p>\n<\/div>\n\n\n\n<div class=\"wp-block-column is-vertically-aligned-center is-layout-flow wp-block-column-is-layout-flow\" style=\"flex-basis:60%\">\n<figure class=\"wp-block-image size-large\"><img loading=\"lazy\" decoding=\"async\" width=\"1024\" height=\"831\" src=\"https:\/\/www.cancerresearch.org\/wp-content\/uploads\/2022\/09\/an-essential-step-towards-cure-1024x831.jpg\" alt=\"A child hugs his father\" class=\"wp-image-24350\" srcset=\"https:\/\/www.cancerresearch.org\/wp-content\/uploads\/2022\/09\/an-essential-step-towards-cure-1024x831.jpg 1024w, https:\/\/www.cancerresearch.org\/wp-content\/uploads\/2022\/09\/an-essential-step-towards-cure-300x243.jpg 300w, https:\/\/www.cancerresearch.org\/wp-content\/uploads\/2022\/09\/an-essential-step-towards-cure-768x623.jpg 768w, https:\/\/www.cancerresearch.org\/wp-content\/uploads\/2022\/09\/an-essential-step-towards-cure.jpg 1462w\" sizes=\"auto, (max-width: 1024px) 100vw, 1024px\" \/><\/figure>\n<\/div>\n<\/div>\n\n<\/div>\n<\/section>\n\n<section id=\"section-block_5c98cae144eb1db9beab934edb3575c5\" class=\"section-block bg-type-image wp-block-acf-block-section\">\n      <picture class=\"bg-object\">\n            \n      <img loading=\"lazy\" decoding=\"async\" style=\"\" class=\"bg-image\" src=\"https:\/\/www.cancerresearch.org\/wp-content\/uploads\/2022\/09\/bg-driven-by-data-scaled.jpg\" alt=\"\" width=\"2560\" height=\"1172\">\n    <\/picture>\n  \n    \n  <div class=\"is-layout-constrained section-inner\">\n\n<div class=\"wp-block-columns is-layout-flex wp-container-core-columns-is-layout-28f84493 wp-block-columns-is-layout-flex\">\n<div class=\"wp-block-column is-layout-flow wp-block-column-is-layout-flow\"><\/div>\n\n\n\n<div class=\"wp-block-column is-vertically-aligned-top is-layout-flow wp-block-column-is-layout-flow\" style=\"flex-basis:622px\">\n\n\n<h2 class=\"wp-block-heading has-white-color has-text-color has-top-level-hero-font-size\">Con el sustento de datos<\/h2>\n\n\n\n<p class=\"has-white-color has-text-color\">Los ensayos cl\u00ednicos del CRI se realizan sobre la base de los datos cient\u00edficos m\u00e1s recientes y su objetivo es ofrecer mayores oportunidades de salvar m\u00e1s vidas, como la b\u00fasqueda de formas m\u00e1s eficaces de tratar el c\u00e1ncer, en particular aquellos tipos de dif\u00edcil tratamiento, poco frecuentes o extremadamente inusuales.<\/p>\n\n\n\n<p class=\"has-white-color has-text-color\">Los ensayos del CRI se basan en fundamentos cient\u00edficos s\u00f3lidos y est\u00e1n dise\u00f1ados no solo para ayudar a los pacientes hoy, sino tambi\u00e9n para aportar nuevos conocimientos que en el futuro beneficiar\u00e1n a m\u00e1s pacientes con otros tipos de c\u00e1ncer.<\/p>\n<\/div>\n<\/div>\n\n<\/div>\n<\/section>\n\n<section id=\"section-block_bd6eb622d1d587d496437bba622b2f85\" class=\"section-block bg-type-solid wp-block-acf-block-section\">\n  \n    \n  <div class=\"is-layout-constrained section-inner\">\n\n<div class=\"wp-block-columns are-vertically-aligned-center is-layout-flex wp-container-core-columns-is-layout-28f84493 wp-block-columns-is-layout-flex\">\n<div class=\"wp-block-column is-vertically-aligned-center is-layout-flow wp-block-column-is-layout-flow\" style=\"flex-basis:52%\">\n\n\n<h2 class=\"wp-block-heading has-top-level-hero-font-size\">Intercambio de datos para fomentar ideas nuevas<\/h2>\n\n\n\n<p>Los hallazgos de las investigaciones cl\u00ednicas del CRI se comparten con toda la comunidad internacional de inmun\u00f3logos del c\u00e1ncer. Este intercambio de informaci\u00f3n favorece las ideas innovadoras que conducen a m\u00e1s avances. El CRI re\u00fane a estos l\u00edderes en inmunoncolog\u00eda y facilita el di\u00e1logo para promover el intercambio de conocimientos, fomentando colaboraciones que de otro modo no ocurrir\u00edan.<\/p>\n\n\n\n<p>El programa Ensayos del CRI comprende el Anna-Maria Kellen Clinical Accelerator (la primera iniciativa de descubrimientos cl\u00ednicos respaldada por filantrop\u00eda de riesgo que apoya ensayos cl\u00ednicos multic\u00e9ntricos que prueban nuevas combinaciones de inmunoterapia en c\u00e1nceres dif\u00edciles de tratar) y el Clinical Innovator, que apoya y coordina ensayos iniciados por investigadores en un \u00fanico centro, aprovechando la red mundial de expertos del CRI para dise\u00f1ar y llevar a cabo ensayos cl\u00ednicos innovadores de inmunoterapia.<\/p>\n<\/div>\n\n\n\n<div class=\"wp-block-column is-vertically-aligned-center is-layout-flow wp-block-column-is-layout-flow\" style=\"flex-basis:48%\"><\/div>\n<\/div>\n\n<\/div>\n<\/section>\n\n<section id=\"section-block_6320442a0cd01fe67c463f1474a2365e\" class=\"section-block bg-type-solid wp-block-acf-block-section\">\n  \n    \n  <div class=\"is-layout-constrained section-inner\">\n\n<div class=\"wp-block-columns are-vertically-aligned-center is-layout-flex wp-container-core-columns-is-layout-28f84493 wp-block-columns-is-layout-flex\">\n<div class=\"wp-block-column is-vertically-aligned-center is-layout-flow wp-block-column-is-layout-flow\" style=\"flex-basis:48%\"><\/div>\n\n\n\n<div class=\"wp-block-column is-vertically-aligned-center is-layout-flow wp-block-column-is-layout-flow\" style=\"flex-basis:52%\">\n\n\n<h2 class=\"wp-block-heading has-top-level-hero-font-size\">Potencial para una cura universal<\/h2>\n\n\n\n<p>Dado el potencial de la inmunoterapia de tratar todos los tipos de c\u00e1ncer de manera eficaz, los estudios sobre un tipo de c\u00e1ncer aportan ideas para tratar otros. Desde el CRI, identificamos las lagunas en el proceso de desarrollo de la inmunoncolog\u00eda a nivel mundial donde nosotros y nuestros socios podemos tener mayor impacto.<\/p>\n<\/div>\n<\/div>\n\n<\/div>\n<\/section>\n\n<section id=\"more-information\" class=\"section-block bg-type-solid wp-block-acf-block-section\">\n  \n    \n  <div class=\"is-layout-constrained section-inner\">\n\n<div class=\"wp-block-columns is-layout-flex wp-container-core-columns-is-layout-28f84493 wp-block-columns-is-layout-flex\">\n<div class=\"wp-block-column is-layout-flow wp-block-column-is-layout-flow\">\n<h2 class=\"wp-block-heading has-x-large-font-size\">Ensayos del CRI incluye los siguientes programas:<\/h2>\n<\/div>\n<\/div>\n\n\n\n<div class=\"wp-block-columns is-layout-flex wp-container-core-columns-is-layout-a4e81499 wp-block-columns-is-layout-flex\" style=\"margin-bottom:120px\">\n<div class=\"wp-block-column is-layout-flow wp-block-column-is-layout-flow\" style=\"flex-basis:33%\">\n<figure class=\"wp-block-image size-full\"><img loading=\"lazy\" decoding=\"async\" width=\"800\" height=\"612\" src=\"https:\/\/www.cancerresearch.org\/wp-content\/uploads\/2022\/09\/anna-maria-kellen-clinical-accelerator.jpg\" alt=\"purple colorized cancer cells\" class=\"wp-image-24358\" srcset=\"https:\/\/www.cancerresearch.org\/wp-content\/uploads\/2022\/09\/anna-maria-kellen-clinical-accelerator.jpg 800w, https:\/\/www.cancerresearch.org\/wp-content\/uploads\/2022\/09\/anna-maria-kellen-clinical-accelerator-300x230.jpg 300w, https:\/\/www.cancerresearch.org\/wp-content\/uploads\/2022\/09\/anna-maria-kellen-clinical-accelerator-768x588.jpg 768w\" sizes=\"auto, (max-width: 800px) 100vw, 800px\" \/><\/figure>\n<\/div>\n\n\n\n<div class=\"wp-block-column is-layout-flow wp-block-column-is-layout-flow\">\n\n\n<h2 class=\"wp-block-heading has-dark-purple-color has-text-color has-xx-large-font-size\">Anna-Maria Kellen Clinical Accelerator<\/h2>\n\n\n\n<p>Estudios cl\u00ednicos centralizados basados en los conocimientos del grupo de expertos en inmunoncolog\u00eda cl\u00ednica del CRI para el dise\u00f1o y la realizaci\u00f3n de las primeras fases de ensayos cl\u00ednicos de nuevas combinaciones de inmunoterapia.<\/p>\n\n\n<\/div>\n<\/div>\n\n\n\n<div class=\"wp-block-columns is-layout-flex wp-container-core-columns-is-layout-a4e81499 wp-block-columns-is-layout-flex\" style=\"margin-bottom:120px\">\n<div class=\"wp-block-column is-layout-flow wp-block-column-is-layout-flow\" style=\"flex-basis:33%\">\n<figure class=\"wp-block-image size-full\"><img loading=\"lazy\" decoding=\"async\" width=\"808\" height=\"612\" src=\"https:\/\/www.cancerresearch.org\/wp-content\/uploads\/2022\/11\/CRI-clinical-innovator.jpg\" alt=\"Two people engaged in conversation\" class=\"wp-image-26698\" srcset=\"https:\/\/www.cancerresearch.org\/wp-content\/uploads\/2022\/11\/CRI-clinical-innovator.jpg 808w, https:\/\/www.cancerresearch.org\/wp-content\/uploads\/2022\/11\/CRI-clinical-innovator-300x227.jpg 300w, https:\/\/www.cancerresearch.org\/wp-content\/uploads\/2022\/11\/CRI-clinical-innovator-768x582.jpg 768w\" sizes=\"auto, (max-width: 808px) 100vw, 808px\" \/><\/figure>\n<\/div>\n\n\n\n<div class=\"wp-block-column is-layout-flow wp-block-column-is-layout-flow\">\n\n\n<h2 class=\"wp-block-heading has-dark-purple-color has-text-color has-xx-large-font-size\"><strong>Innovador Cl\u00ednico<\/strong><\/h2>\n\n\n\n<p>Clinical Innovator respalda los ensayos cl\u00ednicos de inmunoterapia transformacional propuestos por investigadores acad\u00e9micos con el objetivo de promover inmunoterapias que brinden el mayor impacto en los resultados de los pacientes. Los asesores cient\u00edficos de CRI priorizar\u00e1n conceptos de ensayos que aborden \u00e1reas de necesidad insatisfecha en la investigaci\u00f3n del c\u00e1ncer y buscar\u00e1n conocimientos mecanicistas sobre la respuesta cl\u00ednica para lograr el descubrimiento de biomarcadores.<\/p>\n\n\n<\/div>\n<\/div>\n\n\n\n<div class=\"wp-block-columns is-layout-flex wp-container-core-columns-is-layout-a4e81499 wp-block-columns-is-layout-flex\" style=\"margin-bottom:120px\">\n<div class=\"wp-block-column is-layout-flow wp-block-column-is-layout-flow\" style=\"flex-basis:33%\">\n<figure class=\"wp-block-image size-full\"><img loading=\"lazy\" decoding=\"async\" width=\"808\" height=\"612\" src=\"https:\/\/www.cancerresearch.org\/wp-content\/uploads\/2022\/09\/immuno-oncology-landscape.jpg\" alt=\"Stylized graphic of a bar and line graph superimposed on one another\" class=\"wp-image-24360\" srcset=\"https:\/\/www.cancerresearch.org\/wp-content\/uploads\/2022\/09\/immuno-oncology-landscape.jpg 808w, https:\/\/www.cancerresearch.org\/wp-content\/uploads\/2022\/09\/immuno-oncology-landscape-300x227.jpg 300w, https:\/\/www.cancerresearch.org\/wp-content\/uploads\/2022\/09\/immuno-oncology-landscape-768x582.jpg 768w\" sizes=\"auto, (max-width: 808px) 100vw, 808px\" \/><\/figure>\n<\/div>\n\n\n\n<div class=\"wp-block-column is-layout-flow wp-block-column-is-layout-flow\">\n\n\n<h2 class=\"wp-block-heading has-dark-purple-color has-text-color has-xx-large-font-size\">Panorama de la inmunoncolog\u00eda<\/h2>\n\n\n\n<p>An\u00e1lisis peri\u00f3dico de los ensayos de f\u00e1rmacos inmunoncol\u00f3gicos en el mundo, que pone de relieve las tendencias en el proceso de desarrollo de f\u00e1rmacos cl\u00ednicos de inmunoncolog\u00eda y orienta al CRI y a otros programas de investigaci\u00f3n cl\u00ednica que buscan lograr un impacto tanto en el aumento de la eficacia de la inmunoterapia en general como en las poblaciones de pacientes de escasos recursos.<\/p>\n\n\n<\/div>\n<\/div>\n\n\n\n<div class=\"wp-block-columns is-layout-flex wp-container-core-columns-is-layout-a4e81499 wp-block-columns-is-layout-flex\" style=\"margin-bottom:120px\">\n<div class=\"wp-block-column is-layout-flow wp-block-column-is-layout-flow\" style=\"flex-basis:33%\">\n<figure class=\"wp-block-image size-full\"><img loading=\"lazy\" decoding=\"async\" width=\"808\" height=\"612\" src=\"https:\/\/www.cancerresearch.org\/wp-content\/uploads\/2022\/10\/cri-investments.jpg\" alt=\"\" class=\"wp-image-26428\" srcset=\"https:\/\/www.cancerresearch.org\/wp-content\/uploads\/2022\/10\/cri-investments.jpg 808w, https:\/\/www.cancerresearch.org\/wp-content\/uploads\/2022\/10\/cri-investments-300x227.jpg 300w, https:\/\/www.cancerresearch.org\/wp-content\/uploads\/2022\/10\/cri-investments-768x582.jpg 768w\" sizes=\"auto, (max-width: 808px) 100vw, 808px\" \/><\/figure>\n<\/div>\n\n\n\n<div class=\"wp-block-column is-layout-flow wp-block-column-is-layout-flow\">\n\n\n<h2 class=\"wp-block-heading has-dark-purple-color has-text-color has-xx-large-font-size\"><strong>Inversiones CRI<\/strong><\/h2>\n\n\n\n<p>En 2021, CRI decidi\u00f3 buscar inversiones de capital en etapa inicial en empresas privadas que tengan afiliaciones directas con CRI y cuya misi\u00f3n se alinee con la de CRI. Anualmente, CRI encuesta a la red de cient\u00edficos de CRI sobre oportunidades de inversi\u00f3n a corto plazo y en etapa inicial. Los criterios de inversi\u00f3n incluyen empresas iniciadas por cient\u00edficos de CRI o en las que ocupan altos cargos. CRI lleva a cabo la debida diligencia comercial, financiera, legal y cient\u00edfica en las oportunidades identificadas. Un elemento clave de la debida diligencia cient\u00edfica es aprovechar la red de CRI para ayudar a evaluar la calidad y la validez de la tecnolog\u00eda.<\/p>\n<\/div>\n<\/div>\n\n\n\n<div class=\"wp-block-columns is-layout-flex wp-container-core-columns-is-layout-28f84493 wp-block-columns-is-layout-flex\">\n<div class=\"wp-block-column is-layout-flow wp-block-column-is-layout-flow\" style=\"flex-basis:33%\">\n<figure class=\"wp-block-image size-full\"><img loading=\"lazy\" decoding=\"async\" width=\"808\" height=\"612\" src=\"https:\/\/www.cancerresearch.org\/wp-content\/uploads\/2022\/09\/trial-finder-service.png\" alt=\"Graphic of a map and map pin\" class=\"wp-image-24362\" srcset=\"https:\/\/www.cancerresearch.org\/wp-content\/uploads\/2022\/09\/trial-finder-service.png 808w, https:\/\/www.cancerresearch.org\/wp-content\/uploads\/2022\/09\/trial-finder-service-300x227.png 300w, https:\/\/www.cancerresearch.org\/wp-content\/uploads\/2022\/09\/trial-finder-service-768x582.png 768w\" sizes=\"auto, (max-width: 808px) 100vw, 808px\" \/><\/figure>\n<\/div>\n\n\n\n<div class=\"wp-block-column is-layout-flow wp-block-column-is-layout-flow\">\n\n\n<h2 class=\"wp-block-heading has-dark-purple-color has-text-color has-xx-large-font-size\">Servicio de b\u00fasqueda de ensayos cl\u00ednicos de <strong>inmunoterapia<\/strong><\/h2>\n\n\n\n<p>Con la ayuda de navegadores de ensayos, los pacientes y cuidadores podr\u00e1n encontrar los ensayos cl\u00ednicos de inmunoterapia m\u00e1s apropiados.<\/p>\n\n\n<\/div>\n<\/div>\n\n<\/div>\n<\/section>","protected":false},"excerpt":{"rendered":"","protected":false},"author":1,"featured_media":0,"parent":0,"menu_order":47,"comment_status":"closed","ping_status":"closed","template":"","meta":{"_acf_changed":false,"inline_featured_image":false,"_cri_header_bg_color":"","footnotes":""},"resource_cancer_types":[],"resource_patient_age":[],"resource_cancer_stage":[],"resource_treatment_type":[],"resource_treatment_status":[],"class_list":["post-27551","page","type-page","status-publish","hentry"],"acf":[],"yoast_head":"<!-- This site is optimized with the Yoast SEO plugin v26.8 - https:\/\/yoast.com\/product\/yoast-seo-wordpress\/ -->\n<title>Ensayos del CRI - Cancer Research Institute<\/title>\n<meta name=\"robots\" content=\"index, follow, max-snippet:-1, max-image-preview:large, max-video-preview:-1\" \/>\n<link rel=\"canonical\" href=\"https:\/\/www.cancerresearch.org\/es\/ensayos-del-cri\" \/>\n<meta property=\"og:locale\" content=\"es_ES\" \/>\n<meta property=\"og:type\" content=\"article\" \/>\n<meta property=\"og:title\" content=\"Ensayos del CRI - Cancer Research Institute\" \/>\n<meta property=\"og:url\" content=\"https:\/\/www.cancerresearch.org\/es\/ensayos-del-cri\" \/>\n<meta property=\"og:site_name\" content=\"Cancer Research Institute\" \/>\n<meta property=\"article:modified_time\" content=\"2023-06-06T18:24:16+00:00\" \/>\n<meta property=\"og:image\" content=\"https:\/\/www.cancerresearch.org\/wp-content\/uploads\/2022\/09\/logo-cri-trials-white.svg\" \/>\n<meta name=\"twitter:card\" content=\"summary_large_image\" \/>\n<meta name=\"twitter:label1\" content=\"Tiempo de lectura\" \/>\n\t<meta name=\"twitter:data1\" content=\"5 minutos\" \/>\n<script type=\"application\/ld+json\" class=\"yoast-schema-graph\">{\"@context\":\"https:\/\/schema.org\",\"@graph\":[{\"@type\":\"WebPage\",\"@id\":\"https:\/\/www.cancerresearch.org\/es\/ensayos-del-cri\",\"url\":\"https:\/\/www.cancerresearch.org\/es\/ensayos-del-cri\",\"name\":\"Ensayos del CRI - Cancer Research Institute\",\"isPartOf\":{\"@id\":\"https:\/\/www.cancerresearch.org\/#website\"},\"primaryImageOfPage\":{\"@id\":\"https:\/\/www.cancerresearch.org\/es\/ensayos-del-cri#primaryimage\"},\"image\":{\"@id\":\"https:\/\/www.cancerresearch.org\/es\/ensayos-del-cri#primaryimage\"},\"thumbnailUrl\":\"https:\/\/www.cancerresearch.org\/wp-content\/uploads\/2022\/09\/logo-cri-trials-white.svg\",\"datePublished\":\"2022-09-08T17:37:31+00:00\",\"dateModified\":\"2023-06-06T18:24:16+00:00\",\"breadcrumb\":{\"@id\":\"https:\/\/www.cancerresearch.org\/es\/ensayos-del-cri#breadcrumb\"},\"inLanguage\":\"es\",\"potentialAction\":[{\"@type\":\"ReadAction\",\"target\":[\"https:\/\/www.cancerresearch.org\/es\/ensayos-del-cri\"]}]},{\"@type\":\"ImageObject\",\"inLanguage\":\"es\",\"@id\":\"https:\/\/www.cancerresearch.org\/es\/ensayos-del-cri#primaryimage\",\"url\":\"https:\/\/www.cancerresearch.org\/wp-content\/uploads\/2022\/09\/logo-cri-trials-white.svg\",\"contentUrl\":\"https:\/\/www.cancerresearch.org\/wp-content\/uploads\/2022\/09\/logo-cri-trials-white.svg\"},{\"@type\":\"BreadcrumbList\",\"@id\":\"https:\/\/www.cancerresearch.org\/es\/ensayos-del-cri#breadcrumb\",\"itemListElement\":[{\"@type\":\"ListItem\",\"position\":1,\"name\":\"Home\",\"item\":\"https:\/\/www.cancerresearch.org\/es\"},{\"@type\":\"ListItem\",\"position\":2,\"name\":\"Ensayos del CRI\"}]},{\"@type\":\"WebSite\",\"@id\":\"https:\/\/www.cancerresearch.org\/#website\",\"url\":\"https:\/\/www.cancerresearch.org\/\",\"name\":\"Cancer Research Institute\",\"description\":\"For a World Immune to Cancer\",\"publisher\":{\"@id\":\"https:\/\/www.cancerresearch.org\/#organization\"},\"potentialAction\":[{\"@type\":\"SearchAction\",\"target\":{\"@type\":\"EntryPoint\",\"urlTemplate\":\"https:\/\/www.cancerresearch.org\/?s={search_term_string}\"},\"query-input\":{\"@type\":\"PropertyValueSpecification\",\"valueRequired\":true,\"valueName\":\"search_term_string\"}}],\"inLanguage\":\"es\"},{\"@type\":\"Organization\",\"@id\":\"https:\/\/www.cancerresearch.org\/#organization\",\"name\":\"Cancer Research Institute\",\"url\":\"https:\/\/www.cancerresearch.org\/\",\"logo\":{\"@type\":\"ImageObject\",\"inLanguage\":\"es\",\"@id\":\"https:\/\/www.cancerresearch.org\/#\/schema\/logo\/image\/\",\"url\":\"https:\/\/www.cancerresearch.org\/wp-content\/uploads\/2025\/05\/logo-gradient.svg\",\"contentUrl\":\"https:\/\/www.cancerresearch.org\/wp-content\/uploads\/2025\/05\/logo-gradient.svg\",\"width\":156,\"height\":53,\"caption\":\"Cancer Research Institute\"},\"image\":{\"@id\":\"https:\/\/www.cancerresearch.org\/#\/schema\/logo\/image\/\"}}]}<\/script>\n<!-- \/ Yoast SEO plugin. -->","yoast_head_json":{"title":"Ensayos del CRI - Cancer Research Institute","robots":{"index":"index","follow":"follow","max-snippet":"max-snippet:-1","max-image-preview":"max-image-preview:large","max-video-preview":"max-video-preview:-1"},"canonical":"https:\/\/www.cancerresearch.org\/es\/ensayos-del-cri","og_locale":"es_ES","og_type":"article","og_title":"Ensayos del CRI - Cancer Research Institute","og_url":"https:\/\/www.cancerresearch.org\/es\/ensayos-del-cri","og_site_name":"Cancer Research Institute","article_modified_time":"2023-06-06T18:24:16+00:00","og_image":[{"url":"https:\/\/www.cancerresearch.org\/wp-content\/uploads\/2022\/09\/logo-cri-trials-white.svg","type":"","width":"","height":""}],"twitter_card":"summary_large_image","twitter_misc":{"Tiempo de lectura":"5 minutos"},"schema":{"@context":"https:\/\/schema.org","@graph":[{"@type":"WebPage","@id":"https:\/\/www.cancerresearch.org\/es\/ensayos-del-cri","url":"https:\/\/www.cancerresearch.org\/es\/ensayos-del-cri","name":"Ensayos del CRI - Cancer Research Institute","isPartOf":{"@id":"https:\/\/www.cancerresearch.org\/#website"},"primaryImageOfPage":{"@id":"https:\/\/www.cancerresearch.org\/es\/ensayos-del-cri#primaryimage"},"image":{"@id":"https:\/\/www.cancerresearch.org\/es\/ensayos-del-cri#primaryimage"},"thumbnailUrl":"https:\/\/www.cancerresearch.org\/wp-content\/uploads\/2022\/09\/logo-cri-trials-white.svg","datePublished":"2022-09-08T17:37:31+00:00","dateModified":"2023-06-06T18:24:16+00:00","breadcrumb":{"@id":"https:\/\/www.cancerresearch.org\/es\/ensayos-del-cri#breadcrumb"},"inLanguage":"es","potentialAction":[{"@type":"ReadAction","target":["https:\/\/www.cancerresearch.org\/es\/ensayos-del-cri"]}]},{"@type":"ImageObject","inLanguage":"es","@id":"https:\/\/www.cancerresearch.org\/es\/ensayos-del-cri#primaryimage","url":"https:\/\/www.cancerresearch.org\/wp-content\/uploads\/2022\/09\/logo-cri-trials-white.svg","contentUrl":"https:\/\/www.cancerresearch.org\/wp-content\/uploads\/2022\/09\/logo-cri-trials-white.svg"},{"@type":"BreadcrumbList","@id":"https:\/\/www.cancerresearch.org\/es\/ensayos-del-cri#breadcrumb","itemListElement":[{"@type":"ListItem","position":1,"name":"Home","item":"https:\/\/www.cancerresearch.org\/es"},{"@type":"ListItem","position":2,"name":"Ensayos del CRI"}]},{"@type":"WebSite","@id":"https:\/\/www.cancerresearch.org\/#website","url":"https:\/\/www.cancerresearch.org\/","name":"Cancer Research Institute","description":"For a World Immune to Cancer","publisher":{"@id":"https:\/\/www.cancerresearch.org\/#organization"},"potentialAction":[{"@type":"SearchAction","target":{"@type":"EntryPoint","urlTemplate":"https:\/\/www.cancerresearch.org\/?s={search_term_string}"},"query-input":{"@type":"PropertyValueSpecification","valueRequired":true,"valueName":"search_term_string"}}],"inLanguage":"es"},{"@type":"Organization","@id":"https:\/\/www.cancerresearch.org\/#organization","name":"Cancer Research Institute","url":"https:\/\/www.cancerresearch.org\/","logo":{"@type":"ImageObject","inLanguage":"es","@id":"https:\/\/www.cancerresearch.org\/#\/schema\/logo\/image\/","url":"https:\/\/www.cancerresearch.org\/wp-content\/uploads\/2025\/05\/logo-gradient.svg","contentUrl":"https:\/\/www.cancerresearch.org\/wp-content\/uploads\/2025\/05\/logo-gradient.svg","width":156,"height":53,"caption":"Cancer Research Institute"},"image":{"@id":"https:\/\/www.cancerresearch.org\/#\/schema\/logo\/image\/"}}]}},"_links":{"self":[{"href":"https:\/\/www.cancerresearch.org\/es\/wp-json\/wp\/v2\/pages\/27551","targetHints":{"allow":["GET"]}}],"collection":[{"href":"https:\/\/www.cancerresearch.org\/es\/wp-json\/wp\/v2\/pages"}],"about":[{"href":"https:\/\/www.cancerresearch.org\/es\/wp-json\/wp\/v2\/types\/page"}],"author":[{"embeddable":true,"href":"https:\/\/www.cancerresearch.org\/es\/wp-json\/wp\/v2\/users\/1"}],"replies":[{"embeddable":true,"href":"https:\/\/www.cancerresearch.org\/es\/wp-json\/wp\/v2\/comments?post=27551"}],"version-history":[{"count":0,"href":"https:\/\/www.cancerresearch.org\/es\/wp-json\/wp\/v2\/pages\/27551\/revisions"}],"wp:attachment":[{"href":"https:\/\/www.cancerresearch.org\/es\/wp-json\/wp\/v2\/media?parent=27551"}],"wp:term":[{"taxonomy":"resource_cancer_types","embeddable":true,"href":"https:\/\/www.cancerresearch.org\/es\/wp-json\/wp\/v2\/resource_cancer_types?post=27551"},{"taxonomy":"resource_patient_age","embeddable":true,"href":"https:\/\/www.cancerresearch.org\/es\/wp-json\/wp\/v2\/resource_patient_age?post=27551"},{"taxonomy":"resource_cancer_stage","embeddable":true,"href":"https:\/\/www.cancerresearch.org\/es\/wp-json\/wp\/v2\/resource_cancer_stage?post=27551"},{"taxonomy":"resource_treatment_type","embeddable":true,"href":"https:\/\/www.cancerresearch.org\/es\/wp-json\/wp\/v2\/resource_treatment_type?post=27551"},{"taxonomy":"resource_treatment_status","embeddable":true,"href":"https:\/\/www.cancerresearch.org\/es\/wp-json\/wp\/v2\/resource_treatment_status?post=27551"}],"curies":[{"name":"wp","href":"https:\/\/api.w.org\/{rel}","templated":true}]}}