{"id":27550,"date":"2022-09-08T13:37:12","date_gmt":"2022-09-08T17:37:12","guid":{"rendered":"https:\/\/www.cancerresearch.org\/red-del-cri"},"modified":"2023-08-10T15:04:53","modified_gmt":"2023-08-10T19:04:53","slug":"red-del-cri","status":"publish","type":"page","link":"https:\/\/www.cancerresearch.org\/es\/red-del-cri","title":{"rendered":"Red del CRI"},"content":{"rendered":"<section id=\"section-block_d940853133bd840b45ab71c837cac3fd\" class=\"section-block bg-type-video wp-block-acf-block-section\">\n  \n      <div class=\"bg-object\">\n      <video class=\"bg-video\"    muted=\"\" playsinline=\"\">\n        <source src=\"https:\/\/www.cancerresearch.org\/wp-content\/uploads\/2022\/09\/Venn-Diagam-3D-Partial-01.mp4\" type=\"video\/mp4\">\n      <\/video>\n    <\/div>\n    \n  <div class=\"is-layout-constrained section-inner\">\n\n<div class=\"wp-block-columns is-layout-flex wp-container-core-columns-is-layout-28f84493 wp-block-columns-is-layout-flex\">\n<div class=\"wp-block-column is-layout-flow wp-block-column-is-layout-flow\">\n<figure class=\"wp-block-image size-large\"><img loading=\"lazy\" decoding=\"async\" width=\"395\" height=\"70\" src=\"https:\/\/www.cancerresearch.org\/wp-content\/uploads\/2022\/09\/logo-cri-network-white.svg\" alt=\"CRI Network Logo\" class=\"wp-image-24308\"\/><\/figure>\n\n\n\n<div class=\"wp-block-columns is-layout-flex wp-container-core-columns-is-layout-28f84493 wp-block-columns-is-layout-flex\">\n<div class=\"wp-block-column is-layout-flow wp-block-column-is-layout-flow\" style=\"padding-left:40px;flex-basis:832px\">\n<p class=\"has-white-color has-text-color has-x-large-font-size\" style=\"font-style:normal;font-weight:500\">Una comunidad global de entusiastas cient\u00edficos referentes en la materia que comparten ideas y encuentran soluci\u00f3n a los desaf\u00edos actuales m\u00e1s importantes de la investigaci\u00f3n del c\u00e1ncer.<\/p>\n\n\n\n<div style=\"height:20px\" aria-hidden=\"true\" class=\"wp-block-spacer\"><\/div>\n\n\n<\/div>\n<\/div>\n<\/div>\n<\/div>\n\n<\/div>\n<\/section>\n\n<section id=\"section-block_ed3620b5d55a47ac1f84d28135c7bcd2\" class=\"section-block bg-type-solid wp-block-acf-block-section\">\n  \n    \n  <div class=\"is-layout-constrained section-inner\">\n\n<div class=\"wp-block-columns are-vertically-aligned-center is-layout-flex wp-container-core-columns-is-layout-7e14f9d5 wp-block-columns-is-layout-flex\" style=\"margin-bottom:100px\">\n<div class=\"wp-block-column is-vertically-aligned-center is-layout-flow wp-block-column-is-layout-flow\" style=\"flex-basis:40%\">\n\n\n<h2 class=\"wp-block-heading has-top-level-hero-font-size\">Nuestro recurso m\u00e1s valioso<\/h2>\n\n\n\n<p>Nuestra red mundial de cient\u00edficos, que incluye a los mejores cerebros del mundo acad\u00e9mico, biotecnol\u00f3gico y farmac\u00e9utico, respalda el papel del CRI como centro mundial en el campo de la inmunoterapia. Trabajamos con cient\u00edficos y especialistas en inmunoncolog\u00eda de renombre mundial que est\u00e1n al tanto de los hallazgos m\u00e1s innovadores en la investigaci\u00f3n del c\u00e1ncer, a los que tambi\u00e9n financiamos y apoyamos.<\/p>\n<\/div>\n\n\n\n<div class=\"wp-block-column is-vertically-aligned-center is-layout-flow wp-block-column-is-layout-flow\" style=\"flex-basis:60%\">\n<figure class=\"wp-block-image size-large\"><img loading=\"lazy\" decoding=\"async\" width=\"1024\" height=\"831\" src=\"https:\/\/www.cancerresearch.org\/wp-content\/uploads\/2022\/09\/our-most-valuable-asset-1024x831.jpg\" alt=\"Two people in a lab, one studying a microscope, the other looking a computer screen\" class=\"wp-image-24315\" srcset=\"https:\/\/www.cancerresearch.org\/wp-content\/uploads\/2022\/09\/our-most-valuable-asset-1024x831.jpg 1024w, https:\/\/www.cancerresearch.org\/wp-content\/uploads\/2022\/09\/our-most-valuable-asset-300x243.jpg 300w, https:\/\/www.cancerresearch.org\/wp-content\/uploads\/2022\/09\/our-most-valuable-asset-768x623.jpg 768w, https:\/\/www.cancerresearch.org\/wp-content\/uploads\/2022\/09\/our-most-valuable-asset.jpg 1462w\" sizes=\"auto, (max-width: 1024px) 100vw, 1024px\" \/><\/figure>\n<\/div>\n<\/div>\n\n\n\n<div class=\"wp-block-columns are-vertically-aligned-center is-layout-flex wp-container-core-columns-is-layout-28f84493 wp-block-columns-is-layout-flex\">\n<div class=\"wp-block-column is-vertically-aligned-center is-layout-flow wp-block-column-is-layout-flow\" style=\"padding-right:60px;flex-basis:60%\"><\/div>\n\n\n\n<div class=\"wp-block-column is-vertically-aligned-center is-layout-flow wp-block-column-is-layout-flow\" style=\"flex-basis:40%\">\n\n\n<h2 class=\"wp-block-heading has-top-level-hero-font-size\">Una comunidad de especialistas<\/h2>\n\n\n\n<p>La comunidad de especialistas en inmunoncolog\u00eda del CRI brinda asesoramiento en la definici\u00f3n de prioridades cient\u00edficas, la evaluaci\u00f3n y selecci\u00f3n de destinatarios de fondos para investigaci\u00f3n, y tambi\u00e9n colabora en el dise\u00f1o e implementaci\u00f3n de las innovadoras iniciativas de investigaci\u00f3n cl\u00ednica y de laboratorio del CRI.<\/p>\n<\/div>\n<\/div>\n\n<\/div>\n<\/section>\n\n<section id=\"section-block_72c0d85518beae1b02d9074c16f61408\" class=\"section-block bg-type-image wp-block-acf-block-section\">\n      <picture class=\"bg-object\">\n            \n      <img loading=\"lazy\" decoding=\"async\" style=\"\" class=\"bg-image\" src=\"https:\/\/www.cancerresearch.org\/wp-content\/uploads\/2022\/09\/bg-syringe-scaled.jpg\" alt=\"\" width=\"2560\" height=\"1043\">\n    <\/picture>\n  \n    \n  <div class=\"is-layout-constrained section-inner\">\n\n<div class=\"wp-block-columns is-layout-flex wp-container-core-columns-is-layout-28f84493 wp-block-columns-is-layout-flex\">\n<div class=\"wp-block-column is-layout-flow wp-block-column-is-layout-flow\" style=\"flex-basis:515px\">\n\n\n<h2 class=\"wp-block-heading has-white-color has-text-color has-top-level-hero-font-size\">La pr\u00f3xima ola<\/h2>\n\n\n\n<p class=\"has-white-color has-text-color\">A medida que avanzamos en la pr\u00f3xima ola de investigaci\u00f3n en inmunoterapia, es esencial que el CRI y su red de socios busquen cient\u00edficos y proyectos muy prometedores, al tiempo que se llevan a cabo investigaciones en inmunoterapia que salvan vidas y promueven avances cient\u00edficos que sustenten mejores y m\u00e1s eficaces tratamientos contra el c\u00e1ncer.<\/p>\n<\/div>\n<\/div>\n\n<\/div>\n<\/section>\n\n<section id=\"more-information\" class=\"section-block bg-type-solid wp-block-acf-block-section\">\n  \n    \n  <div class=\"is-layout-constrained section-inner\">\n\n<div class=\"wp-block-columns is-layout-flex wp-container-core-columns-is-layout-28f84493 wp-block-columns-is-layout-flex\">\n<div class=\"wp-block-column is-layout-flow wp-block-column-is-layout-flow\">\n<h2 class=\"wp-block-heading has-x-large-font-size\">La red del CRI incluye a:<\/h2>\n<\/div>\n<\/div>\n\n\n\n<div class=\"wp-block-columns is-layout-flex wp-container-core-columns-is-layout-a4e81499 wp-block-columns-is-layout-flex\" style=\"margin-bottom:120px\">\n<div class=\"wp-block-column is-layout-flow wp-block-column-is-layout-flow\" style=\"flex-basis:33%\">\n<figure class=\"wp-block-image size-full\"><img loading=\"lazy\" decoding=\"async\" width=\"808\" height=\"612\" src=\"https:\/\/www.cancerresearch.org\/wp-content\/uploads\/2022\/09\/james-allison-phd.jpg\" alt=\"Dr. James Allison\" class=\"wp-image-24324\" srcset=\"https:\/\/www.cancerresearch.org\/wp-content\/uploads\/2022\/09\/james-allison-phd.jpg 808w, https:\/\/www.cancerresearch.org\/wp-content\/uploads\/2022\/09\/james-allison-phd-300x227.jpg 300w, https:\/\/www.cancerresearch.org\/wp-content\/uploads\/2022\/09\/james-allison-phd-768x582.jpg 768w\" sizes=\"auto, (max-width: 808px) 100vw, 808px\" \/><\/figure>\n<\/div>\n\n\n\n<div class=\"wp-block-column is-layout-flow wp-block-column-is-layout-flow\">\n\n\n<h2 class=\"wp-block-heading has-dark-purple-color has-text-color has-xx-large-font-size\">Consejo Asesor Cient\u00edfico<\/h2>\n\n\n\n<p>Integrado por l\u00edderes en inmunolog\u00eda e inmunoncolog\u00eda, incluso cuatro premios Nobel, el Consejo Asesor Cient\u00edfico orienta los programas de investigaci\u00f3n del CRI y decide qu\u00e9 propuestas prometedoras de investigaci\u00f3n cient\u00edfica y m\u00e9dica recibir\u00e1n financiamiento y apoyo del CRI.<\/p>\n\n\n<\/div>\n<\/div>\n\n\n\n<div class=\"wp-block-columns is-layout-flex wp-container-core-columns-is-layout-a4e81499 wp-block-columns-is-layout-flex\" style=\"margin-bottom:120px\">\n<div class=\"wp-block-column is-layout-flow wp-block-column-is-layout-flow\" style=\"flex-basis:33%\">\n<figure class=\"wp-block-image size-full\"><img loading=\"lazy\" decoding=\"async\" width=\"808\" height=\"612\" src=\"https:\/\/www.cancerresearch.org\/wp-content\/uploads\/2022\/09\/cri-funded-scientist.jpg\" alt=\"Two scientists discuss what's displayed on a computer monitor inside a lab\" class=\"wp-image-24326\" srcset=\"https:\/\/www.cancerresearch.org\/wp-content\/uploads\/2022\/09\/cri-funded-scientist.jpg 808w, https:\/\/www.cancerresearch.org\/wp-content\/uploads\/2022\/09\/cri-funded-scientist-300x227.jpg 300w, https:\/\/www.cancerresearch.org\/wp-content\/uploads\/2022\/09\/cri-funded-scientist-768x582.jpg 768w\" sizes=\"auto, (max-width: 808px) 100vw, 808px\" \/><\/figure>\n<\/div>\n\n\n\n<div class=\"wp-block-column is-layout-flow wp-block-column-is-layout-flow\">\n\n\n<h2 class=\"wp-block-heading has-dark-purple-color has-text-color has-xx-large-font-size\">Cient\u00edficos financiados por el CRI<\/h2>\n\n\n\n<p>M\u00e1s de 3500 cient\u00edficos ya recibieron fondos del CRI, muchos de los cuales avanzaron en sus carreras hasta ocupar los principales puestos en la investigaci\u00f3n acad\u00e9mica y la industria. Como miembros de la red del CRI, aportan una rica diversidad de perspectivas y conocimientos que impulsan los programas de investigaci\u00f3n, ya sea como invitados al consejo, consultores, oradores en eventos del CRI y amigos.<\/p>\n\n\n<\/div>\n<\/div>\n\n\n\n<div class=\"wp-block-columns is-layout-flex wp-container-core-columns-is-layout-28f84493 wp-block-columns-is-layout-flex\">\n<div class=\"wp-block-column is-layout-flow wp-block-column-is-layout-flow\" style=\"flex-basis:33%\">\n<figure class=\"wp-block-image size-full\"><img loading=\"lazy\" decoding=\"async\" width=\"808\" height=\"612\" src=\"https:\/\/www.cancerresearch.org\/wp-content\/uploads\/2022\/10\/CRI-science-award-winners-1.jpg\" alt=\"\" class=\"wp-image-26488\" srcset=\"https:\/\/www.cancerresearch.org\/wp-content\/uploads\/2022\/10\/CRI-science-award-winners-1.jpg 808w, https:\/\/www.cancerresearch.org\/wp-content\/uploads\/2022\/10\/CRI-science-award-winners-1-300x227.jpg 300w, https:\/\/www.cancerresearch.org\/wp-content\/uploads\/2022\/10\/CRI-science-award-winners-1-768x582.jpg 768w\" sizes=\"auto, (max-width: 808px) 100vw, 808px\" \/><\/figure>\n<\/div>\n\n\n\n<div class=\"wp-block-column is-layout-flow wp-block-column-is-layout-flow\">\n\n\n<h2 class=\"wp-block-heading has-dark-purple-color has-text-color has-xx-large-font-size\">Ganadores del Premio de Ciencias<\/h2>\n\n\n\n<p>Cada a\u00f1o, el CRI homenajea a personas destacadas cuyas contribuciones a la investigaci\u00f3n del c\u00e1ncer han hecho avanzar de manera significativa nuestra misi\u00f3n de salvar m\u00e1s vidas. Gracias a sus descubrimientos cient\u00edficos o a su liderazgo empresarial y filantr\u00f3pico, estas personas excepcionales ayudaron a promover investigaciones de vanguardia y facilitaron los avances cient\u00edficos en potentes tratamientos de inmunoterapia.<\/p>\n\n\n\n<p><strong>El premio William B. Coley a la Investigaci\u00f3n destacada en inmunolog\u00eda b\u00e1sica y tumoral<\/strong>, considerado el premio Nobel de la investigaci\u00f3n en inmunoterapia, se ha otorgado a algunos de los cient\u00edficos m\u00e1s talentosos del mundocuyos trabajos nos han permitido comprender mejor la respuesta del sistema inmunitario al c\u00e1ncer y otras enfermedades, y ha producido avances en el desarrollo de inmunoterapias eficaces.<\/p>\n\n\n\n<p><strong>El premio Frederick W. Alt a los Nuevos hallazgos en inmunolog\u00eda<\/strong> se otorga anualmente a exbecarios de posdoctorado del Cancer Research Institute en reconocimiento a los destacados resultados obtenidos en el avance de la investigaci\u00f3n cient\u00edfica con gran repercusi\u00f3n en el campo de la inmunolog\u00eda.<\/p>\n\n\n<\/div>\n<\/div>\n\n<\/div>\n<\/section>","protected":false},"excerpt":{"rendered":"","protected":false},"author":1,"featured_media":0,"parent":0,"menu_order":49,"comment_status":"closed","ping_status":"closed","template":"","meta":{"_acf_changed":false,"inline_featured_image":false,"_cri_header_bg_color":"","footnotes":""},"resource_cancer_types":[],"resource_patient_age":[],"resource_cancer_stage":[],"resource_treatment_type":[],"resource_treatment_status":[],"class_list":["post-27550","page","type-page","status-publish","hentry"],"acf":[],"yoast_head":"<!-- This site is optimized with the Yoast SEO plugin v26.8 - https:\/\/yoast.com\/product\/yoast-seo-wordpress\/ -->\n<title>Red del CRI - Cancer Research Institute<\/title>\n<meta name=\"robots\" content=\"index, follow, max-snippet:-1, max-image-preview:large, max-video-preview:-1\" \/>\n<link rel=\"canonical\" href=\"https:\/\/www.cancerresearch.org\/es\/red-del-cri\" \/>\n<meta property=\"og:locale\" content=\"es_ES\" \/>\n<meta property=\"og:type\" content=\"article\" \/>\n<meta property=\"og:title\" content=\"Red del CRI - Cancer Research Institute\" \/>\n<meta property=\"og:url\" content=\"https:\/\/www.cancerresearch.org\/es\/red-del-cri\" \/>\n<meta property=\"og:site_name\" content=\"Cancer Research Institute\" \/>\n<meta property=\"article:modified_time\" content=\"2023-08-10T19:04:53+00:00\" \/>\n<meta property=\"og:image\" content=\"https:\/\/www.cancerresearch.org\/wp-content\/uploads\/2022\/09\/logo-cri-network-white.svg\" \/>\n<meta name=\"twitter:card\" content=\"summary_large_image\" \/>\n<meta name=\"twitter:label1\" content=\"Tiempo de lectura\" \/>\n\t<meta name=\"twitter:data1\" content=\"4 minutos\" \/>\n<script type=\"application\/ld+json\" class=\"yoast-schema-graph\">{\"@context\":\"https:\/\/schema.org\",\"@graph\":[{\"@type\":\"WebPage\",\"@id\":\"https:\/\/www.cancerresearch.org\/es\/red-del-cri\",\"url\":\"https:\/\/www.cancerresearch.org\/es\/red-del-cri\",\"name\":\"Red del CRI - Cancer Research Institute\",\"isPartOf\":{\"@id\":\"https:\/\/www.cancerresearch.org\/#website\"},\"primaryImageOfPage\":{\"@id\":\"https:\/\/www.cancerresearch.org\/es\/red-del-cri#primaryimage\"},\"image\":{\"@id\":\"https:\/\/www.cancerresearch.org\/es\/red-del-cri#primaryimage\"},\"thumbnailUrl\":\"https:\/\/www.cancerresearch.org\/wp-content\/uploads\/2022\/09\/logo-cri-network-white.svg\",\"datePublished\":\"2022-09-08T17:37:12+00:00\",\"dateModified\":\"2023-08-10T19:04:53+00:00\",\"breadcrumb\":{\"@id\":\"https:\/\/www.cancerresearch.org\/es\/red-del-cri#breadcrumb\"},\"inLanguage\":\"es\",\"potentialAction\":[{\"@type\":\"ReadAction\",\"target\":[\"https:\/\/www.cancerresearch.org\/es\/red-del-cri\"]}]},{\"@type\":\"ImageObject\",\"inLanguage\":\"es\",\"@id\":\"https:\/\/www.cancerresearch.org\/es\/red-del-cri#primaryimage\",\"url\":\"https:\/\/www.cancerresearch.org\/wp-content\/uploads\/2022\/09\/logo-cri-network-white.svg\",\"contentUrl\":\"https:\/\/www.cancerresearch.org\/wp-content\/uploads\/2022\/09\/logo-cri-network-white.svg\"},{\"@type\":\"BreadcrumbList\",\"@id\":\"https:\/\/www.cancerresearch.org\/es\/red-del-cri#breadcrumb\",\"itemListElement\":[{\"@type\":\"ListItem\",\"position\":1,\"name\":\"Home\",\"item\":\"https:\/\/www.cancerresearch.org\/es\"},{\"@type\":\"ListItem\",\"position\":2,\"name\":\"Red del CRI\"}]},{\"@type\":\"WebSite\",\"@id\":\"https:\/\/www.cancerresearch.org\/#website\",\"url\":\"https:\/\/www.cancerresearch.org\/\",\"name\":\"Cancer Research Institute\",\"description\":\"For a World Immune to Cancer\",\"publisher\":{\"@id\":\"https:\/\/www.cancerresearch.org\/#organization\"},\"potentialAction\":[{\"@type\":\"SearchAction\",\"target\":{\"@type\":\"EntryPoint\",\"urlTemplate\":\"https:\/\/www.cancerresearch.org\/?s={search_term_string}\"},\"query-input\":{\"@type\":\"PropertyValueSpecification\",\"valueRequired\":true,\"valueName\":\"search_term_string\"}}],\"inLanguage\":\"es\"},{\"@type\":\"Organization\",\"@id\":\"https:\/\/www.cancerresearch.org\/#organization\",\"name\":\"Cancer Research Institute\",\"url\":\"https:\/\/www.cancerresearch.org\/\",\"logo\":{\"@type\":\"ImageObject\",\"inLanguage\":\"es\",\"@id\":\"https:\/\/www.cancerresearch.org\/#\/schema\/logo\/image\/\",\"url\":\"https:\/\/www.cancerresearch.org\/wp-content\/uploads\/2025\/05\/logo-gradient.svg\",\"contentUrl\":\"https:\/\/www.cancerresearch.org\/wp-content\/uploads\/2025\/05\/logo-gradient.svg\",\"width\":156,\"height\":53,\"caption\":\"Cancer Research Institute\"},\"image\":{\"@id\":\"https:\/\/www.cancerresearch.org\/#\/schema\/logo\/image\/\"}}]}<\/script>\n<!-- \/ Yoast SEO plugin. -->","yoast_head_json":{"title":"Red del CRI - Cancer Research Institute","robots":{"index":"index","follow":"follow","max-snippet":"max-snippet:-1","max-image-preview":"max-image-preview:large","max-video-preview":"max-video-preview:-1"},"canonical":"https:\/\/www.cancerresearch.org\/es\/red-del-cri","og_locale":"es_ES","og_type":"article","og_title":"Red del CRI - Cancer Research Institute","og_url":"https:\/\/www.cancerresearch.org\/es\/red-del-cri","og_site_name":"Cancer Research Institute","article_modified_time":"2023-08-10T19:04:53+00:00","og_image":[{"url":"https:\/\/www.cancerresearch.org\/wp-content\/uploads\/2022\/09\/logo-cri-network-white.svg","type":"","width":"","height":""}],"twitter_card":"summary_large_image","twitter_misc":{"Tiempo de lectura":"4 minutos"},"schema":{"@context":"https:\/\/schema.org","@graph":[{"@type":"WebPage","@id":"https:\/\/www.cancerresearch.org\/es\/red-del-cri","url":"https:\/\/www.cancerresearch.org\/es\/red-del-cri","name":"Red del CRI - Cancer Research Institute","isPartOf":{"@id":"https:\/\/www.cancerresearch.org\/#website"},"primaryImageOfPage":{"@id":"https:\/\/www.cancerresearch.org\/es\/red-del-cri#primaryimage"},"image":{"@id":"https:\/\/www.cancerresearch.org\/es\/red-del-cri#primaryimage"},"thumbnailUrl":"https:\/\/www.cancerresearch.org\/wp-content\/uploads\/2022\/09\/logo-cri-network-white.svg","datePublished":"2022-09-08T17:37:12+00:00","dateModified":"2023-08-10T19:04:53+00:00","breadcrumb":{"@id":"https:\/\/www.cancerresearch.org\/es\/red-del-cri#breadcrumb"},"inLanguage":"es","potentialAction":[{"@type":"ReadAction","target":["https:\/\/www.cancerresearch.org\/es\/red-del-cri"]}]},{"@type":"ImageObject","inLanguage":"es","@id":"https:\/\/www.cancerresearch.org\/es\/red-del-cri#primaryimage","url":"https:\/\/www.cancerresearch.org\/wp-content\/uploads\/2022\/09\/logo-cri-network-white.svg","contentUrl":"https:\/\/www.cancerresearch.org\/wp-content\/uploads\/2022\/09\/logo-cri-network-white.svg"},{"@type":"BreadcrumbList","@id":"https:\/\/www.cancerresearch.org\/es\/red-del-cri#breadcrumb","itemListElement":[{"@type":"ListItem","position":1,"name":"Home","item":"https:\/\/www.cancerresearch.org\/es"},{"@type":"ListItem","position":2,"name":"Red del CRI"}]},{"@type":"WebSite","@id":"https:\/\/www.cancerresearch.org\/#website","url":"https:\/\/www.cancerresearch.org\/","name":"Cancer Research Institute","description":"For a World Immune to Cancer","publisher":{"@id":"https:\/\/www.cancerresearch.org\/#organization"},"potentialAction":[{"@type":"SearchAction","target":{"@type":"EntryPoint","urlTemplate":"https:\/\/www.cancerresearch.org\/?s={search_term_string}"},"query-input":{"@type":"PropertyValueSpecification","valueRequired":true,"valueName":"search_term_string"}}],"inLanguage":"es"},{"@type":"Organization","@id":"https:\/\/www.cancerresearch.org\/#organization","name":"Cancer Research Institute","url":"https:\/\/www.cancerresearch.org\/","logo":{"@type":"ImageObject","inLanguage":"es","@id":"https:\/\/www.cancerresearch.org\/#\/schema\/logo\/image\/","url":"https:\/\/www.cancerresearch.org\/wp-content\/uploads\/2025\/05\/logo-gradient.svg","contentUrl":"https:\/\/www.cancerresearch.org\/wp-content\/uploads\/2025\/05\/logo-gradient.svg","width":156,"height":53,"caption":"Cancer Research Institute"},"image":{"@id":"https:\/\/www.cancerresearch.org\/#\/schema\/logo\/image\/"}}]}},"_links":{"self":[{"href":"https:\/\/www.cancerresearch.org\/es\/wp-json\/wp\/v2\/pages\/27550","targetHints":{"allow":["GET"]}}],"collection":[{"href":"https:\/\/www.cancerresearch.org\/es\/wp-json\/wp\/v2\/pages"}],"about":[{"href":"https:\/\/www.cancerresearch.org\/es\/wp-json\/wp\/v2\/types\/page"}],"author":[{"embeddable":true,"href":"https:\/\/www.cancerresearch.org\/es\/wp-json\/wp\/v2\/users\/1"}],"replies":[{"embeddable":true,"href":"https:\/\/www.cancerresearch.org\/es\/wp-json\/wp\/v2\/comments?post=27550"}],"version-history":[{"count":0,"href":"https:\/\/www.cancerresearch.org\/es\/wp-json\/wp\/v2\/pages\/27550\/revisions"}],"wp:attachment":[{"href":"https:\/\/www.cancerresearch.org\/es\/wp-json\/wp\/v2\/media?parent=27550"}],"wp:term":[{"taxonomy":"resource_cancer_types","embeddable":true,"href":"https:\/\/www.cancerresearch.org\/es\/wp-json\/wp\/v2\/resource_cancer_types?post=27550"},{"taxonomy":"resource_patient_age","embeddable":true,"href":"https:\/\/www.cancerresearch.org\/es\/wp-json\/wp\/v2\/resource_patient_age?post=27550"},{"taxonomy":"resource_cancer_stage","embeddable":true,"href":"https:\/\/www.cancerresearch.org\/es\/wp-json\/wp\/v2\/resource_cancer_stage?post=27550"},{"taxonomy":"resource_treatment_type","embeddable":true,"href":"https:\/\/www.cancerresearch.org\/es\/wp-json\/wp\/v2\/resource_treatment_type?post=27550"},{"taxonomy":"resource_treatment_status","embeddable":true,"href":"https:\/\/www.cancerresearch.org\/es\/wp-json\/wp\/v2\/resource_treatment_status?post=27550"}],"curies":[{"name":"wp","href":"https:\/\/api.w.org\/{rel}","templated":true}]}}