{"id":27548,"date":"2022-09-08T13:37:22","date_gmt":"2022-09-08T17:37:22","guid":{"rendered":"https:\/\/www.cancerresearch.org\/cri-discovery"},"modified":"2023-08-10T15:01:54","modified_gmt":"2023-08-10T19:01:54","slug":"cri-discovery","status":"publish","type":"page","link":"https:\/\/www.cancerresearch.org\/es\/cri-discovery","title":{"rendered":"CRI Discovery"},"content":{"rendered":"<section id=\"section-block_3316ec9fc036570703f288408d20d648\" class=\"section-block bg-type-video wp-block-acf-block-section\">\n  \n      <div class=\"bg-object\">\n      <video class=\"bg-video\"    muted=\"\" playsinline=\"\">\n        <source src=\"https:\/\/www.cancerresearch.org\/wp-content\/uploads\/2022\/09\/Venn-Diagam-3D-Partial-02.mp4\" type=\"video\/mp4\">\n      <\/video>\n    <\/div>\n    \n  <div class=\"is-layout-constrained section-inner\">\n\n<div class=\"wp-block-columns is-layout-flex wp-container-core-columns-is-layout-28f84493 wp-block-columns-is-layout-flex\">\n<div class=\"wp-block-column is-layout-flow wp-block-column-is-layout-flow\" style=\"flex-basis:832px\">\n<figure class=\"wp-block-image size-large\"><img loading=\"lazy\" decoding=\"async\" width=\"434\" height=\"83\" src=\"https:\/\/www.cancerresearch.org\/wp-content\/uploads\/2022\/09\/logo-cri-discovery-white.svg\" alt=\"Logotipo de CRI Discovery\" class=\"wp-image-24304\"\/><\/figure>\n\n\n\n<div class=\"wp-block-columns is-layout-flex wp-container-core-columns-is-layout-28f84493 wp-block-columns-is-layout-flex\">\n<div class=\"wp-block-column is-layout-flow wp-block-column-is-layout-flow\" style=\"padding-left:40px\">\n<p class=\"has-white-color has-text-color has-x-large-font-size\" style=\"font-style:normal;font-weight:500\">Exploramos nuestro sistema inmunitario para encontrar nuevas respuestas al c\u00e1ncer.<\/p>\n\n\n\n<div style=\"height:20px\" aria-hidden=\"true\" class=\"wp-block-spacer\"><\/div>\n\n\n<\/div>\n<\/div>\n<\/div>\n<\/div>\n\n<\/div>\n<\/section>\n\n<section id=\"section-block_888030c6e4740b1aa9af3ccd1067677c\" class=\"section-block bg-type-solid wp-block-acf-block-section\">\n  \n    \n  <div class=\"is-layout-constrained section-inner\">\n\n<div class=\"wp-block-columns are-vertically-aligned-center is-layout-flex wp-container-core-columns-is-layout-28f84493 wp-block-columns-is-layout-flex\">\n<div class=\"wp-block-column is-vertically-aligned-center is-layout-flow wp-block-column-is-layout-flow\" style=\"flex-basis:40%\">\n\n\n<h2 class=\"wp-block-heading has-top-level-hero-font-size\">El camino hacia la cura<\/h2>\n\n\n\n<p>Los descubrimientos cient\u00edficos son el \u00fanico camino hacia la cura del c\u00e1ncer. <strong>El objetivo primordial del Cancer Research Institute es descifrar la compleja biolog\u00eda del c\u00e1ncer y del sistema<\/strong> inmunitario y as\u00ed generar nuevos conocimientos que posibiliten mejores opciones de tratamiento para los pacientes con c\u00e1ncer.<\/p>\n<\/div>\n\n\n\n<div class=\"wp-block-column is-vertically-aligned-center is-layout-flow wp-block-column-is-layout-flow\" style=\"flex-basis:60%\">\n<figure class=\"wp-block-image size-large\"><img loading=\"lazy\" decoding=\"async\" width=\"1024\" height=\"831\" src=\"https:\/\/www.cancerresearch.org\/wp-content\/uploads\/2022\/09\/the-path-forward-to-a-cure-1024x831.jpg\" alt=\"Image looking upward at a scientist using a dropper\" class=\"wp-image-24332\" srcset=\"https:\/\/www.cancerresearch.org\/wp-content\/uploads\/2022\/09\/the-path-forward-to-a-cure-1024x831.jpg 1024w, https:\/\/www.cancerresearch.org\/wp-content\/uploads\/2022\/09\/the-path-forward-to-a-cure-300x243.jpg 300w, https:\/\/www.cancerresearch.org\/wp-content\/uploads\/2022\/09\/the-path-forward-to-a-cure-768x623.jpg 768w, https:\/\/www.cancerresearch.org\/wp-content\/uploads\/2022\/09\/the-path-forward-to-a-cure.jpg 1462w\" sizes=\"auto, (max-width: 1024px) 100vw, 1024px\" \/><\/figure>\n<\/div>\n<\/div>\n\n<\/div>\n<\/section>\n\n<section id=\"section-block_edb3169a5330bd1e37c55ccc09681a64\" class=\"section-block bg-type-image wp-block-acf-block-section\">\n      <picture class=\"bg-object\">\n            \n      <img loading=\"lazy\" decoding=\"async\" style=\"\" class=\"bg-image\" src=\"https:\/\/www.cancerresearch.org\/wp-content\/uploads\/2022\/09\/Ansuman-Satpathy-MD-PhD.png\" alt=\"\" width=\"847\" height=\"400\">\n    <\/picture>\n  \n    \n  <div class=\"is-layout-constrained section-inner\">\n\n<div class=\"wp-block-columns is-layout-flex wp-container-core-columns-is-layout-28f84493 wp-block-columns-is-layout-flex\">\n<div class=\"wp-block-column is-layout-flow wp-block-column-is-layout-flow\"><\/div>\n\n\n\n<div class=\"wp-block-column is-layout-flow wp-block-column-is-layout-flow\">\n\n\n<p class=\"has-white-color has-text-color has-x-large-font-size\"><em>\u00abEl objetivo de nuestras investigaciones es desarrollar y aplicar tecnolog\u00edas a escala gen\u00f3mica para estudiar las propiedades fundamentales del sistema inmunitario en la inmunidad contra el c\u00e1ncer y la inmunoterapia\u00bb.<\/em><\/p>\n\n\n\n<p class=\"has-light-orange-color has-text-color has-small-font-size\" style=\"text-transform:capitalize\"><strong>ANSUMAN SATPATHY, MD, PHD<\/strong><br><mark style=\"background-color:rgba(0, 0, 0, 0)\" class=\"has-inline-color has-white-color\">CRI Lloyd J. Old STAR<br>Stanford University<\/mark><\/p>\n<\/div>\n<\/div>\n\n<\/div>\n<\/section>\n\n<section id=\"section-block_a7cdaaa0a39489fe8df942a488351587\" class=\"section-block bg-type-parallax wp-block-acf-block-section\">\n  \n    \n  <div class=\"is-layout-constrained section-inner\">\n\n<div class=\"wp-block-columns are-vertically-aligned-center stack-until-md is-layout-flex wp-container-core-columns-is-layout-73065a6d wp-block-columns-is-layout-flex\">\n<div class=\"wp-block-column is-vertically-aligned-center is-layout-flow wp-block-column-is-layout-flow\" style=\"padding-right:100px\">\n<figure class=\"wp-block-image size-large\"><img loading=\"lazy\" decoding=\"async\" width=\"1024\" height=\"960\" src=\"https:\/\/www.cancerresearch.org\/wp-content\/uploads\/2022\/09\/colorized-blue-cell-1-1024x960.png\" alt=\"\" class=\"wp-image-24991\" srcset=\"https:\/\/www.cancerresearch.org\/wp-content\/uploads\/2022\/09\/colorized-blue-cell-1-1024x960.png 1024w, https:\/\/www.cancerresearch.org\/wp-content\/uploads\/2022\/09\/colorized-blue-cell-1-300x281.png 300w, https:\/\/www.cancerresearch.org\/wp-content\/uploads\/2022\/09\/colorized-blue-cell-1-768x720.png 768w, https:\/\/www.cancerresearch.org\/wp-content\/uploads\/2022\/09\/colorized-blue-cell-1.png 1192w\" sizes=\"auto, (max-width: 1024px) 100vw, 1024px\" \/><\/figure>\n<\/div>\n\n\n\n<div class=\"wp-block-column is-vertically-aligned-center is-layout-flow wp-block-column-is-layout-flow\" style=\"flex-basis:515px\">\n\n\n<h2 class=\"wp-block-heading has-white-color has-text-color has-top-level-hero-font-size\">Promovemos la innovaci\u00f3n m\u00e9dica y cient\u00edfica<\/h2>\n\n\n\n<p class=\"has-white-color has-text-color\">El CRI promueve innovaciones cient\u00edficas y m\u00e9dicas que permiten salvar vidas, incentivando los conocimientos b\u00e1sicos sobre los mecanismos celulares y moleculares b\u00e1sicos que intervienen en la respuesta inmunitaria para combatir el c\u00e1ncer e impulsando el aprendizaje hacia la investigaci\u00f3n precl\u00ednica y cl\u00ednica.<\/p>\n<\/div>\n<\/div>\n\n<\/div>\n<\/section>\n\n<section id=\"more-information\" class=\"section-block bg-type-solid wp-block-acf-block-section\">\n  \n    \n  <div class=\"is-layout-constrained section-inner\">\n\n<div class=\"wp-block-columns is-layout-flex wp-container-core-columns-is-layout-28f84493 wp-block-columns-is-layout-flex\">\n<div class=\"wp-block-column is-layout-flow wp-block-column-is-layout-flow\">\n<h2 class=\"wp-block-heading has-x-large-font-size\">Algunos de los programas del CRI que financian investigaciones b\u00e1sicas y de transferencia son:<\/h2>\n<\/div>\n<\/div>\n\n\n\n<div class=\"wp-block-columns is-layout-flex wp-container-core-columns-is-layout-a4e81499 wp-block-columns-is-layout-flex\" style=\"margin-bottom:120px\">\n<div class=\"wp-block-column is-layout-flow wp-block-column-is-layout-flow\" style=\"flex-basis:33%\">\n<figure class=\"wp-block-image size-full\"><img loading=\"lazy\" decoding=\"async\" width=\"808\" height=\"612\" src=\"https:\/\/www.cancerresearch.org\/wp-content\/uploads\/2022\/09\/postdoctoral-fellowship-program.jpg\" alt=\"Scientist with gloves on stands and works at a lab\" class=\"wp-image-24334\" srcset=\"https:\/\/www.cancerresearch.org\/wp-content\/uploads\/2022\/09\/postdoctoral-fellowship-program.jpg 808w, https:\/\/www.cancerresearch.org\/wp-content\/uploads\/2022\/09\/postdoctoral-fellowship-program-300x227.jpg 300w, https:\/\/www.cancerresearch.org\/wp-content\/uploads\/2022\/09\/postdoctoral-fellowship-program-768x582.jpg 768w\" sizes=\"auto, (max-width: 808px) 100vw, 808px\" \/><\/figure>\n<\/div>\n\n\n\n<div class=\"wp-block-column is-layout-flow wp-block-column-is-layout-flow\">\n\n\n<h2 class=\"wp-block-heading has-dark-purple-color has-text-color has-xx-large-font-size\">Programa de becas Irvington de posdoctorado del CRI<\/h2>\n\n\n\n<p>El programa de becas Irvington de posdoctorado del CRI brinda apoyo financiero y de formaci\u00f3n para j\u00f3venes inmun\u00f3logos e inmun\u00f3logos especializados en c\u00e1ncer en las universidades y centros de investigaci\u00f3n m\u00e1s importantes del mundo. Hay tres tipos de becas: becas de posdoctorado, becas de posdoctorado para promover la diversidad racial y, a partir de 2023, las NUEVAS becas de posdoctorado en inmunoinform\u00e1tica.<\/p>\n\n\n<\/div>\n<\/div>\n\n\n\n<div class=\"wp-block-columns is-layout-flex wp-container-core-columns-is-layout-a4e81499 wp-block-columns-is-layout-flex\" style=\"margin-bottom:120px\">\n<div class=\"wp-block-column is-layout-flow wp-block-column-is-layout-flow\" style=\"flex-basis:33%\">\n<figure class=\"wp-block-image size-full\"><img loading=\"lazy\" decoding=\"async\" width=\"808\" height=\"612\" src=\"https:\/\/www.cancerresearch.org\/wp-content\/uploads\/2022\/09\/clinic-and-labratory-integration-program.jpg\" alt=\"One hand holds a dropper, the other a vial\" class=\"wp-image-24336\" srcset=\"https:\/\/www.cancerresearch.org\/wp-content\/uploads\/2022\/09\/clinic-and-labratory-integration-program.jpg 808w, https:\/\/www.cancerresearch.org\/wp-content\/uploads\/2022\/09\/clinic-and-labratory-integration-program-300x227.jpg 300w, https:\/\/www.cancerresearch.org\/wp-content\/uploads\/2022\/09\/clinic-and-labratory-integration-program-768x582.jpg 768w\" sizes=\"auto, (max-width: 808px) 100vw, 808px\" \/><\/figure>\n<\/div>\n\n\n\n<div class=\"wp-block-column is-layout-flow wp-block-column-is-layout-flow\">\n\n\n<h2 class=\"wp-block-heading has-dark-purple-color has-text-color has-xx-large-font-size\"><strong>Programa de&nbsp;integraci\u00f3n de cl\u00ednicas y laboratorios (CLIP)<\/strong><\/h2>\n\n\n\n<p>El Programa CLIP de integraci\u00f3n de cl\u00ednicas y laboratorios del CRI apoya la investigaci\u00f3n precl\u00ednica y de transferencia que puede aplicarse directamente para optimizar la inmunoterapia en la cl\u00ednica. Las subvenciones del CLIP se otorgan a cient\u00edficos calificados que exploran cuestiones cl\u00ednicamente relevantes para mejorar la eficacia de las inmunoterapias.<\/p>\n\n\n<\/div>\n<\/div>\n\n\n\n<div class=\"wp-block-columns is-layout-flex wp-container-core-columns-is-layout-a4e81499 wp-block-columns-is-layout-flex\" style=\"margin-bottom:120px\">\n<div class=\"wp-block-column is-layout-flow wp-block-column-is-layout-flow\" style=\"flex-basis:33%\">\n<figure class=\"wp-block-image size-full\"><img loading=\"lazy\" decoding=\"async\" width=\"808\" height=\"612\" src=\"https:\/\/www.cancerresearch.org\/wp-content\/uploads\/2022\/09\/lloyd-j-old-stars.jpg\" alt=\"A scientist with safety goggles works in a lab\" class=\"wp-image-24338\" srcset=\"https:\/\/www.cancerresearch.org\/wp-content\/uploads\/2022\/09\/lloyd-j-old-stars.jpg 808w, https:\/\/www.cancerresearch.org\/wp-content\/uploads\/2022\/09\/lloyd-j-old-stars-300x227.jpg 300w, https:\/\/www.cancerresearch.org\/wp-content\/uploads\/2022\/09\/lloyd-j-old-stars-768x582.jpg 768w\" sizes=\"auto, (max-width: 808px) 100vw, 808px\" \/><\/figure>\n<\/div>\n\n\n\n<div class=\"wp-block-column is-layout-flow wp-block-column-is-layout-flow\">\n\n\n<h2 class=\"wp-block-heading has-dark-purple-color has-text-color has-xx-large-font-size\"><strong>Programa Lloyd J. Old STARs<\/strong><\/h2>\n\n\n\n<p><strong>El programa Lloyd J. Old STAR &#8211; Scientists&nbsp;TAking&nbsp;Risks (Cient\u00edficos que asumen riesgos) ofrece financiamiento a largo plazo<\/strong> a cient\u00edficos en plena trayectoria profesional, con la libertad necesaria para llevar a cabo investigaciones de alto riesgo y alta compensaci\u00f3n y estar a la vanguardia en descubrimientos e innovaci\u00f3n en inmunoterapia. El programa Lloyd J. Old STAR proporciona hasta USD 1,25 millones en un periodo de cinco a\u00f1os a profesores asistentes titulares (m\u00ednimo 3 a\u00f1os) y a profesores adjuntos (m\u00e1ximo 3 a\u00f1os).<\/p>\n\n\n<\/div>\n<\/div>\n\n\n\n<div class=\"wp-block-columns is-layout-flex wp-container-core-columns-is-layout-a4e81499 wp-block-columns-is-layout-flex\" style=\"margin-bottom:120px\">\n<div class=\"wp-block-column is-layout-flow wp-block-column-is-layout-flow\" style=\"flex-basis:33%\">\n<figure class=\"wp-block-image size-full\"><img loading=\"lazy\" decoding=\"async\" width=\"808\" height=\"612\" src=\"https:\/\/www.cancerresearch.org\/wp-content\/uploads\/2022\/09\/technology-impact-award.jpg\" alt=\"Premio al Impacto tecnol\u00f3gico\" class=\"wp-image-24340\" srcset=\"https:\/\/www.cancerresearch.org\/wp-content\/uploads\/2022\/09\/technology-impact-award.jpg 808w, https:\/\/www.cancerresearch.org\/wp-content\/uploads\/2022\/09\/technology-impact-award-300x227.jpg 300w, https:\/\/www.cancerresearch.org\/wp-content\/uploads\/2022\/09\/technology-impact-award-768x582.jpg 768w\" sizes=\"auto, (max-width: 808px) 100vw, 808px\" \/><\/figure>\n<\/div>\n\n\n\n<div class=\"wp-block-column is-layout-flow wp-block-column-is-layout-flow\">\n\n\n<h2 class=\"wp-block-heading has-dark-purple-color has-text-color has-xx-large-font-size\">Premios al Impacto tecnol\u00f3gico<\/h2>\n\n\n\n<p>El premio al Impacto tecnol\u00f3gico ofrece una financiaci\u00f3n inicial de hasta 200&nbsp;000 d\u00f3lares a utilizarse en un plazo de 12 a 24 meses, a fin de eliminar la distancia existente entre el desarrollo tecnol\u00f3gico y la aplicaci\u00f3n cl\u00ednica de las inmunoterapias. Estas becas tienen como objetivo fomentar la colaboraci\u00f3n entre los desarrolladores de tecnolog\u00eda y los inmun\u00f3logos cl\u00ednicos oncol\u00f3gicos.<\/p>\n\n\n<\/div>\n<\/div>\n\n\n\n<div class=\"wp-block-columns is-layout-flex wp-container-core-columns-is-layout-28f84493 wp-block-columns-is-layout-flex\">\n<div class=\"wp-block-column is-layout-flow wp-block-column-is-layout-flow\" style=\"flex-basis:33%\">\n<figure class=\"wp-block-image size-large\"><img loading=\"lazy\" decoding=\"async\" width=\"1024\" height=\"681\" src=\"https:\/\/www.cancerresearch.org\/wp-content\/uploads\/2023\/01\/DSC3374-1024x681.jpeg\" alt=\"CRI Clinical Innovators\" class=\"wp-image-27974\" srcset=\"https:\/\/www.cancerresearch.org\/wp-content\/uploads\/2023\/01\/DSC3374-1024x681.jpeg 1024w, https:\/\/www.cancerresearch.org\/wp-content\/uploads\/2023\/01\/DSC3374-300x200.jpeg 300w, https:\/\/www.cancerresearch.org\/wp-content\/uploads\/2023\/01\/DSC3374-768x511.jpeg 768w, https:\/\/www.cancerresearch.org\/wp-content\/uploads\/2023\/01\/DSC3374-1536x1022.jpeg 1536w, https:\/\/www.cancerresearch.org\/wp-content\/uploads\/2023\/01\/DSC3374-2048x1363.jpeg 2048w\" sizes=\"auto, (max-width: 1024px) 100vw, 1024px\" \/><\/figure>\n<\/div>\n\n\n\n<div class=\"wp-block-column is-layout-flow wp-block-column-is-layout-flow\">\n\n\n<h2 class=\"wp-block-heading has-dark-purple-color has-text-color has-xx-large-font-size\"><strong>Innovadores cl\u00ednicos<\/strong><\/h2>\n\n\n\n<p>Los ensayos cl\u00ednicos innovadores de inmunoterapia propuestos por investigadores acad\u00e9micos son de vital importancia para mejorar los resultados de los pacientes. Clinical Innovator respaldar\u00e1 estudios cl\u00ednicos novedosos que aborden \u00e1reas de gran necesidad insatisfecha en el c\u00e1ncer y busquen informaci\u00f3n mecanicista sobre la respuesta cl\u00ednica con el objetivo de descubrir biomarcadores predictivos. CRI asesorar\u00e1 sobre estudios seleccionados en un esfuerzo coordinado para optimizar el dise\u00f1o de ensayos cl\u00ednicos y los estudios traslacionales.<\/p>\n\n\n<\/div>\n<\/div>\n\n<\/div>\n<\/section>","protected":false},"excerpt":{"rendered":"","protected":false},"author":1,"featured_media":0,"parent":0,"menu_order":48,"comment_status":"closed","ping_status":"closed","template":"","meta":{"_acf_changed":false,"inline_featured_image":false,"_cri_header_bg_color":"","footnotes":""},"resource_cancer_types":[],"resource_patient_age":[],"resource_cancer_stage":[],"resource_treatment_type":[],"resource_treatment_status":[],"class_list":["post-27548","page","type-page","status-publish","hentry"],"acf":[],"yoast_head":"<!-- This site is optimized with the Yoast SEO plugin v26.8 - https:\/\/yoast.com\/product\/yoast-seo-wordpress\/ -->\n<title>CRI Discovery - Cancer Research Institute<\/title>\n<meta name=\"robots\" content=\"index, follow, max-snippet:-1, max-image-preview:large, max-video-preview:-1\" \/>\n<link rel=\"canonical\" href=\"https:\/\/www.cancerresearch.org\/es\/cri-discovery\" \/>\n<meta property=\"og:locale\" content=\"es_ES\" \/>\n<meta property=\"og:type\" content=\"article\" \/>\n<meta property=\"og:title\" content=\"CRI Discovery - Cancer Research Institute\" \/>\n<meta property=\"og:url\" content=\"https:\/\/www.cancerresearch.org\/es\/cri-discovery\" \/>\n<meta property=\"og:site_name\" content=\"Cancer Research Institute\" \/>\n<meta property=\"article:modified_time\" content=\"2023-08-10T19:01:54+00:00\" \/>\n<meta property=\"og:image\" content=\"https:\/\/www.cancerresearch.org\/wp-content\/uploads\/2022\/09\/logo-cri-discovery-white.svg\" \/>\n<meta name=\"twitter:card\" content=\"summary_large_image\" \/>\n<meta name=\"twitter:label1\" content=\"Tiempo de lectura\" \/>\n\t<meta name=\"twitter:data1\" content=\"4 minutos\" \/>\n<script type=\"application\/ld+json\" class=\"yoast-schema-graph\">{\"@context\":\"https:\/\/schema.org\",\"@graph\":[{\"@type\":\"WebPage\",\"@id\":\"https:\/\/www.cancerresearch.org\/es\/cri-discovery\",\"url\":\"https:\/\/www.cancerresearch.org\/es\/cri-discovery\",\"name\":\"CRI Discovery - Cancer Research Institute\",\"isPartOf\":{\"@id\":\"https:\/\/www.cancerresearch.org\/#website\"},\"primaryImageOfPage\":{\"@id\":\"https:\/\/www.cancerresearch.org\/es\/cri-discovery#primaryimage\"},\"image\":{\"@id\":\"https:\/\/www.cancerresearch.org\/es\/cri-discovery#primaryimage\"},\"thumbnailUrl\":\"https:\/\/www.cancerresearch.org\/wp-content\/uploads\/2022\/09\/logo-cri-discovery-white.svg\",\"datePublished\":\"2022-09-08T17:37:22+00:00\",\"dateModified\":\"2023-08-10T19:01:54+00:00\",\"breadcrumb\":{\"@id\":\"https:\/\/www.cancerresearch.org\/es\/cri-discovery#breadcrumb\"},\"inLanguage\":\"es\",\"potentialAction\":[{\"@type\":\"ReadAction\",\"target\":[\"https:\/\/www.cancerresearch.org\/es\/cri-discovery\"]}]},{\"@type\":\"ImageObject\",\"inLanguage\":\"es\",\"@id\":\"https:\/\/www.cancerresearch.org\/es\/cri-discovery#primaryimage\",\"url\":\"https:\/\/www.cancerresearch.org\/wp-content\/uploads\/2022\/09\/logo-cri-discovery-white.svg\",\"contentUrl\":\"https:\/\/www.cancerresearch.org\/wp-content\/uploads\/2022\/09\/logo-cri-discovery-white.svg\"},{\"@type\":\"BreadcrumbList\",\"@id\":\"https:\/\/www.cancerresearch.org\/es\/cri-discovery#breadcrumb\",\"itemListElement\":[{\"@type\":\"ListItem\",\"position\":1,\"name\":\"Home\",\"item\":\"https:\/\/www.cancerresearch.org\/es\"},{\"@type\":\"ListItem\",\"position\":2,\"name\":\"CRI Discovery\"}]},{\"@type\":\"WebSite\",\"@id\":\"https:\/\/www.cancerresearch.org\/#website\",\"url\":\"https:\/\/www.cancerresearch.org\/\",\"name\":\"Cancer Research Institute\",\"description\":\"For a World Immune to Cancer\",\"publisher\":{\"@id\":\"https:\/\/www.cancerresearch.org\/#organization\"},\"potentialAction\":[{\"@type\":\"SearchAction\",\"target\":{\"@type\":\"EntryPoint\",\"urlTemplate\":\"https:\/\/www.cancerresearch.org\/?s={search_term_string}\"},\"query-input\":{\"@type\":\"PropertyValueSpecification\",\"valueRequired\":true,\"valueName\":\"search_term_string\"}}],\"inLanguage\":\"es\"},{\"@type\":\"Organization\",\"@id\":\"https:\/\/www.cancerresearch.org\/#organization\",\"name\":\"Cancer Research Institute\",\"url\":\"https:\/\/www.cancerresearch.org\/\",\"logo\":{\"@type\":\"ImageObject\",\"inLanguage\":\"es\",\"@id\":\"https:\/\/www.cancerresearch.org\/#\/schema\/logo\/image\/\",\"url\":\"https:\/\/www.cancerresearch.org\/wp-content\/uploads\/2025\/05\/logo-gradient.svg\",\"contentUrl\":\"https:\/\/www.cancerresearch.org\/wp-content\/uploads\/2025\/05\/logo-gradient.svg\",\"width\":156,\"height\":53,\"caption\":\"Cancer Research Institute\"},\"image\":{\"@id\":\"https:\/\/www.cancerresearch.org\/#\/schema\/logo\/image\/\"}}]}<\/script>\n<!-- \/ Yoast SEO plugin. -->","yoast_head_json":{"title":"CRI Discovery - Cancer Research Institute","robots":{"index":"index","follow":"follow","max-snippet":"max-snippet:-1","max-image-preview":"max-image-preview:large","max-video-preview":"max-video-preview:-1"},"canonical":"https:\/\/www.cancerresearch.org\/es\/cri-discovery","og_locale":"es_ES","og_type":"article","og_title":"CRI Discovery - Cancer Research Institute","og_url":"https:\/\/www.cancerresearch.org\/es\/cri-discovery","og_site_name":"Cancer Research Institute","article_modified_time":"2023-08-10T19:01:54+00:00","og_image":[{"url":"https:\/\/www.cancerresearch.org\/wp-content\/uploads\/2022\/09\/logo-cri-discovery-white.svg","type":"","width":"","height":""}],"twitter_card":"summary_large_image","twitter_misc":{"Tiempo de lectura":"4 minutos"},"schema":{"@context":"https:\/\/schema.org","@graph":[{"@type":"WebPage","@id":"https:\/\/www.cancerresearch.org\/es\/cri-discovery","url":"https:\/\/www.cancerresearch.org\/es\/cri-discovery","name":"CRI Discovery - Cancer Research Institute","isPartOf":{"@id":"https:\/\/www.cancerresearch.org\/#website"},"primaryImageOfPage":{"@id":"https:\/\/www.cancerresearch.org\/es\/cri-discovery#primaryimage"},"image":{"@id":"https:\/\/www.cancerresearch.org\/es\/cri-discovery#primaryimage"},"thumbnailUrl":"https:\/\/www.cancerresearch.org\/wp-content\/uploads\/2022\/09\/logo-cri-discovery-white.svg","datePublished":"2022-09-08T17:37:22+00:00","dateModified":"2023-08-10T19:01:54+00:00","breadcrumb":{"@id":"https:\/\/www.cancerresearch.org\/es\/cri-discovery#breadcrumb"},"inLanguage":"es","potentialAction":[{"@type":"ReadAction","target":["https:\/\/www.cancerresearch.org\/es\/cri-discovery"]}]},{"@type":"ImageObject","inLanguage":"es","@id":"https:\/\/www.cancerresearch.org\/es\/cri-discovery#primaryimage","url":"https:\/\/www.cancerresearch.org\/wp-content\/uploads\/2022\/09\/logo-cri-discovery-white.svg","contentUrl":"https:\/\/www.cancerresearch.org\/wp-content\/uploads\/2022\/09\/logo-cri-discovery-white.svg"},{"@type":"BreadcrumbList","@id":"https:\/\/www.cancerresearch.org\/es\/cri-discovery#breadcrumb","itemListElement":[{"@type":"ListItem","position":1,"name":"Home","item":"https:\/\/www.cancerresearch.org\/es"},{"@type":"ListItem","position":2,"name":"CRI Discovery"}]},{"@type":"WebSite","@id":"https:\/\/www.cancerresearch.org\/#website","url":"https:\/\/www.cancerresearch.org\/","name":"Cancer Research Institute","description":"For a World Immune to Cancer","publisher":{"@id":"https:\/\/www.cancerresearch.org\/#organization"},"potentialAction":[{"@type":"SearchAction","target":{"@type":"EntryPoint","urlTemplate":"https:\/\/www.cancerresearch.org\/?s={search_term_string}"},"query-input":{"@type":"PropertyValueSpecification","valueRequired":true,"valueName":"search_term_string"}}],"inLanguage":"es"},{"@type":"Organization","@id":"https:\/\/www.cancerresearch.org\/#organization","name":"Cancer Research Institute","url":"https:\/\/www.cancerresearch.org\/","logo":{"@type":"ImageObject","inLanguage":"es","@id":"https:\/\/www.cancerresearch.org\/#\/schema\/logo\/image\/","url":"https:\/\/www.cancerresearch.org\/wp-content\/uploads\/2025\/05\/logo-gradient.svg","contentUrl":"https:\/\/www.cancerresearch.org\/wp-content\/uploads\/2025\/05\/logo-gradient.svg","width":156,"height":53,"caption":"Cancer Research Institute"},"image":{"@id":"https:\/\/www.cancerresearch.org\/#\/schema\/logo\/image\/"}}]}},"_links":{"self":[{"href":"https:\/\/www.cancerresearch.org\/es\/wp-json\/wp\/v2\/pages\/27548","targetHints":{"allow":["GET"]}}],"collection":[{"href":"https:\/\/www.cancerresearch.org\/es\/wp-json\/wp\/v2\/pages"}],"about":[{"href":"https:\/\/www.cancerresearch.org\/es\/wp-json\/wp\/v2\/types\/page"}],"author":[{"embeddable":true,"href":"https:\/\/www.cancerresearch.org\/es\/wp-json\/wp\/v2\/users\/1"}],"replies":[{"embeddable":true,"href":"https:\/\/www.cancerresearch.org\/es\/wp-json\/wp\/v2\/comments?post=27548"}],"version-history":[{"count":0,"href":"https:\/\/www.cancerresearch.org\/es\/wp-json\/wp\/v2\/pages\/27548\/revisions"}],"wp:attachment":[{"href":"https:\/\/www.cancerresearch.org\/es\/wp-json\/wp\/v2\/media?parent=27548"}],"wp:term":[{"taxonomy":"resource_cancer_types","embeddable":true,"href":"https:\/\/www.cancerresearch.org\/es\/wp-json\/wp\/v2\/resource_cancer_types?post=27548"},{"taxonomy":"resource_patient_age","embeddable":true,"href":"https:\/\/www.cancerresearch.org\/es\/wp-json\/wp\/v2\/resource_patient_age?post=27548"},{"taxonomy":"resource_cancer_stage","embeddable":true,"href":"https:\/\/www.cancerresearch.org\/es\/wp-json\/wp\/v2\/resource_cancer_stage?post=27548"},{"taxonomy":"resource_treatment_type","embeddable":true,"href":"https:\/\/www.cancerresearch.org\/es\/wp-json\/wp\/v2\/resource_treatment_type?post=27548"},{"taxonomy":"resource_treatment_status","embeddable":true,"href":"https:\/\/www.cancerresearch.org\/es\/wp-json\/wp\/v2\/resource_treatment_status?post=27548"}],"curies":[{"name":"wp","href":"https:\/\/api.w.org\/{rel}","templated":true}]}}