{"id":27543,"date":"2022-09-08T15:46:18","date_gmt":"2022-09-08T19:46:18","guid":{"rendered":"https:\/\/www.cancerresearch.org\/done-un-vehiculo"},"modified":"2023-01-05T23:01:41","modified_gmt":"2023-01-06T04:01:41","slug":"done-un-vehiculo","status":"publish","type":"page","link":"https:\/\/www.cancerresearch.org\/es\/maneras-de-colaborar\/done-un-vehiculo","title":{"rendered":"Done un veh\u00edculo"},"content":{"rendered":"<section id=\"section-block_62dea02361594\" class=\"section-block bg-type-lottie pattern-section-hero wp-block-acf-block-section\">\n  \n    \n  <div class=\"is-layout-constrained section-inner\">\n\n<div class=\"wp-block-columns is-layout-flex wp-container-core-columns-is-layout-28f84493 wp-block-columns-is-layout-flex\">\n<div class=\"wp-block-column is-layout-flow wp-block-column-is-layout-flow\" style=\"flex-basis:675px\">\n\n\n<h1 class=\"has-white-color has-text-color wp-block-heading\">Done un veh\u00edculo<\/h1>\n\n\n\n<p class=\"has-white-color has-text-color has-medium-large-font-size\" style=\"font-style:normal;font-weight:500\">Una gran manera de apoyar una buena causa es donar un autom\u00f3vil, un barco o un veh\u00edculo recreativo usados. Es una manera c\u00f3moda y gratificante de donar, que tambi\u00e9n puede generar beneficios fiscales. Pero lo m\u00e1s importante es que su donaci\u00f3n al CRI, junto con la de otras miles de personas, permitir\u00e1 financiar la investigaci\u00f3n de cient\u00edficos para que m\u00e1s r\u00e1pidamente los pacientes de c\u00e1ncer puedan acceder a m\u00e1s inmunoterapias (y sin costos adicionales para usted).<\/p>\n<\/div>\n<\/div>\n\n<\/div>\n<\/section><section id=\"section-block_62dcd3a296094\" class=\"section-block bg-type-solid wp-block-acf-block-section\">\n  \n    \n  <div class=\"is-layout-constrained section-inner\">\n\n<div class=\"wp-block-columns is-layout-flex wp-container-core-columns-is-layout-28f84493 wp-block-columns-is-layout-flex\">\n<div class=\"wp-block-column is-layout-flow wp-block-column-is-layout-flow\" style=\"flex-basis:67%\">\n\n\n<h2 class=\"has-medium-large-font-size wp-block-heading\">Gestione la donaci\u00f3n de un veh\u00edculo<\/h2>\n\n\n\n<p>Comun\u00edquese con Shasell Negron al correo electr\u00f3nico <a href=\"mailto:snegron@cancerresearch.org?subject=Vehicle%20Donation\">snegron@cancerresearch.org<\/a> o por tel\u00e9fono al 212-688-7515 x239<\/p>\n\n\n\n<h3 class=\"has-medium-font-size wp-block-heading\">R\u00e1pido y sencillo<\/h3>\n\n\n\n<ul class=\"wp-block-list\"><li>Elija el veh\u00edculo que desea donar, complete el formulario o ll\u00e1menos gratis al 800-99-CANCER, y ponga en marcha la donaci\u00f3n.<\/li><li>Haremos los arreglos necesarios para recoger el veh\u00edculo donado en todos los estados continentales de Estados Unidos y en Haw\u00e1i.<\/li><li>Una empresa de remolque profesional con licencia, fianza y seguro remolcar\u00e1 el veh\u00edculo donado para simplificar el procedimiento.<\/li><li>Al recoger el veh\u00edculo, le dar\u00e1n un recibo por la donaci\u00f3n y, al finalizar el a\u00f1o fiscal, el correspondiente a la reducci\u00f3n impositiva.<\/li><\/ul>\n\n\n\n\n\n\n\n<h2 class=\"wp-block-heading has-medium-large-font-size\">Frequently asked questions<\/h2>\n\n\n\n\n<p>Anyone who has an interest in helping to advance the fight against cancer is encouraged to donate to CRI. Individuals can&nbsp;<a href=\"https:\/\/www.cancerresearch.org\/ways-to-give\">make cash donations<\/a>&nbsp;and also include CRI in their&nbsp;<a href=\"https:\/\/www.cancerresearch.org\/ways-to-give\/leave-a-legacy\">estate planning or planned giving<\/a>.&nbsp;<a href=\"https:\/\/www.cancerresearch.org\/corporate-partnerships\">Corporations<\/a>&nbsp;and foundations also can make donations.<\/p>\n\n\n\n\n\n<p>CRI is a 501(c)(3) charitable organization, so your donations are deductible for federal or state tax purposes as allowed by law. <a href=\"https:\/\/www.cancerresearch.org\/ways-to-give\/leave-a-legacy\">Planned giving<\/a>, which can encompass bequests and gift annuities, may offer other tax or financial planning advantages as well.<\/p>\n\n\n\n<p>Taxpayers who do not itemize their returns may receive a tax deduction of up to $300 for cash donations to 501(c)(3) nonprofit organizations. Taxpayers who itemize returns may now deduct up to 100% of their Adjusted Gross Income on cash donations. Corporations may now deduct up to 25% of taxable income. Please consult your tax advisor for more information.<\/p>\n\n\n\n\n\n<p><a href=\"https:\/\/www.cancerresearch.org\/charity-ratings-reporting\">We consistently earn high marks from charity watchdog organizations<\/a>, including an A or higher from the American Institute of Philanthropy. We are also a proud member of the&nbsp;<a href=\"https:\/\/give.org\/charity-reviews\/national\/cancer\/cancer-research-institute-in-new-york-ny-3693\" target=\"_blank\" rel=\"noreferrer noopener\">Better Business Bureau Wise Giving Alliance<\/a>, the most rigorous evaluator of charity activity with 20 standards of accountability and ethical practice. We have&nbsp;<a href=\"https:\/\/www.charitynavigator.org\/index.cfm?bay=search.summary&amp;orgid=3417\">4 out of 4 stars from Charity Navigator<\/a>, the nation\u2019s largest and most utilized evaluator of charities; an&nbsp;<a href=\"https:\/\/www.charitywatch.org\/ratings-and-metrics\/cancer-research-institute\/123\">A grade from Charity Watch<\/a>; and a&nbsp;<a href=\"https:\/\/www.guidestar.org\/profile\/13-1837442\">Platinum Participant Seal from GuideStar<\/a>.<\/p>\n\n<\/div>\n\n\n\n<div class=\"wp-block-column is-layout-flow wp-block-column-is-layout-flow\" style=\"flex-basis:33%\">\n\n\n\n\n\n\n\n\n\n\n\n\n\n\n\n\n\n\n\n\n\n\n\n\n\n<\/div>\n<\/div>\n\n<\/div>\n<\/section>","protected":false},"excerpt":{"rendered":"","protected":false},"author":1,"featured_media":0,"parent":27567,"menu_order":59,"comment_status":"closed","ping_status":"closed","template":"","meta":{"_acf_changed":false,"inline_featured_image":false,"_cri_header_bg_color":"","footnotes":""},"resource_cancer_types":[],"resource_patient_age":[],"resource_cancer_stage":[],"resource_treatment_type":[],"resource_treatment_status":[],"class_list":["post-27543","page","type-page","status-publish","hentry"],"acf":[],"yoast_head":"<!-- This site is optimized with the Yoast SEO plugin v26.8 - https:\/\/yoast.com\/product\/yoast-seo-wordpress\/ -->\n<title>Done un veh\u00edculo - Cancer Research Institute<\/title>\n<meta name=\"robots\" content=\"index, follow, max-snippet:-1, max-image-preview:large, max-video-preview:-1\" \/>\n<link rel=\"canonical\" href=\"https:\/\/www.cancerresearch.org\/es\/maneras-de-colaborar\/done-un-vehiculo\" \/>\n<meta property=\"og:locale\" content=\"es_ES\" \/>\n<meta property=\"og:type\" content=\"article\" \/>\n<meta property=\"og:title\" content=\"Done un veh\u00edculo - Cancer Research Institute\" \/>\n<meta property=\"og:url\" content=\"https:\/\/www.cancerresearch.org\/es\/maneras-de-colaborar\/done-un-vehiculo\" \/>\n<meta property=\"og:site_name\" content=\"Cancer Research Institute\" \/>\n<meta property=\"article:modified_time\" content=\"2023-01-06T04:01:41+00:00\" \/>\n<meta name=\"twitter:card\" content=\"summary_large_image\" \/>\n<meta name=\"twitter:label1\" content=\"Tiempo de lectura\" \/>\n\t<meta name=\"twitter:data1\" content=\"1 minuto\" \/>\n<script type=\"application\/ld+json\" class=\"yoast-schema-graph\">{\"@context\":\"https:\/\/schema.org\",\"@graph\":[{\"@type\":\"WebPage\",\"@id\":\"https:\/\/www.cancerresearch.org\/es\/maneras-de-colaborar\/done-un-vehiculo\",\"url\":\"https:\/\/www.cancerresearch.org\/es\/maneras-de-colaborar\/done-un-vehiculo\",\"name\":\"Done un veh\u00edculo - Cancer Research Institute\",\"isPartOf\":{\"@id\":\"https:\/\/www.cancerresearch.org\/#website\"},\"datePublished\":\"2022-09-08T19:46:18+00:00\",\"dateModified\":\"2023-01-06T04:01:41+00:00\",\"breadcrumb\":{\"@id\":\"https:\/\/www.cancerresearch.org\/es\/maneras-de-colaborar\/done-un-vehiculo#breadcrumb\"},\"inLanguage\":\"es\",\"potentialAction\":[{\"@type\":\"ReadAction\",\"target\":[\"https:\/\/www.cancerresearch.org\/es\/maneras-de-colaborar\/done-un-vehiculo\"]}]},{\"@type\":\"BreadcrumbList\",\"@id\":\"https:\/\/www.cancerresearch.org\/es\/maneras-de-colaborar\/done-un-vehiculo#breadcrumb\",\"itemListElement\":[{\"@type\":\"ListItem\",\"position\":1,\"name\":\"Home\",\"item\":\"https:\/\/www.cancerresearch.org\/es\"},{\"@type\":\"ListItem\",\"position\":2,\"name\":\"Maneras de colaborar\",\"item\":\"https:\/\/www.cancerresearch.org\/es\/maneras-de-colaborar\"},{\"@type\":\"ListItem\",\"position\":3,\"name\":\"Done un veh\u00edculo\"}]},{\"@type\":\"WebSite\",\"@id\":\"https:\/\/www.cancerresearch.org\/#website\",\"url\":\"https:\/\/www.cancerresearch.org\/\",\"name\":\"Cancer Research Institute\",\"description\":\"For a World Immune to Cancer\",\"publisher\":{\"@id\":\"https:\/\/www.cancerresearch.org\/#organization\"},\"potentialAction\":[{\"@type\":\"SearchAction\",\"target\":{\"@type\":\"EntryPoint\",\"urlTemplate\":\"https:\/\/www.cancerresearch.org\/?s={search_term_string}\"},\"query-input\":{\"@type\":\"PropertyValueSpecification\",\"valueRequired\":true,\"valueName\":\"search_term_string\"}}],\"inLanguage\":\"es\"},{\"@type\":\"Organization\",\"@id\":\"https:\/\/www.cancerresearch.org\/#organization\",\"name\":\"Cancer Research Institute\",\"url\":\"https:\/\/www.cancerresearch.org\/\",\"logo\":{\"@type\":\"ImageObject\",\"inLanguage\":\"es\",\"@id\":\"https:\/\/www.cancerresearch.org\/#\/schema\/logo\/image\/\",\"url\":\"https:\/\/www.cancerresearch.org\/wp-content\/uploads\/2025\/05\/logo-gradient.svg\",\"contentUrl\":\"https:\/\/www.cancerresearch.org\/wp-content\/uploads\/2025\/05\/logo-gradient.svg\",\"width\":156,\"height\":53,\"caption\":\"Cancer Research Institute\"},\"image\":{\"@id\":\"https:\/\/www.cancerresearch.org\/#\/schema\/logo\/image\/\"}}]}<\/script>\n<!-- \/ Yoast SEO plugin. -->","yoast_head_json":{"title":"Done un veh\u00edculo - Cancer Research Institute","robots":{"index":"index","follow":"follow","max-snippet":"max-snippet:-1","max-image-preview":"max-image-preview:large","max-video-preview":"max-video-preview:-1"},"canonical":"https:\/\/www.cancerresearch.org\/es\/maneras-de-colaborar\/done-un-vehiculo","og_locale":"es_ES","og_type":"article","og_title":"Done un veh\u00edculo - Cancer Research Institute","og_url":"https:\/\/www.cancerresearch.org\/es\/maneras-de-colaborar\/done-un-vehiculo","og_site_name":"Cancer Research Institute","article_modified_time":"2023-01-06T04:01:41+00:00","twitter_card":"summary_large_image","twitter_misc":{"Tiempo de lectura":"1 minuto"},"schema":{"@context":"https:\/\/schema.org","@graph":[{"@type":"WebPage","@id":"https:\/\/www.cancerresearch.org\/es\/maneras-de-colaborar\/done-un-vehiculo","url":"https:\/\/www.cancerresearch.org\/es\/maneras-de-colaborar\/done-un-vehiculo","name":"Done un veh\u00edculo - Cancer Research Institute","isPartOf":{"@id":"https:\/\/www.cancerresearch.org\/#website"},"datePublished":"2022-09-08T19:46:18+00:00","dateModified":"2023-01-06T04:01:41+00:00","breadcrumb":{"@id":"https:\/\/www.cancerresearch.org\/es\/maneras-de-colaborar\/done-un-vehiculo#breadcrumb"},"inLanguage":"es","potentialAction":[{"@type":"ReadAction","target":["https:\/\/www.cancerresearch.org\/es\/maneras-de-colaborar\/done-un-vehiculo"]}]},{"@type":"BreadcrumbList","@id":"https:\/\/www.cancerresearch.org\/es\/maneras-de-colaborar\/done-un-vehiculo#breadcrumb","itemListElement":[{"@type":"ListItem","position":1,"name":"Home","item":"https:\/\/www.cancerresearch.org\/es"},{"@type":"ListItem","position":2,"name":"Maneras de colaborar","item":"https:\/\/www.cancerresearch.org\/es\/maneras-de-colaborar"},{"@type":"ListItem","position":3,"name":"Done un veh\u00edculo"}]},{"@type":"WebSite","@id":"https:\/\/www.cancerresearch.org\/#website","url":"https:\/\/www.cancerresearch.org\/","name":"Cancer Research Institute","description":"For a World Immune to Cancer","publisher":{"@id":"https:\/\/www.cancerresearch.org\/#organization"},"potentialAction":[{"@type":"SearchAction","target":{"@type":"EntryPoint","urlTemplate":"https:\/\/www.cancerresearch.org\/?s={search_term_string}"},"query-input":{"@type":"PropertyValueSpecification","valueRequired":true,"valueName":"search_term_string"}}],"inLanguage":"es"},{"@type":"Organization","@id":"https:\/\/www.cancerresearch.org\/#organization","name":"Cancer Research Institute","url":"https:\/\/www.cancerresearch.org\/","logo":{"@type":"ImageObject","inLanguage":"es","@id":"https:\/\/www.cancerresearch.org\/#\/schema\/logo\/image\/","url":"https:\/\/www.cancerresearch.org\/wp-content\/uploads\/2025\/05\/logo-gradient.svg","contentUrl":"https:\/\/www.cancerresearch.org\/wp-content\/uploads\/2025\/05\/logo-gradient.svg","width":156,"height":53,"caption":"Cancer Research Institute"},"image":{"@id":"https:\/\/www.cancerresearch.org\/#\/schema\/logo\/image\/"}}]}},"_links":{"self":[{"href":"https:\/\/www.cancerresearch.org\/es\/wp-json\/wp\/v2\/pages\/27543","targetHints":{"allow":["GET"]}}],"collection":[{"href":"https:\/\/www.cancerresearch.org\/es\/wp-json\/wp\/v2\/pages"}],"about":[{"href":"https:\/\/www.cancerresearch.org\/es\/wp-json\/wp\/v2\/types\/page"}],"author":[{"embeddable":true,"href":"https:\/\/www.cancerresearch.org\/es\/wp-json\/wp\/v2\/users\/1"}],"replies":[{"embeddable":true,"href":"https:\/\/www.cancerresearch.org\/es\/wp-json\/wp\/v2\/comments?post=27543"}],"version-history":[{"count":0,"href":"https:\/\/www.cancerresearch.org\/es\/wp-json\/wp\/v2\/pages\/27543\/revisions"}],"up":[{"embeddable":true,"href":"https:\/\/www.cancerresearch.org\/es\/wp-json\/wp\/v2\/pages\/27567"}],"wp:attachment":[{"href":"https:\/\/www.cancerresearch.org\/es\/wp-json\/wp\/v2\/media?parent=27543"}],"wp:term":[{"taxonomy":"resource_cancer_types","embeddable":true,"href":"https:\/\/www.cancerresearch.org\/es\/wp-json\/wp\/v2\/resource_cancer_types?post=27543"},{"taxonomy":"resource_patient_age","embeddable":true,"href":"https:\/\/www.cancerresearch.org\/es\/wp-json\/wp\/v2\/resource_patient_age?post=27543"},{"taxonomy":"resource_cancer_stage","embeddable":true,"href":"https:\/\/www.cancerresearch.org\/es\/wp-json\/wp\/v2\/resource_cancer_stage?post=27543"},{"taxonomy":"resource_treatment_type","embeddable":true,"href":"https:\/\/www.cancerresearch.org\/es\/wp-json\/wp\/v2\/resource_treatment_type?post=27543"},{"taxonomy":"resource_treatment_status","embeddable":true,"href":"https:\/\/www.cancerresearch.org\/es\/wp-json\/wp\/v2\/resource_treatment_status?post=27543"}],"curies":[{"name":"wp","href":"https:\/\/api.w.org\/{rel}","templated":true}]}}