{"id":24129,"date":"2022-08-10T10:39:27","date_gmt":"2022-08-10T14:39:27","guid":{"rendered":"https:\/\/www.cancerresearch.org\/immunotherapy-by-treatment-types\/"},"modified":"2023-08-10T12:52:51","modified_gmt":"2023-08-10T16:52:51","slug":"immunotherapy-by-treatment-types","status":"publish","type":"page","link":"https:\/\/www.cancerresearch.org\/es\/immunotherapy-by-treatment-types","title":{"rendered":"Tipos de tratamientos de inmunoterapia"},"content":{"rendered":"<section id=\"section-block_62dea02361594\" class=\"section-block bg-type-lottie pattern-section-hero wp-block-acf-block-section\">\n  \n    \n  <div class=\"is-layout-constrained section-inner\">\n\n<div class=\"wp-block-columns is-layout-flex wp-container-core-columns-is-layout-28f84493 wp-block-columns-is-layout-flex\">\n<div class=\"wp-block-column is-layout-flow wp-block-column-is-layout-flow\" style=\"flex-basis:500px\">\n\n\n<h1 class=\"has-white-color has-text-color wp-block-heading\">Tipos de tratamientos de inmunoterapia<\/h1>\n<\/div>\n<\/div>\n\n<\/div>\n<\/section>\n\n<section id=\"section-block_62df6f4805d0d\" class=\"section-block bg-type-solid wp-block-acf-block-section\">\n  \n    \n  <div class=\"is-layout-constrained section-inner\">\n\n<div class=\"wp-block-columns is-layout-flex wp-container-core-columns-is-layout-28f84493 wp-block-columns-is-layout-flex\">\n<div class=\"wp-block-column is-layout-flow wp-block-column-is-layout-flow\" style=\"flex-basis:875px\">\n<h2 class=\"has-xx-large-font-size wp-block-heading\">Tipos de tratamientos de inmunoterapia<\/h2>\n\n\n\n<p>Independientemente de la etapa del tratamiento del c\u00e1ncer en que se encuentre, es posible que desee obtener informaci\u00f3n sobre los tipos de inmunoterapia disponibles en la actualidad. Se describen aqu\u00ed algunos de los distintos enfoques de la inmunoterapia y su aplicaci\u00f3n para tratar muy diversos tipos de c\u00e1ncer. Tenga en cuenta que estos tratamientos no incluyen todas las inmunoterapias contra el c\u00e1ncer que actualmente hay disponibles, pero representan algunos m\u00e9todos prometedores ya aprobados por la FDA o que se est\u00e1n probando en ensayos cl\u00ednicos.<a href=\"https:\/\/www.cancerresearch.org\/es\/Immunotherapy\/Treatment-Types\/Targeted-Antibodies\"><\/a><\/p>\n<\/div>\n<\/div>\n\n<\/div>\n<\/section>\n\n<section id=\"section-block_62df6fa205d0f\" class=\"section-block bg-type-solid wp-block-acf-block-section\">\n  \n    \n  <div class=\"is-layout-constrained section-inner\">\n\n<div class=\"wp-block-columns is-layout-flex wp-container-core-columns-is-layout-28f84493 wp-block-columns-is-layout-flex\">\n<div class=\"wp-block-column is-layout-flow wp-block-column-is-layout-flow\"><\/div>\n<\/div>\n\n<\/div>\n<\/section>","protected":false},"excerpt":{"rendered":"","protected":false},"author":1,"featured_media":24347,"parent":0,"menu_order":86,"comment_status":"closed","ping_status":"closed","template":"","meta":{"_acf_changed":false,"inline_featured_image":false,"_cri_header_bg_color":"","footnotes":""},"resource_cancer_types":[],"resource_patient_age":[],"resource_cancer_stage":[],"resource_treatment_type":[],"resource_treatment_status":[],"class_list":["post-24129","page","type-page","status-publish","has-post-thumbnail","hentry"],"acf":[],"yoast_head":"<!-- This site is optimized with the Yoast SEO plugin v26.8 - https:\/\/yoast.com\/product\/yoast-seo-wordpress\/ -->\n<title>Tipos de tratamientos de inmunoterapia - Cancer Research Institute<\/title>\n<meta name=\"robots\" content=\"index, follow, max-snippet:-1, max-image-preview:large, max-video-preview:-1\" \/>\n<link rel=\"canonical\" href=\"https:\/\/www.cancerresearch.org\/es\/immunotherapy-by-treatment-types\" \/>\n<meta property=\"og:locale\" content=\"es_ES\" \/>\n<meta property=\"og:type\" content=\"article\" \/>\n<meta property=\"og:title\" content=\"Tipos de tratamientos de inmunoterapia - Cancer Research Institute\" \/>\n<meta property=\"og:url\" content=\"https:\/\/www.cancerresearch.org\/es\/immunotherapy-by-treatment-types\" \/>\n<meta property=\"og:site_name\" content=\"Cancer Research Institute\" \/>\n<meta property=\"article:modified_time\" content=\"2023-08-10T16:52:51+00:00\" \/>\n<meta property=\"og:image\" content=\"https:\/\/www.cancerresearch.org\/wp-content\/uploads\/2022\/09\/group-of-colorized-cancer-cells.png\" \/>\n\t<meta property=\"og:image:width\" content=\"1192\" \/>\n\t<meta property=\"og:image:height\" content=\"1250\" \/>\n\t<meta property=\"og:image:type\" content=\"image\/png\" \/>\n<meta name=\"twitter:card\" content=\"summary_large_image\" \/>\n<meta name=\"twitter:label1\" content=\"Tiempo de lectura\" \/>\n\t<meta name=\"twitter:data1\" content=\"1 minuto\" \/>\n<script type=\"application\/ld+json\" class=\"yoast-schema-graph\">{\"@context\":\"https:\/\/schema.org\",\"@graph\":[{\"@type\":\"WebPage\",\"@id\":\"https:\/\/www.cancerresearch.org\/es\/immunotherapy-by-treatment-types\",\"url\":\"https:\/\/www.cancerresearch.org\/es\/immunotherapy-by-treatment-types\",\"name\":\"Tipos de tratamientos de inmunoterapia - Cancer Research Institute\",\"isPartOf\":{\"@id\":\"https:\/\/www.cancerresearch.org\/#website\"},\"primaryImageOfPage\":{\"@id\":\"https:\/\/www.cancerresearch.org\/es\/immunotherapy-by-treatment-types#primaryimage\"},\"image\":{\"@id\":\"https:\/\/www.cancerresearch.org\/es\/immunotherapy-by-treatment-types#primaryimage\"},\"thumbnailUrl\":\"https:\/\/www.cancerresearch.org\/wp-content\/uploads\/2022\/09\/group-of-colorized-cancer-cells.png\",\"datePublished\":\"2022-08-10T14:39:27+00:00\",\"dateModified\":\"2023-08-10T16:52:51+00:00\",\"breadcrumb\":{\"@id\":\"https:\/\/www.cancerresearch.org\/es\/immunotherapy-by-treatment-types#breadcrumb\"},\"inLanguage\":\"es\",\"potentialAction\":[{\"@type\":\"ReadAction\",\"target\":[\"https:\/\/www.cancerresearch.org\/es\/immunotherapy-by-treatment-types\"]}]},{\"@type\":\"ImageObject\",\"inLanguage\":\"es\",\"@id\":\"https:\/\/www.cancerresearch.org\/es\/immunotherapy-by-treatment-types#primaryimage\",\"url\":\"https:\/\/www.cancerresearch.org\/wp-content\/uploads\/2022\/09\/group-of-colorized-cancer-cells.png\",\"contentUrl\":\"https:\/\/www.cancerresearch.org\/wp-content\/uploads\/2022\/09\/group-of-colorized-cancer-cells.png\",\"width\":1192,\"height\":1250,\"caption\":\"Colorized Cancer Cells\"},{\"@type\":\"BreadcrumbList\",\"@id\":\"https:\/\/www.cancerresearch.org\/es\/immunotherapy-by-treatment-types#breadcrumb\",\"itemListElement\":[{\"@type\":\"ListItem\",\"position\":1,\"name\":\"Home\",\"item\":\"https:\/\/www.cancerresearch.org\/es\"},{\"@type\":\"ListItem\",\"position\":2,\"name\":\"Tipos de tratamientos de inmunoterapia\"}]},{\"@type\":\"WebSite\",\"@id\":\"https:\/\/www.cancerresearch.org\/#website\",\"url\":\"https:\/\/www.cancerresearch.org\/\",\"name\":\"Cancer Research Institute\",\"description\":\"For a World Immune to Cancer\",\"publisher\":{\"@id\":\"https:\/\/www.cancerresearch.org\/#organization\"},\"potentialAction\":[{\"@type\":\"SearchAction\",\"target\":{\"@type\":\"EntryPoint\",\"urlTemplate\":\"https:\/\/www.cancerresearch.org\/?s={search_term_string}\"},\"query-input\":{\"@type\":\"PropertyValueSpecification\",\"valueRequired\":true,\"valueName\":\"search_term_string\"}}],\"inLanguage\":\"es\"},{\"@type\":\"Organization\",\"@id\":\"https:\/\/www.cancerresearch.org\/#organization\",\"name\":\"Cancer Research Institute\",\"url\":\"https:\/\/www.cancerresearch.org\/\",\"logo\":{\"@type\":\"ImageObject\",\"inLanguage\":\"es\",\"@id\":\"https:\/\/www.cancerresearch.org\/#\/schema\/logo\/image\/\",\"url\":\"https:\/\/www.cancerresearch.org\/wp-content\/uploads\/2025\/05\/logo-gradient.svg\",\"contentUrl\":\"https:\/\/www.cancerresearch.org\/wp-content\/uploads\/2025\/05\/logo-gradient.svg\",\"width\":156,\"height\":53,\"caption\":\"Cancer Research Institute\"},\"image\":{\"@id\":\"https:\/\/www.cancerresearch.org\/#\/schema\/logo\/image\/\"}}]}<\/script>\n<!-- \/ Yoast SEO plugin. -->","yoast_head_json":{"title":"Tipos de tratamientos de inmunoterapia - Cancer Research Institute","robots":{"index":"index","follow":"follow","max-snippet":"max-snippet:-1","max-image-preview":"max-image-preview:large","max-video-preview":"max-video-preview:-1"},"canonical":"https:\/\/www.cancerresearch.org\/es\/immunotherapy-by-treatment-types","og_locale":"es_ES","og_type":"article","og_title":"Tipos de tratamientos de inmunoterapia - Cancer Research Institute","og_url":"https:\/\/www.cancerresearch.org\/es\/immunotherapy-by-treatment-types","og_site_name":"Cancer Research Institute","article_modified_time":"2023-08-10T16:52:51+00:00","og_image":[{"width":1192,"height":1250,"url":"https:\/\/www.cancerresearch.org\/wp-content\/uploads\/2022\/09\/group-of-colorized-cancer-cells.png","type":"image\/png"}],"twitter_card":"summary_large_image","twitter_misc":{"Tiempo de lectura":"1 minuto"},"schema":{"@context":"https:\/\/schema.org","@graph":[{"@type":"WebPage","@id":"https:\/\/www.cancerresearch.org\/es\/immunotherapy-by-treatment-types","url":"https:\/\/www.cancerresearch.org\/es\/immunotherapy-by-treatment-types","name":"Tipos de tratamientos de inmunoterapia - Cancer Research Institute","isPartOf":{"@id":"https:\/\/www.cancerresearch.org\/#website"},"primaryImageOfPage":{"@id":"https:\/\/www.cancerresearch.org\/es\/immunotherapy-by-treatment-types#primaryimage"},"image":{"@id":"https:\/\/www.cancerresearch.org\/es\/immunotherapy-by-treatment-types#primaryimage"},"thumbnailUrl":"https:\/\/www.cancerresearch.org\/wp-content\/uploads\/2022\/09\/group-of-colorized-cancer-cells.png","datePublished":"2022-08-10T14:39:27+00:00","dateModified":"2023-08-10T16:52:51+00:00","breadcrumb":{"@id":"https:\/\/www.cancerresearch.org\/es\/immunotherapy-by-treatment-types#breadcrumb"},"inLanguage":"es","potentialAction":[{"@type":"ReadAction","target":["https:\/\/www.cancerresearch.org\/es\/immunotherapy-by-treatment-types"]}]},{"@type":"ImageObject","inLanguage":"es","@id":"https:\/\/www.cancerresearch.org\/es\/immunotherapy-by-treatment-types#primaryimage","url":"https:\/\/www.cancerresearch.org\/wp-content\/uploads\/2022\/09\/group-of-colorized-cancer-cells.png","contentUrl":"https:\/\/www.cancerresearch.org\/wp-content\/uploads\/2022\/09\/group-of-colorized-cancer-cells.png","width":1192,"height":1250,"caption":"Colorized Cancer Cells"},{"@type":"BreadcrumbList","@id":"https:\/\/www.cancerresearch.org\/es\/immunotherapy-by-treatment-types#breadcrumb","itemListElement":[{"@type":"ListItem","position":1,"name":"Home","item":"https:\/\/www.cancerresearch.org\/es"},{"@type":"ListItem","position":2,"name":"Tipos de tratamientos de inmunoterapia"}]},{"@type":"WebSite","@id":"https:\/\/www.cancerresearch.org\/#website","url":"https:\/\/www.cancerresearch.org\/","name":"Cancer Research Institute","description":"For a World Immune to Cancer","publisher":{"@id":"https:\/\/www.cancerresearch.org\/#organization"},"potentialAction":[{"@type":"SearchAction","target":{"@type":"EntryPoint","urlTemplate":"https:\/\/www.cancerresearch.org\/?s={search_term_string}"},"query-input":{"@type":"PropertyValueSpecification","valueRequired":true,"valueName":"search_term_string"}}],"inLanguage":"es"},{"@type":"Organization","@id":"https:\/\/www.cancerresearch.org\/#organization","name":"Cancer Research Institute","url":"https:\/\/www.cancerresearch.org\/","logo":{"@type":"ImageObject","inLanguage":"es","@id":"https:\/\/www.cancerresearch.org\/#\/schema\/logo\/image\/","url":"https:\/\/www.cancerresearch.org\/wp-content\/uploads\/2025\/05\/logo-gradient.svg","contentUrl":"https:\/\/www.cancerresearch.org\/wp-content\/uploads\/2025\/05\/logo-gradient.svg","width":156,"height":53,"caption":"Cancer Research Institute"},"image":{"@id":"https:\/\/www.cancerresearch.org\/#\/schema\/logo\/image\/"}}]}},"_links":{"self":[{"href":"https:\/\/www.cancerresearch.org\/es\/wp-json\/wp\/v2\/pages\/24129","targetHints":{"allow":["GET"]}}],"collection":[{"href":"https:\/\/www.cancerresearch.org\/es\/wp-json\/wp\/v2\/pages"}],"about":[{"href":"https:\/\/www.cancerresearch.org\/es\/wp-json\/wp\/v2\/types\/page"}],"author":[{"embeddable":true,"href":"https:\/\/www.cancerresearch.org\/es\/wp-json\/wp\/v2\/users\/1"}],"replies":[{"embeddable":true,"href":"https:\/\/www.cancerresearch.org\/es\/wp-json\/wp\/v2\/comments?post=24129"}],"version-history":[{"count":0,"href":"https:\/\/www.cancerresearch.org\/es\/wp-json\/wp\/v2\/pages\/24129\/revisions"}],"wp:featuredmedia":[{"embeddable":true,"href":"https:\/\/www.cancerresearch.org\/es\/wp-json\/wp\/v2\/media\/24347"}],"wp:attachment":[{"href":"https:\/\/www.cancerresearch.org\/es\/wp-json\/wp\/v2\/media?parent=24129"}],"wp:term":[{"taxonomy":"resource_cancer_types","embeddable":true,"href":"https:\/\/www.cancerresearch.org\/es\/wp-json\/wp\/v2\/resource_cancer_types?post=24129"},{"taxonomy":"resource_patient_age","embeddable":true,"href":"https:\/\/www.cancerresearch.org\/es\/wp-json\/wp\/v2\/resource_patient_age?post=24129"},{"taxonomy":"resource_cancer_stage","embeddable":true,"href":"https:\/\/www.cancerresearch.org\/es\/wp-json\/wp\/v2\/resource_cancer_stage?post=24129"},{"taxonomy":"resource_treatment_type","embeddable":true,"href":"https:\/\/www.cancerresearch.org\/es\/wp-json\/wp\/v2\/resource_treatment_type?post=24129"},{"taxonomy":"resource_treatment_status","embeddable":true,"href":"https:\/\/www.cancerresearch.org\/es\/wp-json\/wp\/v2\/resource_treatment_status?post=24129"}],"curies":[{"name":"wp","href":"https:\/\/api.w.org\/{rel}","templated":true}]}}