{"id":24124,"date":"2022-08-16T14:29:31","date_gmt":"2022-08-16T18:29:31","guid":{"rendered":"https:\/\/www.cancerresearch.org\/patient-summits\/"},"modified":"2023-08-10T12:49:41","modified_gmt":"2023-08-10T16:49:41","slug":"patient-summits","status":"publish","type":"page","link":"https:\/\/www.cancerresearch.org\/es\/patient-summits","title":{"rendered":"Conferencias para pacientes"},"content":{"rendered":"<section id=\"section-block_100d3220dafb998069213f380d38301d\" class=\"section-block bg-type-image pattern-section-hero wp-block-acf-block-section\">\n      <picture class=\"bg-object\">\n            \n      <img loading=\"lazy\" decoding=\"async\" style=\"\" class=\"bg-image\" src=\"https:\/\/www.cancerresearch.org\/wp-content\/uploads\/2022\/10\/bg-hero-patient-summits-scaled.jpg\" alt=\"\" width=\"2560\" height=\"889\">\n    <\/picture>\n  \n    \n  <div class=\"is-layout-constrained section-inner\">\n\n<div class=\"wp-block-columns is-layout-flex wp-container-core-columns-is-layout-28f84493 wp-block-columns-is-layout-flex\">\n<div class=\"wp-block-column is-layout-flow wp-block-column-is-layout-flow\" style=\"flex-basis:360px\">\n\n\n<h1 class=\"has-white-color has-text-color wp-block-heading\">Patient <br\/>Summits<\/h1>\n<\/div>\n<\/div>\n\n<\/div>\n<\/section><section id=\"section-block_19a2926557c79ed18ab2c97856d25bc5\" class=\"section-block bg-type-solid padding-top-sm-0 wp-block-acf-block-section\">\n  \n    \n  <div class=\"is-layout-constrained section-inner\">\n\n<div class=\"wp-block-columns is-layout-flex wp-container-core-columns-is-layout-28f84493 wp-block-columns-is-layout-flex\">\n<div class=\"wp-block-column is-layout-flow wp-block-column-is-layout-flow\" style=\"flex-basis:67%\">\n<h2 class=\"wp-block-heading\">Conferencias para pacientes de inmunoterapia del CRI<\/h2>\n\n\n\n<p>Las conferencias para pacientes de inmunoterapia del Cancer Research Institute son eventos gratuitos y en l\u00ednea que ponen en contacto a pacientes de c\u00e1ncer y cuidadores con expertos cient\u00edficos y m\u00e9dicos para conocer los nuevos avances en inmunoterapia y ensayos cl\u00ednicos.<\/p>\n\n\n\n<p>Las conferencias son en espa\u00f1ol y en ingl\u00e9s, de modo de llegar a las comunidades en el idioma que les resulte m\u00e1s accesible y reducir la brecha de informaci\u00f3n.\u00a0\u00a0<\/p>\n\n\n\n<p>Ante cualquier duda, escr\u00edbanos a <a href=\"mailto:patients@cancerresearch.org\">patients@cancerresearch.org<\/a>.<\/p>\n\n\n\n<div style=\"height:10px\" aria-hidden=\"true\" class=\"wp-block-spacer\"><\/div>\n\n\n\n\n\n<div style=\"height:10px\" aria-hidden=\"true\" class=\"wp-block-spacer\"><\/div>\n\n\n\n\n\n<h3 class=\"wp-block-heading\">\u00bfEn qu\u00e9 consisten las conferencias para pacientes?<\/h3>\n\n\n\n<p>En las conferencias virtuales para pacientes de inmunoterapia los asistentes podr\u00e1n acceder a:<\/p>\n\n\n\n<ul class=\"wp-block-list\"><li>Una introducci\u00f3n al sistema inmunitario y los fundamentos de la inmunoterapia<\/li><li>Interactive cancer-specific breakout sessions with leading experts, including <a href=\"https:\/\/www.cancerresearch.org\/cancer-types\/bladder-cancer\/\">bladder cancer<\/a>, <a href=\"https:\/\/www.cancerresearch.org\/cancer-types\/breast-cancer\/\">breast cancer<\/a>, <a href=\"https:\/\/www.cancerresearch.org\/cancer-types\/lung-cancer\/\">lung cancer,<\/a> <a href=\"https:\/\/www.cancerresearch.org\/cancer-types\/melanoma\/\">melanoma<\/a>, and <a href=\"https:\/\/www.cancerresearch.org\/cancer-types\/prostate-cancer\/\">prostate cancer<\/a><\/li><li>Una visi\u00f3n general de los ensayos cl\u00ednicos de inmunoterapia y c\u00f3mo acceder a ellos<\/li><li>Un panel de pacientes tratados con inmunoterapia<\/li><li>Consultas virtuales, confidenciales y personalizadas con un asesor de ensayos cl\u00ednicos<\/li><\/ul>\n\n\n\n\n\n<h3 class=\"wp-block-heading\">\u00bfQu\u00e9 voy a aprender?<\/h3>\n\n\n\n<p>Podr\u00e1 conocer los aspectos b\u00e1sicos de la inmunoterapia y las \u00faltimas investigaciones, aprender m\u00e1s sobre los ensayos cl\u00ednicos y saber si son una buena alternativa para usted o un ser querido, y conocer la opini\u00f3n de los pacientes que recibieron tratamientos de inmunoterapia. Pero dejemos que lo expliquen algunos de los asistentes y oradores de la conferencia:<\/p>\n\n\n\n<figure class=\"wp-block-embed is-type-video is-provider-youtube wp-block-embed-youtube wp-embed-aspect-16-9 wp-has-aspect-ratio\"><div class=\"wp-block-embed__wrapper\">\n<iframe loading=\"lazy\" title=\"2021 CRI Virtual Immunotherapy Patient Summit Highlight Reel\" width=\"500\" height=\"281\" src=\"https:\/\/www.youtube.com\/embed\/ULvrzXgA4Ic?feature=oembed\" frameborder=\"0\" allow=\"accelerometer; autoplay; clipboard-write; encrypted-media; gyroscope; picture-in-picture; web-share\" referrerpolicy=\"strict-origin-when-cross-origin\" allowfullscreen><\/iframe>\n<\/div><\/figure>\n\n\n\n\n\n<h3 class=\"wp-block-heading\">\u00bfDeber\u00eda asistir?<\/h3>\n\n\n\n<p>Personas de todas las edades y con cualquier tipo de c\u00e1ncer pueden aprender en esta conferencia virtual. Tambi\u00e9n les resultar\u00e1 \u00fatil a los cuidadores, amigos, familiares y defensores de pacientes.<\/p>\n\n\n\n\n\n<h3 class=\"wp-block-heading\" id=\"block-heading-block_62e57d2a39898\">\u00bfC\u00f3mo puedo asistir en forma virtual?<\/h3>\n\n\n\n<ol class=\"wp-block-list\"><li>Inscr\u00edbase en el evento.<\/li><li>Recibir\u00e1 un enlace para acceder a la plataforma virtual.<\/li><li>Solo podr\u00e1 acceder a la plataforma en el momento de la transmisi\u00f3n en vivo del evento.<\/li><li>Poco despu\u00e9s de finalizado, compartiremos grabaciones de v\u00eddeo que podr\u00e1 ver desde la comodidad de su hogar.<\/li><\/ol>\n\n\n\n<p>Siga el evento en las redes sociales con el hashtag <mark style=\"background-color:rgba(0, 0, 0, 0);color:#dd510b\" class=\"has-inline-color\"><a href=\"https:\/\/twitter.com\/search?q=%23CRISummit&amp;src=typd\">#ConferenciasCRI<\/a><\/mark>.<\/p>\n\n\n\n\n\n<h3 class=\"wp-block-heading\">Agradecimientos<\/h3>\n\n\n\n<p>Agradecemos a nuestros patrocinadores por su generosa contribuci\u00f3n financiera para este programa, as\u00ed como a las instituciones educativas asociadas y a los defensores comunitarios que compartieron este recurso con sus comunidades.<\/p>\n\n\n\n\n\n<h3 class=\"wp-block-heading\" id=\"block-heading-block_62fad0fe0fc4d\">Conferencias anteriores:<\/h3>\n\n\n\n<ul class=\"wp-block-list\"><li><a href=\"https:\/\/bit.ly\/3CsITAj\" target=\"_blank\" rel=\"noreferrer noopener\">Segunda conferencia virtual anual en espa\u00f1ol (22 de septiembre de 2022)<\/a><\/li><li><a href=\"https:\/\/bit.ly\/3SSybII\" target=\"_blank\" rel=\"noreferrer noopener\">Primera conferencia virtual en espa\u00f1ol (16 de septiembre de 2021)<\/a><\/li><li>Segunda conferencia virtual anual (2021)<\/li><li>Conferencia virtual inaugural (2 y 3 de octubre, 5 de diciembre de 2020)<\/li><\/ul>\n\n\n\n<h3 class=\"wp-block-heading\" id=\"block-heading-block_62fad0fe0fc4d\"><a href=\"https:\/\/www.cancerresearch.org\/wp-content\/uploads\/2022\/08\/CRI_Immunotherapy_Patient_Summit_Baltimore_2019-11-16.pdf\" target=\"_blank\" rel=\"noreferrer noopener\"><\/a><\/h3>\n<\/div>\n\n\n\n<div class=\"wp-block-column is-layout-flow wp-block-column-is-layout-flow\" style=\"flex-basis:33%\">\n\n<h2 class=\"wp-block-heading\">Serie de Conferencias<\/h2>\n\n\n\n\n\n<figure class=\"wp-block-image size-full\"><a href=\"https:\/\/www.cancerresearch.org\/patient-summits\/2022-patient-summit\"><img loading=\"lazy\" decoding=\"async\" width=\"644\" height=\"400\" src=\"https:\/\/www.cancerresearch.org\/wp-content\/uploads\/2022\/10\/virtual-summit-2022.png\" alt=\"Virtual Summit 2022\" class=\"wp-image-26170\" srcset=\"https:\/\/www.cancerresearch.org\/wp-content\/uploads\/2022\/10\/virtual-summit-2022.png 644w, https:\/\/www.cancerresearch.org\/wp-content\/uploads\/2022\/10\/virtual-summit-2022-300x186.png 300w\" sizes=\"auto, (max-width: 644px) 100vw, 644px\" \/><\/a><\/figure>\n\n\n\n<figure class=\"wp-block-image size-full\"><a href=\"https:\/\/www.cancerresearch.org\/conferencia\"><img loading=\"lazy\" decoding=\"async\" width=\"644\" height=\"400\" src=\"https:\/\/www.cancerresearch.org\/wp-content\/uploads\/2022\/10\/virtual-summit-2021-es.png\" alt=\"Virtual Summit 2022 in Espanol\" class=\"wp-image-26168\" srcset=\"https:\/\/www.cancerresearch.org\/wp-content\/uploads\/2022\/10\/virtual-summit-2021-es.png 644w, https:\/\/www.cancerresearch.org\/wp-content\/uploads\/2022\/10\/virtual-summit-2021-es-300x186.png 300w\" sizes=\"auto, (max-width: 644px) 100vw, 644px\" \/><\/a><\/figure>\n\n<\/div>\n<\/div>\n\n<\/div>\n<\/section>","protected":false},"excerpt":{"rendered":"","protected":false},"author":1,"featured_media":0,"parent":0,"menu_order":82,"comment_status":"closed","ping_status":"closed","template":"","meta":{"_acf_changed":false,"inline_featured_image":false,"_cri_header_bg_color":"","footnotes":""},"resource_cancer_types":[],"resource_patient_age":[],"resource_cancer_stage":[],"resource_treatment_type":[],"resource_treatment_status":[],"class_list":["post-24124","page","type-page","status-publish","hentry"],"acf":[],"yoast_head":"<!-- This site is optimized with the Yoast SEO plugin v26.8 - https:\/\/yoast.com\/product\/yoast-seo-wordpress\/ -->\n<title>Conferencias para pacientes - Cancer Research Institute<\/title>\n<meta name=\"robots\" content=\"index, follow, max-snippet:-1, max-image-preview:large, max-video-preview:-1\" \/>\n<link rel=\"canonical\" href=\"https:\/\/www.cancerresearch.org\/es\/patient-summits\" \/>\n<meta property=\"og:locale\" content=\"es_ES\" \/>\n<meta property=\"og:type\" content=\"article\" \/>\n<meta property=\"og:title\" content=\"Conferencias para pacientes - Cancer Research Institute\" \/>\n<meta property=\"og:url\" content=\"https:\/\/www.cancerresearch.org\/es\/patient-summits\" \/>\n<meta property=\"og:site_name\" content=\"Cancer Research Institute\" \/>\n<meta property=\"article:modified_time\" content=\"2023-08-10T16:49:41+00:00\" \/>\n<meta property=\"og:image\" content=\"https:\/\/www.cancerresearch.org\/wp-content\/uploads\/2022\/10\/virtual-summit-2022.png\" \/>\n<meta name=\"twitter:card\" content=\"summary_large_image\" \/>\n<meta name=\"twitter:label1\" content=\"Tiempo de lectura\" \/>\n\t<meta name=\"twitter:data1\" content=\"4 minutos\" \/>\n<script type=\"application\/ld+json\" class=\"yoast-schema-graph\">{\"@context\":\"https:\/\/schema.org\",\"@graph\":[{\"@type\":\"WebPage\",\"@id\":\"https:\/\/www.cancerresearch.org\/es\/patient-summits\",\"url\":\"https:\/\/www.cancerresearch.org\/es\/patient-summits\",\"name\":\"Conferencias para pacientes - Cancer Research Institute\",\"isPartOf\":{\"@id\":\"https:\/\/www.cancerresearch.org\/#website\"},\"primaryImageOfPage\":{\"@id\":\"https:\/\/www.cancerresearch.org\/es\/patient-summits#primaryimage\"},\"image\":{\"@id\":\"https:\/\/www.cancerresearch.org\/es\/patient-summits#primaryimage\"},\"thumbnailUrl\":\"https:\/\/www.cancerresearch.org\/wp-content\/uploads\/2022\/10\/virtual-summit-2022.png\",\"datePublished\":\"2022-08-16T18:29:31+00:00\",\"dateModified\":\"2023-08-10T16:49:41+00:00\",\"breadcrumb\":{\"@id\":\"https:\/\/www.cancerresearch.org\/es\/patient-summits#breadcrumb\"},\"inLanguage\":\"es\",\"potentialAction\":[{\"@type\":\"ReadAction\",\"target\":[\"https:\/\/www.cancerresearch.org\/es\/patient-summits\"]}]},{\"@type\":\"ImageObject\",\"inLanguage\":\"es\",\"@id\":\"https:\/\/www.cancerresearch.org\/es\/patient-summits#primaryimage\",\"url\":\"https:\/\/www.cancerresearch.org\/wp-content\/uploads\/2022\/10\/virtual-summit-2022.png\",\"contentUrl\":\"https:\/\/www.cancerresearch.org\/wp-content\/uploads\/2022\/10\/virtual-summit-2022.png\"},{\"@type\":\"BreadcrumbList\",\"@id\":\"https:\/\/www.cancerresearch.org\/es\/patient-summits#breadcrumb\",\"itemListElement\":[{\"@type\":\"ListItem\",\"position\":1,\"name\":\"Home\",\"item\":\"https:\/\/www.cancerresearch.org\/es\"},{\"@type\":\"ListItem\",\"position\":2,\"name\":\"Conferencias para pacientes\"}]},{\"@type\":\"WebSite\",\"@id\":\"https:\/\/www.cancerresearch.org\/#website\",\"url\":\"https:\/\/www.cancerresearch.org\/\",\"name\":\"Cancer Research Institute\",\"description\":\"For a World Immune to Cancer\",\"publisher\":{\"@id\":\"https:\/\/www.cancerresearch.org\/#organization\"},\"potentialAction\":[{\"@type\":\"SearchAction\",\"target\":{\"@type\":\"EntryPoint\",\"urlTemplate\":\"https:\/\/www.cancerresearch.org\/?s={search_term_string}\"},\"query-input\":{\"@type\":\"PropertyValueSpecification\",\"valueRequired\":true,\"valueName\":\"search_term_string\"}}],\"inLanguage\":\"es\"},{\"@type\":\"Organization\",\"@id\":\"https:\/\/www.cancerresearch.org\/#organization\",\"name\":\"Cancer Research Institute\",\"url\":\"https:\/\/www.cancerresearch.org\/\",\"logo\":{\"@type\":\"ImageObject\",\"inLanguage\":\"es\",\"@id\":\"https:\/\/www.cancerresearch.org\/#\/schema\/logo\/image\/\",\"url\":\"https:\/\/www.cancerresearch.org\/wp-content\/uploads\/2025\/05\/logo-gradient.svg\",\"contentUrl\":\"https:\/\/www.cancerresearch.org\/wp-content\/uploads\/2025\/05\/logo-gradient.svg\",\"width\":156,\"height\":53,\"caption\":\"Cancer Research Institute\"},\"image\":{\"@id\":\"https:\/\/www.cancerresearch.org\/#\/schema\/logo\/image\/\"}}]}<\/script>\n<!-- \/ Yoast SEO plugin. -->","yoast_head_json":{"title":"Conferencias para pacientes - Cancer Research Institute","robots":{"index":"index","follow":"follow","max-snippet":"max-snippet:-1","max-image-preview":"max-image-preview:large","max-video-preview":"max-video-preview:-1"},"canonical":"https:\/\/www.cancerresearch.org\/es\/patient-summits","og_locale":"es_ES","og_type":"article","og_title":"Conferencias para pacientes - Cancer Research Institute","og_url":"https:\/\/www.cancerresearch.org\/es\/patient-summits","og_site_name":"Cancer Research Institute","article_modified_time":"2023-08-10T16:49:41+00:00","og_image":[{"url":"https:\/\/www.cancerresearch.org\/wp-content\/uploads\/2022\/10\/virtual-summit-2022.png","type":"","width":"","height":""}],"twitter_card":"summary_large_image","twitter_misc":{"Tiempo de lectura":"4 minutos"},"schema":{"@context":"https:\/\/schema.org","@graph":[{"@type":"WebPage","@id":"https:\/\/www.cancerresearch.org\/es\/patient-summits","url":"https:\/\/www.cancerresearch.org\/es\/patient-summits","name":"Conferencias para pacientes - Cancer Research Institute","isPartOf":{"@id":"https:\/\/www.cancerresearch.org\/#website"},"primaryImageOfPage":{"@id":"https:\/\/www.cancerresearch.org\/es\/patient-summits#primaryimage"},"image":{"@id":"https:\/\/www.cancerresearch.org\/es\/patient-summits#primaryimage"},"thumbnailUrl":"https:\/\/www.cancerresearch.org\/wp-content\/uploads\/2022\/10\/virtual-summit-2022.png","datePublished":"2022-08-16T18:29:31+00:00","dateModified":"2023-08-10T16:49:41+00:00","breadcrumb":{"@id":"https:\/\/www.cancerresearch.org\/es\/patient-summits#breadcrumb"},"inLanguage":"es","potentialAction":[{"@type":"ReadAction","target":["https:\/\/www.cancerresearch.org\/es\/patient-summits"]}]},{"@type":"ImageObject","inLanguage":"es","@id":"https:\/\/www.cancerresearch.org\/es\/patient-summits#primaryimage","url":"https:\/\/www.cancerresearch.org\/wp-content\/uploads\/2022\/10\/virtual-summit-2022.png","contentUrl":"https:\/\/www.cancerresearch.org\/wp-content\/uploads\/2022\/10\/virtual-summit-2022.png"},{"@type":"BreadcrumbList","@id":"https:\/\/www.cancerresearch.org\/es\/patient-summits#breadcrumb","itemListElement":[{"@type":"ListItem","position":1,"name":"Home","item":"https:\/\/www.cancerresearch.org\/es"},{"@type":"ListItem","position":2,"name":"Conferencias para pacientes"}]},{"@type":"WebSite","@id":"https:\/\/www.cancerresearch.org\/#website","url":"https:\/\/www.cancerresearch.org\/","name":"Cancer Research Institute","description":"For a World Immune to Cancer","publisher":{"@id":"https:\/\/www.cancerresearch.org\/#organization"},"potentialAction":[{"@type":"SearchAction","target":{"@type":"EntryPoint","urlTemplate":"https:\/\/www.cancerresearch.org\/?s={search_term_string}"},"query-input":{"@type":"PropertyValueSpecification","valueRequired":true,"valueName":"search_term_string"}}],"inLanguage":"es"},{"@type":"Organization","@id":"https:\/\/www.cancerresearch.org\/#organization","name":"Cancer Research Institute","url":"https:\/\/www.cancerresearch.org\/","logo":{"@type":"ImageObject","inLanguage":"es","@id":"https:\/\/www.cancerresearch.org\/#\/schema\/logo\/image\/","url":"https:\/\/www.cancerresearch.org\/wp-content\/uploads\/2025\/05\/logo-gradient.svg","contentUrl":"https:\/\/www.cancerresearch.org\/wp-content\/uploads\/2025\/05\/logo-gradient.svg","width":156,"height":53,"caption":"Cancer Research Institute"},"image":{"@id":"https:\/\/www.cancerresearch.org\/#\/schema\/logo\/image\/"}}]}},"_links":{"self":[{"href":"https:\/\/www.cancerresearch.org\/es\/wp-json\/wp\/v2\/pages\/24124","targetHints":{"allow":["GET"]}}],"collection":[{"href":"https:\/\/www.cancerresearch.org\/es\/wp-json\/wp\/v2\/pages"}],"about":[{"href":"https:\/\/www.cancerresearch.org\/es\/wp-json\/wp\/v2\/types\/page"}],"author":[{"embeddable":true,"href":"https:\/\/www.cancerresearch.org\/es\/wp-json\/wp\/v2\/users\/1"}],"replies":[{"embeddable":true,"href":"https:\/\/www.cancerresearch.org\/es\/wp-json\/wp\/v2\/comments?post=24124"}],"version-history":[{"count":0,"href":"https:\/\/www.cancerresearch.org\/es\/wp-json\/wp\/v2\/pages\/24124\/revisions"}],"wp:attachment":[{"href":"https:\/\/www.cancerresearch.org\/es\/wp-json\/wp\/v2\/media?parent=24124"}],"wp:term":[{"taxonomy":"resource_cancer_types","embeddable":true,"href":"https:\/\/www.cancerresearch.org\/es\/wp-json\/wp\/v2\/resource_cancer_types?post=24124"},{"taxonomy":"resource_patient_age","embeddable":true,"href":"https:\/\/www.cancerresearch.org\/es\/wp-json\/wp\/v2\/resource_patient_age?post=24124"},{"taxonomy":"resource_cancer_stage","embeddable":true,"href":"https:\/\/www.cancerresearch.org\/es\/wp-json\/wp\/v2\/resource_cancer_stage?post=24124"},{"taxonomy":"resource_treatment_type","embeddable":true,"href":"https:\/\/www.cancerresearch.org\/es\/wp-json\/wp\/v2\/resource_treatment_type?post=24124"},{"taxonomy":"resource_treatment_status","embeddable":true,"href":"https:\/\/www.cancerresearch.org\/es\/wp-json\/wp\/v2\/resource_treatment_status?post=24124"}],"curies":[{"name":"wp","href":"https:\/\/api.w.org\/{rel}","templated":true}]}}