{"id":24112,"date":"2022-09-07T19:39:11","date_gmt":"2022-09-07T23:39:11","guid":{"rendered":"https:\/\/www.cancerresearch.org\/awards-honors\/"},"modified":"2023-06-06T13:43:25","modified_gmt":"2023-06-06T17:43:25","slug":"awards-honors","status":"publish","type":"page","link":"https:\/\/www.cancerresearch.org\/es\/awards-honors","title":{"rendered":"Premios y Reconocimientos"},"content":{"rendered":"<section id=\"section-block_478504f2b89cc1510f112dfa8db44ed9\" class=\"section-block bg-type-lottie pattern-section-hero wp-block-acf-block-section\">\n  \n    \n  <div class=\"is-layout-constrained section-inner\">\n\n<div class=\"wp-block-columns is-layout-flex wp-container-core-columns-is-layout-28f84493 wp-block-columns-is-layout-flex\">\n<div class=\"wp-block-column is-layout-flow wp-block-column-is-layout-flow\" style=\"flex-basis:360px\">\n\n\n<h1 class=\"wp-block-heading has-white-color has-text-color\">Premios y Reconocimientos<\/h1>\n<\/div>\n<\/div>\n\n<\/div>\n<\/section>\n\n<section id=\"section-block_d2252313b1bcb4ccb48fef4b8b8049d5\" class=\"section-block bg-type-solid wp-block-acf-block-section\">\n  \n    \n  <div class=\"is-layout-constrained section-inner\">\n\n<div class=\"wp-block-columns is-layout-flex wp-container-core-columns-is-layout-28f84493 wp-block-columns-is-layout-flex\">\n<div class=\"wp-block-column is-layout-flow wp-block-column-is-layout-flow\" style=\"flex-basis:67%\">\n<p>Todos los a\u00f1os, el CRI otorga sus m\u00e1ximos galardones cient\u00edficos (el premio William B. Coley a la Investigaci\u00f3n destacada en inmunolog\u00eda b\u00e1sica y tumoral, y el premio Frederick W. Alt a los Nuevos hallazgos en inmunolog\u00eda) a destacados cient\u00edficos cuyas investigaciones han tenido un impacto significativo en los campos de la inmunolog\u00eda y la inmunoterapia del c\u00e1ncer.<\/p>\n\n\n\n<div style=\"height:40px\" aria-hidden=\"true\" class=\"wp-block-spacer\"><\/div>\n\n\n\n<div class=\"wp-block-columns is-layout-flex wp-container-core-columns-is-layout-8a3a412e wp-block-columns-is-layout-flex\" style=\"margin-bottom:40px\">\n<div class=\"wp-block-column is-layout-flow wp-block-column-is-layout-flow\" style=\"flex-basis:25%\">\n<figure class=\"wp-block-image size-full\"><img loading=\"lazy\" decoding=\"async\" width=\"371\" height=\"371\" src=\"https:\/\/www.cancerresearch.org\/wp-content\/uploads\/2022\/09\/GettyImages-542933832.png\" alt=\"William B. Coley\" class=\"wp-image-23760\" srcset=\"https:\/\/www.cancerresearch.org\/wp-content\/uploads\/2022\/09\/GettyImages-542933832.png 371w, https:\/\/www.cancerresearch.org\/wp-content\/uploads\/2022\/09\/GettyImages-542933832-300x300.png 300w, https:\/\/www.cancerresearch.org\/wp-content\/uploads\/2022\/09\/GettyImages-542933832-150x150.png 150w\" sizes=\"auto, (max-width: 371px) 100vw, 371px\" \/><\/figure>\n<\/div>\n\n\n\n<div class=\"wp-block-column is-layout-flow wp-block-column-is-layout-flow\" style=\"flex-basis:75%\">\n\n\n<h2 class=\"wp-block-heading\">Premio William B. Coley<\/h2>\n\n\n\n<p><strong>a la Investigaci\u00f3n destacada en inmunolog\u00eda b\u00e1sica y tumoral<\/strong><\/p>\n\n\n\n<p>El premio William B. Coley a la Investigaci\u00f3n destacada en Inmunolog\u00eda b\u00e1sica y tumoral se ha otorgado a algunos de los cient\u00edficos m\u00e1s talentosos del mundo. Sus trabajos han permitido mejorar nuestro conocimiento de la respuesta del sistema inmunitario al c\u00e1ncer y otras enfermedades, y avanzar en el desarrollo de inmunoterapias eficaces.<\/p>\n\n\n<\/div>\n<\/div>\n\n\n\n<div style=\"height:40px\" aria-hidden=\"true\" class=\"wp-block-spacer\"><\/div>\n\n\n\n<div class=\"wp-block-columns is-layout-flex wp-container-core-columns-is-layout-8a3a412e wp-block-columns-is-layout-flex\" style=\"margin-bottom:40px\">\n<div class=\"wp-block-column is-layout-flow wp-block-column-is-layout-flow\" style=\"flex-basis:25%\">\n<figure class=\"wp-block-image size-full\"><img loading=\"lazy\" decoding=\"async\" width=\"371\" height=\"371\" src=\"https:\/\/www.cancerresearch.org\/wp-content\/uploads\/2022\/09\/GettyImages-1171310778.png\" alt=\"Foto de Lloyd J. Old\" class=\"wp-image-23780\" srcset=\"https:\/\/www.cancerresearch.org\/wp-content\/uploads\/2022\/09\/GettyImages-1171310778.png 371w, https:\/\/www.cancerresearch.org\/wp-content\/uploads\/2022\/09\/GettyImages-1171310778-300x300.png 300w, https:\/\/www.cancerresearch.org\/wp-content\/uploads\/2022\/09\/GettyImages-1171310778-150x150.png 150w\" sizes=\"auto, (max-width: 371px) 100vw, 371px\" \/><\/figure>\n<\/div>\n\n\n\n<div class=\"wp-block-column is-layout-flow wp-block-column-is-layout-flow\" style=\"flex-basis:75%\">\n\n\n<h2 class=\"wp-block-heading\">Premio Lloyd J. Old<\/h2>\n\n\n\n<p><strong>a la Inmunolog\u00eda del c\u00e1ncer<\/strong><\/p>\n\n\n\n<p>El Premio Lloyd J. Old de AACR-CRI a la Inmunolog\u00eda del c\u00e1ncer reconoce a los cient\u00edficos en actividad cuya investigaci\u00f3n sobresaliente e innovadora ha tenido una gran repercusi\u00f3n en el campo del c\u00e1ncer y tiene el potencial de impulsar nuevos rumbos en la inmunolog\u00eda del c\u00e1ncer.<\/p>\n\n\n<\/div>\n<\/div>\n\n\n\n<div style=\"height:40px\" aria-hidden=\"true\" class=\"wp-block-spacer\"><\/div>\n\n\n\n<div class=\"wp-block-columns is-layout-flex wp-container-core-columns-is-layout-8a3a412e wp-block-columns-is-layout-flex\" style=\"margin-bottom:40px\">\n<div class=\"wp-block-column is-layout-flow wp-block-column-is-layout-flow\" style=\"flex-basis:25%\">\n<figure class=\"wp-block-image size-full\"><img loading=\"lazy\" decoding=\"async\" width=\"371\" height=\"371\" src=\"https:\/\/www.cancerresearch.org\/wp-content\/uploads\/2022\/09\/GettyImages-542933832-1.png\" alt=\"Frederick W. Alt\" class=\"wp-image-23782\" srcset=\"https:\/\/www.cancerresearch.org\/wp-content\/uploads\/2022\/09\/GettyImages-542933832-1.png 371w, https:\/\/www.cancerresearch.org\/wp-content\/uploads\/2022\/09\/GettyImages-542933832-1-300x300.png 300w, https:\/\/www.cancerresearch.org\/wp-content\/uploads\/2022\/09\/GettyImages-542933832-1-150x150.png 150w\" sizes=\"auto, (max-width: 371px) 100vw, 371px\" \/><\/figure>\n<\/div>\n\n\n\n<div class=\"wp-block-column is-layout-flow wp-block-column-is-layout-flow\" style=\"flex-basis:75%\">\n\n\n<h2 class=\"wp-block-heading\">Premio Frederick W. Alt<\/h2>\n\n\n\n<p><strong>a los nuevos hallazgos en inmunolog\u00eda<\/strong><\/p>\n\n\n\n<p>El premio Frederick W. Alt a los Nuevos hallazgos en inmunolog\u00eda se otorga anualmente a exbecarios de posdoctorado del Cancer Research Institute, en reconocimiento a sus destacados logros en el mundo acad\u00e9mico o de la industria en investigaciones con gran repercusi\u00f3n en el campo de la inmunolog\u00eda.<\/p>\n\n\n<\/div>\n<\/div>\n\n\n\n<div style=\"height:70px\" aria-hidden=\"true\" class=\"wp-block-spacer\"><\/div>\n<\/div>\n\n\n\n<div class=\"wp-block-column is-layout-flow wp-block-column-is-layout-flow\" style=\"flex-basis:33%\"><\/div>\n<\/div>\n\n<\/div>\n<\/section>","protected":false},"excerpt":{"rendered":"","protected":false},"author":1,"featured_media":0,"parent":0,"menu_order":51,"comment_status":"closed","ping_status":"closed","template":"","meta":{"_acf_changed":false,"inline_featured_image":false,"_cri_header_bg_color":"","footnotes":""},"resource_cancer_types":[],"resource_patient_age":[],"resource_cancer_stage":[],"resource_treatment_type":[],"resource_treatment_status":[],"class_list":["post-24112","page","type-page","status-publish","hentry"],"acf":[],"yoast_head":"<!-- This site is optimized with the Yoast SEO plugin v26.8 - https:\/\/yoast.com\/product\/yoast-seo-wordpress\/ -->\n<title>Premios y Reconocimientos - Cancer Research Institute<\/title>\n<meta name=\"robots\" content=\"index, follow, max-snippet:-1, max-image-preview:large, max-video-preview:-1\" \/>\n<link rel=\"canonical\" href=\"https:\/\/www.cancerresearch.org\/es\/awards-honors\" \/>\n<meta property=\"og:locale\" content=\"es_ES\" \/>\n<meta property=\"og:type\" content=\"article\" \/>\n<meta property=\"og:title\" content=\"Premios y Reconocimientos - Cancer Research Institute\" \/>\n<meta property=\"og:url\" content=\"https:\/\/www.cancerresearch.org\/es\/awards-honors\" \/>\n<meta property=\"og:site_name\" content=\"Cancer Research Institute\" \/>\n<meta property=\"article:modified_time\" content=\"2023-06-06T17:43:25+00:00\" \/>\n<meta property=\"og:image\" content=\"https:\/\/www.cancerresearch.org\/wp-content\/uploads\/2022\/09\/GettyImages-542933832.png\" \/>\n<meta name=\"twitter:card\" content=\"summary_large_image\" \/>\n<meta name=\"twitter:label1\" content=\"Tiempo de lectura\" \/>\n\t<meta name=\"twitter:data1\" content=\"2 minutos\" \/>\n<script type=\"application\/ld+json\" class=\"yoast-schema-graph\">{\"@context\":\"https:\/\/schema.org\",\"@graph\":[{\"@type\":\"WebPage\",\"@id\":\"https:\/\/www.cancerresearch.org\/es\/awards-honors\",\"url\":\"https:\/\/www.cancerresearch.org\/es\/awards-honors\",\"name\":\"Premios y Reconocimientos - Cancer Research Institute\",\"isPartOf\":{\"@id\":\"https:\/\/www.cancerresearch.org\/#website\"},\"primaryImageOfPage\":{\"@id\":\"https:\/\/www.cancerresearch.org\/es\/awards-honors#primaryimage\"},\"image\":{\"@id\":\"https:\/\/www.cancerresearch.org\/es\/awards-honors#primaryimage\"},\"thumbnailUrl\":\"https:\/\/www.cancerresearch.org\/wp-content\/uploads\/2022\/09\/GettyImages-542933832.png\",\"datePublished\":\"2022-09-07T23:39:11+00:00\",\"dateModified\":\"2023-06-06T17:43:25+00:00\",\"breadcrumb\":{\"@id\":\"https:\/\/www.cancerresearch.org\/es\/awards-honors#breadcrumb\"},\"inLanguage\":\"es\",\"potentialAction\":[{\"@type\":\"ReadAction\",\"target\":[\"https:\/\/www.cancerresearch.org\/es\/awards-honors\"]}]},{\"@type\":\"ImageObject\",\"inLanguage\":\"es\",\"@id\":\"https:\/\/www.cancerresearch.org\/es\/awards-honors#primaryimage\",\"url\":\"https:\/\/www.cancerresearch.org\/wp-content\/uploads\/2022\/09\/GettyImages-542933832.png\",\"contentUrl\":\"https:\/\/www.cancerresearch.org\/wp-content\/uploads\/2022\/09\/GettyImages-542933832.png\"},{\"@type\":\"BreadcrumbList\",\"@id\":\"https:\/\/www.cancerresearch.org\/es\/awards-honors#breadcrumb\",\"itemListElement\":[{\"@type\":\"ListItem\",\"position\":1,\"name\":\"Home\",\"item\":\"https:\/\/www.cancerresearch.org\/es\"},{\"@type\":\"ListItem\",\"position\":2,\"name\":\"Premios y Reconocimientos\"}]},{\"@type\":\"WebSite\",\"@id\":\"https:\/\/www.cancerresearch.org\/#website\",\"url\":\"https:\/\/www.cancerresearch.org\/\",\"name\":\"Cancer Research Institute\",\"description\":\"For a World Immune to Cancer\",\"publisher\":{\"@id\":\"https:\/\/www.cancerresearch.org\/#organization\"},\"potentialAction\":[{\"@type\":\"SearchAction\",\"target\":{\"@type\":\"EntryPoint\",\"urlTemplate\":\"https:\/\/www.cancerresearch.org\/?s={search_term_string}\"},\"query-input\":{\"@type\":\"PropertyValueSpecification\",\"valueRequired\":true,\"valueName\":\"search_term_string\"}}],\"inLanguage\":\"es\"},{\"@type\":\"Organization\",\"@id\":\"https:\/\/www.cancerresearch.org\/#organization\",\"name\":\"Cancer Research Institute\",\"url\":\"https:\/\/www.cancerresearch.org\/\",\"logo\":{\"@type\":\"ImageObject\",\"inLanguage\":\"es\",\"@id\":\"https:\/\/www.cancerresearch.org\/#\/schema\/logo\/image\/\",\"url\":\"https:\/\/www.cancerresearch.org\/wp-content\/uploads\/2025\/05\/logo-gradient.svg\",\"contentUrl\":\"https:\/\/www.cancerresearch.org\/wp-content\/uploads\/2025\/05\/logo-gradient.svg\",\"width\":156,\"height\":53,\"caption\":\"Cancer Research Institute\"},\"image\":{\"@id\":\"https:\/\/www.cancerresearch.org\/#\/schema\/logo\/image\/\"}}]}<\/script>\n<!-- \/ Yoast SEO plugin. -->","yoast_head_json":{"title":"Premios y Reconocimientos - Cancer Research Institute","robots":{"index":"index","follow":"follow","max-snippet":"max-snippet:-1","max-image-preview":"max-image-preview:large","max-video-preview":"max-video-preview:-1"},"canonical":"https:\/\/www.cancerresearch.org\/es\/awards-honors","og_locale":"es_ES","og_type":"article","og_title":"Premios y Reconocimientos - Cancer Research Institute","og_url":"https:\/\/www.cancerresearch.org\/es\/awards-honors","og_site_name":"Cancer Research Institute","article_modified_time":"2023-06-06T17:43:25+00:00","og_image":[{"url":"https:\/\/www.cancerresearch.org\/wp-content\/uploads\/2022\/09\/GettyImages-542933832.png","type":"","width":"","height":""}],"twitter_card":"summary_large_image","twitter_misc":{"Tiempo de lectura":"2 minutos"},"schema":{"@context":"https:\/\/schema.org","@graph":[{"@type":"WebPage","@id":"https:\/\/www.cancerresearch.org\/es\/awards-honors","url":"https:\/\/www.cancerresearch.org\/es\/awards-honors","name":"Premios y Reconocimientos - Cancer Research Institute","isPartOf":{"@id":"https:\/\/www.cancerresearch.org\/#website"},"primaryImageOfPage":{"@id":"https:\/\/www.cancerresearch.org\/es\/awards-honors#primaryimage"},"image":{"@id":"https:\/\/www.cancerresearch.org\/es\/awards-honors#primaryimage"},"thumbnailUrl":"https:\/\/www.cancerresearch.org\/wp-content\/uploads\/2022\/09\/GettyImages-542933832.png","datePublished":"2022-09-07T23:39:11+00:00","dateModified":"2023-06-06T17:43:25+00:00","breadcrumb":{"@id":"https:\/\/www.cancerresearch.org\/es\/awards-honors#breadcrumb"},"inLanguage":"es","potentialAction":[{"@type":"ReadAction","target":["https:\/\/www.cancerresearch.org\/es\/awards-honors"]}]},{"@type":"ImageObject","inLanguage":"es","@id":"https:\/\/www.cancerresearch.org\/es\/awards-honors#primaryimage","url":"https:\/\/www.cancerresearch.org\/wp-content\/uploads\/2022\/09\/GettyImages-542933832.png","contentUrl":"https:\/\/www.cancerresearch.org\/wp-content\/uploads\/2022\/09\/GettyImages-542933832.png"},{"@type":"BreadcrumbList","@id":"https:\/\/www.cancerresearch.org\/es\/awards-honors#breadcrumb","itemListElement":[{"@type":"ListItem","position":1,"name":"Home","item":"https:\/\/www.cancerresearch.org\/es"},{"@type":"ListItem","position":2,"name":"Premios y Reconocimientos"}]},{"@type":"WebSite","@id":"https:\/\/www.cancerresearch.org\/#website","url":"https:\/\/www.cancerresearch.org\/","name":"Cancer Research Institute","description":"For a World Immune to Cancer","publisher":{"@id":"https:\/\/www.cancerresearch.org\/#organization"},"potentialAction":[{"@type":"SearchAction","target":{"@type":"EntryPoint","urlTemplate":"https:\/\/www.cancerresearch.org\/?s={search_term_string}"},"query-input":{"@type":"PropertyValueSpecification","valueRequired":true,"valueName":"search_term_string"}}],"inLanguage":"es"},{"@type":"Organization","@id":"https:\/\/www.cancerresearch.org\/#organization","name":"Cancer Research Institute","url":"https:\/\/www.cancerresearch.org\/","logo":{"@type":"ImageObject","inLanguage":"es","@id":"https:\/\/www.cancerresearch.org\/#\/schema\/logo\/image\/","url":"https:\/\/www.cancerresearch.org\/wp-content\/uploads\/2025\/05\/logo-gradient.svg","contentUrl":"https:\/\/www.cancerresearch.org\/wp-content\/uploads\/2025\/05\/logo-gradient.svg","width":156,"height":53,"caption":"Cancer Research Institute"},"image":{"@id":"https:\/\/www.cancerresearch.org\/#\/schema\/logo\/image\/"}}]}},"_links":{"self":[{"href":"https:\/\/www.cancerresearch.org\/es\/wp-json\/wp\/v2\/pages\/24112","targetHints":{"allow":["GET"]}}],"collection":[{"href":"https:\/\/www.cancerresearch.org\/es\/wp-json\/wp\/v2\/pages"}],"about":[{"href":"https:\/\/www.cancerresearch.org\/es\/wp-json\/wp\/v2\/types\/page"}],"author":[{"embeddable":true,"href":"https:\/\/www.cancerresearch.org\/es\/wp-json\/wp\/v2\/users\/1"}],"replies":[{"embeddable":true,"href":"https:\/\/www.cancerresearch.org\/es\/wp-json\/wp\/v2\/comments?post=24112"}],"version-history":[{"count":0,"href":"https:\/\/www.cancerresearch.org\/es\/wp-json\/wp\/v2\/pages\/24112\/revisions"}],"wp:attachment":[{"href":"https:\/\/www.cancerresearch.org\/es\/wp-json\/wp\/v2\/media?parent=24112"}],"wp:term":[{"taxonomy":"resource_cancer_types","embeddable":true,"href":"https:\/\/www.cancerresearch.org\/es\/wp-json\/wp\/v2\/resource_cancer_types?post=24112"},{"taxonomy":"resource_patient_age","embeddable":true,"href":"https:\/\/www.cancerresearch.org\/es\/wp-json\/wp\/v2\/resource_patient_age?post=24112"},{"taxonomy":"resource_cancer_stage","embeddable":true,"href":"https:\/\/www.cancerresearch.org\/es\/wp-json\/wp\/v2\/resource_cancer_stage?post=24112"},{"taxonomy":"resource_treatment_type","embeddable":true,"href":"https:\/\/www.cancerresearch.org\/es\/wp-json\/wp\/v2\/resource_treatment_type?post=24112"},{"taxonomy":"resource_treatment_status","embeddable":true,"href":"https:\/\/www.cancerresearch.org\/es\/wp-json\/wp\/v2\/resource_treatment_status?post=24112"}],"curies":[{"name":"wp","href":"https:\/\/api.w.org\/{rel}","templated":true}]}}